{"id":3937,"date":"2023-05-09T14:27:43","date_gmt":"2023-05-09T13:27:43","guid":{"rendered":"https:\/\/www.sapiosciences.com\/soluzioni-solo-parent\/flow-cytometry\/"},"modified":"2023-10-18T15:39:36","modified_gmt":"2023-10-18T15:39:36","slug":"flow-cytometry","status":"publish","type":"page","link":"https:\/\/www.sapiosciences.com\/it\/soluzioni\/flow-cytometry\/","title":{"rendered":"Analisi dei dati per la citometria a flusso"},"content":{"rendered":"\n<section class=\"wp-block-mkl-section-block has-lightgrey-background-color\">\n<div class=\"wp-block-mkl-section-block container  pt-xs pb-xxs\">\n<div class=\"wp-block-columns is-layout-flex wp-container-core-columns-is-layout-28f84493 wp-block-columns-is-layout-flex\">\n<div class=\"wp-block-column is-vertically-aligned-center is-layout-flow wp-block-column-is-layout-flow\">\n<h1 class=\"wp-block-heading\">Flow ELN di Sapio<\/h1>\n\n\n\n<p>Affidati alle funzioni potenti e completamente integrate di Flow ELN di Sapio per automatizzare e rendere pi\u00f9 efficienti le tue analisi dei dati per la citometria a flusso.<\/p>\n\n\n\n<div class=\"wp-block-buttons is-layout-flex wp-block-buttons-is-layout-flex\">\n<div class=\"wp-block-button has-custom-font-size multi-link has-small-font-size\"><a class=\"wp-block-button__link has-orange-to-red-gradient-background has-background wp-element-button\" href=\"https:\/\/www.sapiosciences.com\/it\/richiedi-una-demo\/\">Richiedi una demo<\/a><\/div>\n<\/div>\n<\/div>\n\n\n\n<div class=\"wp-block-column is-layout-flow wp-block-column-is-layout-flow\">\n<figure class=\"wp-block-image size-full\"><img loading=\"lazy\" decoding=\"async\" width=\"592\" height=\"451\" src=\"https:\/\/www.sapiosciences.com\/wp-content\/uploads\/2023\/05\/hd-flow-cytometry.webp\" alt=\"citometria a flusso hd\" class=\"wp-image-943\" srcset=\"https:\/\/www.sapiosciences.com\/wp-content\/uploads\/2023\/05\/hd-flow-cytometry.webp 592w, https:\/\/www.sapiosciences.com\/wp-content\/uploads\/2023\/05\/hd-flow-cytometry-300x229.webp 300w\" sizes=\"auto, (max-width: 592px) 100vw, 592px\" \/><\/figure>\n<\/div>\n<\/div>\n<\/div>\n<\/section>\n\n<section class=\"wp-block-mkl-section-block\">\n<div class=\"wp-block-mkl-section-block container\">\n<div class=\"wp-block-columns is-layout-flex wp-container-core-columns-is-layout-28f84493 wp-block-columns-is-layout-flex\">\n<div class=\"wp-block-column is-layout-flow wp-block-column-is-layout-flow\" style=\"flex-basis:70%\">\n<h2 class=\"wp-block-heading\">Flow ELN di Sapio &#8211; Analisi dei dati per la citometria a flusso<\/h2>\n\n\n\n<p><strong>I dati della <a href=\"https:\/\/www.sapiosciences.com\/blog\/what-is-flow-cytometry\/\">citometria a flusso <\/a>sono uno strumento prezioso utilizzato da molti laboratori nelle loro attivit\u00e0 di R&amp;S. Scienziate e scienziati dedicano una grande quantit\u00e0 di tempo a questa attivit\u00e0, e questo spesso rallenta la loro ricerca. I clienti Sapio utilizzano molto spesso Flow ELN nella piattaforma per l\u2019informatica di laboratorio Sapio denominata <a href=\"https:\/\/www.sapiosciences.com\/it\/prodotti\/sapio-eln\/\">Quaderno di laboratorio elettronico<\/a> (Electronic Lab Notebook, ELN) e hanno segnalato l&#8217;esigenza di strumenti in grado di facilitare la valutazione dei dati della citometria a flusso.<\/strong><\/p>\n\n\n\n<p>Le conoscenze di Sapio sono maturate nel settore dell&#8217;apprendimento automatico, e la nostra azienda applica l&#8217;esperienza acquisita a numerose aree, tra cui l&#8217;analisi dei dati per la citometria di flusso nella nostra piattaforma ELN. Per esempio, applichiamo automaticamente un processo di inibizione (gating) ai dati FCS attraverso l&#8217;apprendimento automatico per aumentare l&#8217;efficacia del lavoro di scienziate e scienziati in una delle attivit\u00e0 di analisi dei dati di flusso pi\u00f9 onerose.<\/p>\n\n\n\n<figure class=\"wp-block-image size-full\"><img loading=\"lazy\" decoding=\"async\" width=\"700\" height=\"550\" src=\"https:\/\/www.sapiosciences.com\/wp-content\/uploads\/2023\/05\/sapio-flow-cytometry.png\" alt=\"citometria a flusso sapio\" class=\"wp-image-761\" srcset=\"https:\/\/www.sapiosciences.com\/wp-content\/uploads\/2023\/05\/sapio-flow-cytometry.png 700w, https:\/\/www.sapiosciences.com\/wp-content\/uploads\/2023\/05\/sapio-flow-cytometry-300x236.png 300w\" sizes=\"auto, (max-width: 700px) 100vw, 700px\" \/><\/figure>\n\n\n\n<p>La piattaforma per l\u2019informatica di laboratorio science-aware\u2122 di Sapio \u00e8 l&#8217;unica soluzione che offra strumenti per la progettazione di piccole molecole, di plasmidi, per la progettazione CRISPR e ora anche per l&#8217;analisi dei dati per la citometria a flusso. Flow di Sapio \u00e8 compatibile con tutti i tipi di file di dati provenienti da tutti i pacchetti software di acquisizione e da tutti i citometri.<\/p>\n\n\n\n<h3 class=\"wp-block-heading has-normal-font-size\"><strong>Flow ELN di Sapio ti consente di:<\/strong><\/h3>\n\n\n\n<ul class=\"wp-block-list\">\n<li>Trascinare i file .fcs per l&#8217;analisi direttamente all&#8217;interno dell&#8217;esperimento in corso<\/li>\n\n\n\n<li>Visualizzare istogrammi<\/li>\n\n\n\n<li>Eseguire un controllo di qualit\u00e0 dei tuoi file .fcs basato sull&#8217;apprendimento automatico<\/li>\n\n\n\n<li>Applicare automaticamente un processo di inibizione (gating) ai dati del flusso<\/li>\n\n\n\n<li>Creare forme di gating con una variet\u00e0 di opzioni quali rettangoli, disegno libero ecc.<\/li>\n\n\n\n<li>Visualizzare le metriche dei dati fcs ai quali \u00e8 applicato il processo di gating<\/li>\n\n\n\n<li>Applicare una matrice di compensazione ai dati<\/li>\n\n\n\n<li>Salvare e condividere con colleghe e colleghi le strategie di gating prescelte<\/li>\n<\/ul>\n\n\n\n<p>Strumenti esistenti quali FlowJo\u2122, che rappresentavano la risorsa standard dell&#8217;analisi dei dati per la citometria di flusso, non sono utilizzabili negli ELN basati su web e hanno interfacce non pi\u00f9 rispondenti alle esigenze di oggi. Il Flow ELN di Sapio, invece, \u00e8 direttamente integrato nel relativo quaderno di laboratorio elettronico di fama mondiale, e presenta un&#8217;interfaccia moderna che non richiede lo scaricamento di software aggiuntivo.<\/p>\n\n\n\n<p>Sapio metter\u00e0 inoltre a disposizione gratuitamente lo strumento completo Sapio Flow ELN agli accademici! Se sei studente o appartieni al corpo docente di una facolt\u00e0 universitaria, puoi registrarti e usare lo strumento immediatamente senza alcun costo.<\/p>\n\n\n\n<div class=\"wp-block-buttons is-layout-flex wp-block-buttons-is-layout-flex\">\n<div class=\"wp-block-button has-custom-font-size has-small-font-size\"><a class=\"wp-block-button__link has-orange-to-red-gradient-background has-background wp-element-button\" href=\"https:\/\/login.sapiosciences.com\/seamless-eln-register-email\" target=\"_blank\" rel=\"noreferrer noopener\">Fai clic qui per utilizzare lo strumento Sapio ELN Bronzo: l&#8217;abbonamento \u00e8 gratuito per gli accademici!<\/a><\/div>\n<\/div>\n<\/div>\n\n\n\n<div class=\"wp-block-column is-layout-flow wp-block-column-is-layout-flow\" style=\"flex-basis:30%\"><\/div>\n<\/div>\n<\/div>\n<\/section>\n\n<section class=\"wp-block-mkl-section-block has-lightgrey-background-color multi-target\">\n<div class=\"wp-block-mkl-section-block container\">\n<div class=\"wp-block-columns is-layout-flex wp-container-core-columns-is-layout-28f84493 wp-block-columns-is-layout-flex\">\n<div class=\"wp-block-column is-vertically-aligned-center is-layout-flow wp-block-column-is-layout-flow\" style=\"flex-basis:45%\">\n<h3 class=\"wp-block-heading has-large-font-size\">Scopri con noi come Sapio pu\u00f2 trasformare il tuo lavoro di analisi dei dati per la citometria a flusso.<\/h3>\n\n\n\n<p>Compila il modulo per richiedere la demo.<\/p>\n<\/div>\n\n\n\n<div class=\"wp-block-column is-layout-flow wp-block-column-is-layout-flow\">\n<script charset=\"utf-8\" type=\"text\/javascript\" src=\"\/\/js.hsforms.net\/forms\/embed\/v2.js\"><\/script>\n<script>\n  hbspt.forms.create({\n    region: \"na1\",\n    portalId: \"43825818\",\n    formId: \"11ef1e37-86c3-4f31-9ad5-a725d7d038a3\"\n  });\n<\/script>\n<\/div>\n<\/div>\n<\/div>\n<\/section>\n","protected":false},"excerpt":{"rendered":"","protected":false},"author":3,"featured_media":0,"parent":3674,"menu_order":0,"comment_status":"closed","ping_status":"closed","template":"","meta":{"_acf_changed":false,"content-type":"","inline_featured_image":false,"footnotes":""},"class_list":["post-3937","page","type-page","status-publish","hentry"],"acf":[],"yoast_head":"<!-- This site is optimized with the Yoast SEO Premium plugin v27.2 (Yoast SEO v27.2) - https:\/\/yoast.com\/product\/yoast-seo-premium-wordpress\/ -->\n<title>Analisi dei dati per la citometria a flusso<\/title>\n<meta name=\"description\" content=\"Sapio offre funzioni pronte all&#039;uso, completamente integrate in Sapio ELN, che consentono di automatizzare e rendere pi\u00f9 efficienti le tue analisi dei dati per la citometria a flusso.\" \/>\n<meta name=\"robots\" content=\"index, follow, max-snippet:-1, max-image-preview:large, max-video-preview:-1\" \/>\n<link rel=\"canonical\" href=\"https:\/\/www.sapiosciences.com\/it\/soluzioni\/flow-cytometry\/\" \/>\n<meta property=\"og:locale\" content=\"it_IT\" \/>\n<meta property=\"og:type\" content=\"article\" \/>\n<meta property=\"og:title\" content=\"Analisi dei dati per la citometria a flusso\" \/>\n<meta property=\"og:description\" content=\"Sapio offre funzioni pronte all&#039;uso, completamente integrate in Sapio ELN, che consentono di automatizzare e rendere pi\u00f9 efficienti le tue analisi dei dati per la citometria a flusso.\" \/>\n<meta property=\"og:url\" content=\"https:\/\/www.sapiosciences.com\/it\/soluzioni\/flow-cytometry\/\" \/>\n<meta property=\"og:site_name\" content=\"Sapio Sciences\" \/>\n<meta property=\"article:modified_time\" content=\"2023-10-18T15:39:36+00:00\" \/>\n<meta property=\"og:image\" content=\"https:\/\/www.sapiosciences.com\/wp-content\/uploads\/2023\/05\/hd-flow-cytometry.webp\" \/>\n<meta name=\"twitter:card\" content=\"summary_large_image\" \/>\n<meta name=\"twitter:label1\" content=\"Tempo di lettura stimato\" \/>\n\t<meta name=\"twitter:data1\" content=\"2 minuti\" \/>\n<script type=\"application\/ld+json\" class=\"yoast-schema-graph\">{\"@context\":\"https:\/\/schema.org\",\"@graph\":[{\"@type\":\"WebPage\",\"@id\":\"https:\/\/www.sapiosciences.com\/it\/soluzioni\/flow-cytometry\/\",\"url\":\"https:\/\/www.sapiosciences.com\/it\/soluzioni\/flow-cytometry\/\",\"name\":\"Analisi dei dati per la citometria a flusso\",\"isPartOf\":{\"@id\":\"https:\/\/www.sapiosciences.com\/it\/#website\"},\"primaryImageOfPage\":{\"@id\":\"https:\/\/www.sapiosciences.com\/it\/soluzioni\/flow-cytometry\/#primaryimage\"},\"image\":{\"@id\":\"https:\/\/www.sapiosciences.com\/it\/soluzioni\/flow-cytometry\/#primaryimage\"},\"thumbnailUrl\":\"https:\/\/www.sapiosciences.com\/wp-content\/uploads\/2023\/05\/hd-flow-cytometry.webp\",\"datePublished\":\"2023-05-09T13:27:43+00:00\",\"dateModified\":\"2023-10-18T15:39:36+00:00\",\"description\":\"Sapio offre funzioni pronte all'uso, completamente integrate in Sapio ELN, che consentono di automatizzare e rendere pi\u00f9 efficienti le tue analisi dei dati per la citometria a flusso.\",\"breadcrumb\":{\"@id\":\"https:\/\/www.sapiosciences.com\/it\/soluzioni\/flow-cytometry\/#breadcrumb\"},\"inLanguage\":\"it-IT\",\"potentialAction\":[{\"@type\":\"ReadAction\",\"target\":[\"https:\/\/www.sapiosciences.com\/it\/soluzioni\/flow-cytometry\/\"]}]},{\"@type\":\"ImageObject\",\"inLanguage\":\"it-IT\",\"@id\":\"https:\/\/www.sapiosciences.com\/it\/soluzioni\/flow-cytometry\/#primaryimage\",\"url\":\"https:\/\/www.sapiosciences.com\/wp-content\/uploads\/2023\/05\/hd-flow-cytometry.webp\",\"contentUrl\":\"https:\/\/www.sapiosciences.com\/wp-content\/uploads\/2023\/05\/hd-flow-cytometry.webp\"},{\"@type\":\"BreadcrumbList\",\"@id\":\"https:\/\/www.sapiosciences.com\/it\/soluzioni\/flow-cytometry\/#breadcrumb\",\"itemListElement\":[{\"@type\":\"ListItem\",\"position\":1,\"name\":\"Home\",\"item\":\"https:\/\/www.sapiosciences.com\/it\/\"},{\"@type\":\"ListItem\",\"position\":2,\"name\":\"Soluzioni &#8211; SOLO PARENT\",\"item\":\"https:\/\/www.sapiosciences.com\/it\/soluzioni\/\"},{\"@type\":\"ListItem\",\"position\":3,\"name\":\"Analisi dei dati per la citometria a flusso\"}]},{\"@type\":\"WebSite\",\"@id\":\"https:\/\/www.sapiosciences.com\/it\/#website\",\"url\":\"https:\/\/www.sapiosciences.com\/it\/\",\"name\":\"Sapio Sciences\",\"description\":\"Al cuore della scienza.\",\"publisher\":{\"@id\":\"https:\/\/www.sapiosciences.com\/it\/#organization\"},\"potentialAction\":[{\"@type\":\"SearchAction\",\"target\":{\"@type\":\"EntryPoint\",\"urlTemplate\":\"https:\/\/www.sapiosciences.com\/it\/?s={search_term_string}\"},\"query-input\":{\"@type\":\"PropertyValueSpecification\",\"valueRequired\":true,\"valueName\":\"search_term_string\"}}],\"inLanguage\":\"it-IT\"},{\"@type\":\"Organization\",\"@id\":\"https:\/\/www.sapiosciences.com\/it\/#organization\",\"name\":\"Sapio Sciences\",\"url\":\"https:\/\/www.sapiosciences.com\/it\/\",\"logo\":{\"@type\":\"ImageObject\",\"inLanguage\":\"it-IT\",\"@id\":\"https:\/\/www.sapiosciences.com\/it\/#\/schema\/logo\/image\/\",\"url\":\"https:\/\/www.sapiosciences.com\/wp-content\/uploads\/2023\/09\/sapio-sciences-logo-color.png\",\"contentUrl\":\"https:\/\/www.sapiosciences.com\/wp-content\/uploads\/2023\/09\/sapio-sciences-logo-color.png\",\"width\":290,\"height\":88,\"caption\":\"Sapio Sciences\"},\"image\":{\"@id\":\"https:\/\/www.sapiosciences.com\/it\/#\/schema\/logo\/image\/\"}}]}<\/script>\n<!-- \/ Yoast SEO Premium plugin. -->","yoast_head_json":{"title":"Analisi dei dati per la citometria a flusso","description":"Sapio offre funzioni pronte all'uso, completamente integrate in Sapio ELN, che consentono di automatizzare e rendere pi\u00f9 efficienti le tue analisi dei dati per la citometria a flusso.","robots":{"index":"index","follow":"follow","max-snippet":"max-snippet:-1","max-image-preview":"max-image-preview:large","max-video-preview":"max-video-preview:-1"},"canonical":"https:\/\/www.sapiosciences.com\/it\/soluzioni\/flow-cytometry\/","og_locale":"it_IT","og_type":"article","og_title":"Analisi dei dati per la citometria a flusso","og_description":"Sapio offre funzioni pronte all'uso, completamente integrate in Sapio ELN, che consentono di automatizzare e rendere pi\u00f9 efficienti le tue analisi dei dati per la citometria a flusso.","og_url":"https:\/\/www.sapiosciences.com\/it\/soluzioni\/flow-cytometry\/","og_site_name":"Sapio Sciences","article_modified_time":"2023-10-18T15:39:36+00:00","og_image":[{"url":"https:\/\/www.sapiosciences.com\/wp-content\/uploads\/2023\/05\/hd-flow-cytometry.webp","type":"","width":"","height":""}],"twitter_card":"summary_large_image","twitter_misc":{"Tempo di lettura stimato":"2 minuti"},"schema":{"@context":"https:\/\/schema.org","@graph":[{"@type":"WebPage","@id":"https:\/\/www.sapiosciences.com\/it\/soluzioni\/flow-cytometry\/","url":"https:\/\/www.sapiosciences.com\/it\/soluzioni\/flow-cytometry\/","name":"Analisi dei dati per la citometria a flusso","isPartOf":{"@id":"https:\/\/www.sapiosciences.com\/it\/#website"},"primaryImageOfPage":{"@id":"https:\/\/www.sapiosciences.com\/it\/soluzioni\/flow-cytometry\/#primaryimage"},"image":{"@id":"https:\/\/www.sapiosciences.com\/it\/soluzioni\/flow-cytometry\/#primaryimage"},"thumbnailUrl":"https:\/\/www.sapiosciences.com\/wp-content\/uploads\/2023\/05\/hd-flow-cytometry.webp","datePublished":"2023-05-09T13:27:43+00:00","dateModified":"2023-10-18T15:39:36+00:00","description":"Sapio offre funzioni pronte all'uso, completamente integrate in Sapio ELN, che consentono di automatizzare e rendere pi\u00f9 efficienti le tue analisi dei dati per la citometria a flusso.","breadcrumb":{"@id":"https:\/\/www.sapiosciences.com\/it\/soluzioni\/flow-cytometry\/#breadcrumb"},"inLanguage":"it-IT","potentialAction":[{"@type":"ReadAction","target":["https:\/\/www.sapiosciences.com\/it\/soluzioni\/flow-cytometry\/"]}]},{"@type":"ImageObject","inLanguage":"it-IT","@id":"https:\/\/www.sapiosciences.com\/it\/soluzioni\/flow-cytometry\/#primaryimage","url":"https:\/\/www.sapiosciences.com\/wp-content\/uploads\/2023\/05\/hd-flow-cytometry.webp","contentUrl":"https:\/\/www.sapiosciences.com\/wp-content\/uploads\/2023\/05\/hd-flow-cytometry.webp"},{"@type":"BreadcrumbList","@id":"https:\/\/www.sapiosciences.com\/it\/soluzioni\/flow-cytometry\/#breadcrumb","itemListElement":[{"@type":"ListItem","position":1,"name":"Home","item":"https:\/\/www.sapiosciences.com\/it\/"},{"@type":"ListItem","position":2,"name":"Soluzioni &#8211; SOLO PARENT","item":"https:\/\/www.sapiosciences.com\/it\/soluzioni\/"},{"@type":"ListItem","position":3,"name":"Analisi dei dati per la citometria a flusso"}]},{"@type":"WebSite","@id":"https:\/\/www.sapiosciences.com\/it\/#website","url":"https:\/\/www.sapiosciences.com\/it\/","name":"Sapio Sciences","description":"Al cuore della scienza.","publisher":{"@id":"https:\/\/www.sapiosciences.com\/it\/#organization"},"potentialAction":[{"@type":"SearchAction","target":{"@type":"EntryPoint","urlTemplate":"https:\/\/www.sapiosciences.com\/it\/?s={search_term_string}"},"query-input":{"@type":"PropertyValueSpecification","valueRequired":true,"valueName":"search_term_string"}}],"inLanguage":"it-IT"},{"@type":"Organization","@id":"https:\/\/www.sapiosciences.com\/it\/#organization","name":"Sapio Sciences","url":"https:\/\/www.sapiosciences.com\/it\/","logo":{"@type":"ImageObject","inLanguage":"it-IT","@id":"https:\/\/www.sapiosciences.com\/it\/#\/schema\/logo\/image\/","url":"https:\/\/www.sapiosciences.com\/wp-content\/uploads\/2023\/09\/sapio-sciences-logo-color.png","contentUrl":"https:\/\/www.sapiosciences.com\/wp-content\/uploads\/2023\/09\/sapio-sciences-logo-color.png","width":290,"height":88,"caption":"Sapio Sciences"},"image":{"@id":"https:\/\/www.sapiosciences.com\/it\/#\/schema\/logo\/image\/"}}]}},"_links":{"self":[{"href":"https:\/\/www.sapiosciences.com\/it\/wp-json\/wp\/v2\/pages\/3937","targetHints":{"allow":["GET"]}}],"collection":[{"href":"https:\/\/www.sapiosciences.com\/it\/wp-json\/wp\/v2\/pages"}],"about":[{"href":"https:\/\/www.sapiosciences.com\/it\/wp-json\/wp\/v2\/types\/page"}],"author":[{"embeddable":true,"href":"https:\/\/www.sapiosciences.com\/it\/wp-json\/wp\/v2\/users\/3"}],"replies":[{"embeddable":true,"href":"https:\/\/www.sapiosciences.com\/it\/wp-json\/wp\/v2\/comments?post=3937"}],"version-history":[{"count":0,"href":"https:\/\/www.sapiosciences.com\/it\/wp-json\/wp\/v2\/pages\/3937\/revisions"}],"up":[{"embeddable":true,"href":"https:\/\/www.sapiosciences.com\/it\/wp-json\/wp\/v2\/pages\/3674"}],"wp:attachment":[{"href":"https:\/\/www.sapiosciences.com\/it\/wp-json\/wp\/v2\/media?parent=3937"}],"curies":[{"name":"wp","href":"https:\/\/api.w.org\/{rel}","templated":true}]}}