{"id":3931,"date":"2023-05-09T14:27:43","date_gmt":"2023-05-09T13:27:43","guid":{"rendered":"https:\/\/www.sapiosciences.com\/solutions-societe-mere-uniquement\/flow-cytometry\/"},"modified":"2023-10-18T15:39:35","modified_gmt":"2023-10-18T15:39:35","slug":"flow-cytometry","status":"publish","type":"page","link":"https:\/\/www.sapiosciences.com\/fr\/solutions\/flow-cytometry\/","title":{"rendered":"Analyse des donn\u00e9es de cytom\u00e9trie en flux."},"content":{"rendered":"\n<section class=\"wp-block-mkl-section-block has-lightgrey-background-color\">\n<div class=\"wp-block-mkl-section-block container  pt-xs pb-xxs\">\n<div class=\"wp-block-columns is-layout-flex wp-container-core-columns-is-layout-28f84493 wp-block-columns-is-layout-flex\">\n<div class=\"wp-block-column is-vertically-aligned-center is-layout-flow wp-block-column-is-layout-flow\">\n<h1 class=\"wp-block-heading\">Outil Sapio Flow ELN<\/h1>\n\n\n\n<p>Appuyez-vous sur les puissantes fonctionnalit\u00e9s int\u00e9gr\u00e9es de Sapio pour automatiser et am\u00e9liorer l&rsquo;analyse des donn\u00e9es de cytom\u00e9trie en flux.<\/p>\n\n\n\n<div class=\"wp-block-buttons is-layout-flex wp-block-buttons-is-layout-flex\">\n<div class=\"wp-block-button has-custom-font-size multi-link has-small-font-size\"><a class=\"wp-block-button__link has-orange-to-red-gradient-background has-background wp-element-button\" href=\"https:\/\/www.sapiosciences.com\/fr\/demander-une-demo\/\">Demander une d\u00e9mo<\/a><\/div>\n<\/div>\n<\/div>\n\n\n\n<div class=\"wp-block-column is-layout-flow wp-block-column-is-layout-flow\">\n<figure class=\"wp-block-image size-full\"><img loading=\"lazy\" decoding=\"async\" width=\"592\" height=\"451\" src=\"https:\/\/www.sapiosciences.com\/wp-content\/uploads\/2023\/05\/hd-flow-cytometry.webp\" alt=\"hd cytom&#xE9;trie en flux\" class=\"wp-image-943\" srcset=\"https:\/\/www.sapiosciences.com\/wp-content\/uploads\/2023\/05\/hd-flow-cytometry.webp 592w, https:\/\/www.sapiosciences.com\/wp-content\/uploads\/2023\/05\/hd-flow-cytometry-300x229.webp 300w\" sizes=\"auto, (max-width: 592px) 100vw, 592px\" \/><\/figure>\n<\/div>\n<\/div>\n<\/div>\n<\/section>\n\n<section class=\"wp-block-mkl-section-block\">\n<div class=\"wp-block-mkl-section-block container\">\n<div class=\"wp-block-columns is-layout-flex wp-container-core-columns-is-layout-28f84493 wp-block-columns-is-layout-flex\">\n<div class=\"wp-block-column is-layout-flow wp-block-column-is-layout-flow\" style=\"flex-basis:70%\">\n<h2 class=\"wp-block-heading\">Outil Sapio Flow ELN &#8211; Analyse des donn\u00e9es de cytom\u00e9trie en flux<\/h2>\n\n\n\n<p><strong>Les donn\u00e9es de <a href=\"https:\/\/www.sapiosciences.com\/blog\/what-is-flow-cytometry\/\">cytom\u00e9trie en flux<\/a> constituent un outil pr\u00e9cieux utilis\u00e9 par de nombreux laboratoires dans le cadre de leurs activit\u00e9s de R&amp;D. Les scientifiques consacrent beaucoup de temps et d&rsquo;efforts aux t\u00e2ches li\u00e9es \u00e0 ces donn\u00e9es, ce qui ralentit leurs activit\u00e9s de recherche. Les clients de Sapio utilisent souvent la cytom\u00e9trie en flux sur la plateforme informatique de notre <a href=\"https:\/\/www.sapiosciences.com\/fr\/produits\/sapio-eln\/\">cahier de laboratoire \u00e9lectronique<\/a> (Electronic Lab Notebook, ELN), et ont indiqu\u00e9 qu&rsquo;ils avaient besoin d&rsquo;outils pour les aider \u00e0 \u00e9valuer les donn\u00e9es de cytom\u00e9trie en flux<\/strong><\/p>\n\n\n\n<p>Sapio poss\u00e8de une longue exp\u00e9rience en mati\u00e8re d&rsquo;apprentissage automatique, mise en pratique dans de nombreux domaines, notamment pour l&rsquo;analyse des donn\u00e9es de cytom\u00e9trie en flux au sein de notre plateforme ELN. Nous effectuons par exemple un fen\u00eatrage (ou \u00ab\u00a0gating\u00a0\u00bb) automatis\u00e9 des donn\u00e9es FCS (Flow Cytometry Standard) en utilisant l&rsquo;apprentissage automatique pour d\u00e9cupler les efforts d\u00e9ploy\u00e9s par les scientifiques sur l&rsquo;une des t\u00e2ches les plus fastidieuses de l&rsquo;analyse des donn\u00e9es de cytom\u00e9trie en flux.<\/p>\n\n\n\n<figure class=\"wp-block-image size-full\"><img loading=\"lazy\" decoding=\"async\" width=\"700\" height=\"550\" src=\"https:\/\/www.sapiosciences.com\/wp-content\/uploads\/2023\/05\/sapio-flow-cytometry.png\" alt=\"sapio cytom&#xE9;trie en flux\" class=\"wp-image-761\" srcset=\"https:\/\/www.sapiosciences.com\/wp-content\/uploads\/2023\/05\/sapio-flow-cytometry.png 700w, https:\/\/www.sapiosciences.com\/wp-content\/uploads\/2023\/05\/sapio-flow-cytometry-300x236.png 300w\" sizes=\"auto, (max-width: 700px) 100vw, 700px\" \/><\/figure>\n\n\n\n<p>La plateforme informatique science-aware\u2122 de Sapio est la seule solution proposant des outils d\u00e9di\u00e9s \u00e0 la conception de petites mol\u00e9cules, \u00e0 la conception de plasmides, \u00e0 la conception CRISPR et, d\u00e9sormais, \u00e0 l&rsquo;analyse des donn\u00e9es de cytom\u00e9trie de flux. L&rsquo;outil Sapio Flow ELN est compatible avec tous les fichiers de donn\u00e9es, quels que soient les logiciels d&rsquo;acquisition et les cytom\u00e8tres dont elles sont issues.<\/p>\n\n\n\n<h3 class=\"wp-block-heading has-normal-font-size\"><strong>Avec l&rsquo;outil Sapio Flow ELN, vous pouvez\u00a0:<\/strong><\/h3>\n\n\n\n<ul class=\"wp-block-list\">\n<li>Glisser et d\u00e9poser vos fichiers FCS pour les analyser au c\u0153ur m\u00eame de votre exp\u00e9rience<\/li>\n\n\n\n<li>Afficher les histogrammes<\/li>\n\n\n\n<li>Effectuer un contr\u00f4le qualit\u00e9 de vos fichiers FCS bas\u00e9 sur l&rsquo;apprentissage automatique<\/li>\n\n\n\n<li>Effectuer un fen\u00eatrage automatis\u00e9 de vos donn\u00e9es de cytom\u00e9trie en flux<\/li>\n\n\n\n<li>Cr\u00e9er des fen\u00eatrages manuellement avec de nombreuses options de dessin (rectangles, figures libres, etc.)<\/li>\n\n\n\n<li>Afficher les m\u00e9triques autour des donn\u00e9es FCS fen\u00eatr\u00e9es<\/li>\n\n\n\n<li>Appliquer une matrice de compensation \u00e0 vos donn\u00e9es<\/li>\n\n\n\n<li>Sauvegarder et partager vos strat\u00e9gies de fen\u00eatrage avec vos coll\u00e8gues<\/li>\n<\/ul>\n\n\n\n<p>Les outils traditionnels comme FlowJo\u2122 ont longtemps fait figure de pilier de l&rsquo;analyse des donn\u00e9es de cytom\u00e9trie de flux, mais ils ne sont pas utilisables dans les ELN bas\u00e9s sur le Web et leurs interfaces sont obsol\u00e8tes. L&rsquo;outil Sapio Flow ELN, quant \u00e0 lui, est parfaitement int\u00e9gr\u00e9 \u00e0 son cahier de laboratoire \u00e9lectronique de premier ordre et dispose d&rsquo;une interface moderne qui ne n\u00e9cessite aucun t\u00e9l\u00e9chargement de logiciel.<\/p>\n\n\n\n<p>Par ailleurs, Sapio met gratuitement l&rsquo;int\u00e9gralit\u00e9 de l&rsquo;outil ELN Sapio Flow \u00e0 la disposition des universitaires\u00a0! Si vous \u00eates \u00e9tudiant ou professeur dans une universit\u00e9, vous pouvez vous inscrire et l&rsquo;utiliser imm\u00e9diatement sans frais.<\/p>\n\n\n\n<div class=\"wp-block-buttons is-layout-flex wp-block-buttons-is-layout-flex\">\n<div class=\"wp-block-button has-custom-font-size has-small-font-size\"><a class=\"wp-block-button__link has-orange-to-red-gradient-background has-background wp-element-button\" href=\"https:\/\/login.sapiosciences.com\/seamless-eln-register-email\" target=\"_blank\" rel=\"noreferrer noopener\">Cliquez ici pour utiliser Sapio Bronze ELN \u2013 Gratuit pour les universitaires\u00a0!<\/a><\/div>\n<\/div>\n<\/div>\n\n\n\n<div class=\"wp-block-column is-layout-flow wp-block-column-is-layout-flow\" style=\"flex-basis:30%\"><\/div>\n<\/div>\n<\/div>\n<\/section>\n\n<section class=\"wp-block-mkl-section-block has-lightgrey-background-color multi-target\">\n<div class=\"wp-block-mkl-section-block container\">\n<div class=\"wp-block-columns is-layout-flex wp-container-core-columns-is-layout-28f84493 wp-block-columns-is-layout-flex\">\n<div class=\"wp-block-column is-vertically-aligned-center is-layout-flow wp-block-column-is-layout-flow\" style=\"flex-basis:45%\">\n<h3 class=\"wp-block-heading has-large-font-size\">Laissez-nous vous montrer comment Sapio r\u00e9volutionne l&rsquo;analyse des donn\u00e9es de cytom\u00e9trie en flux.<\/h3>\n\n\n\n<p>Remplissez le formulaire pour demander votre d\u00e9mo.<\/p>\n<\/div>\n\n\n\n<div class=\"wp-block-column is-layout-flow wp-block-column-is-layout-flow\">\n<script charset=\"utf-8\" type=\"text\/javascript\" src=\"\/\/js.hsforms.net\/forms\/embed\/v2.js\"><\/script>\n<script>\n  hbspt.forms.create({\n    region: \"na1\",\n    portalId: \"43825818\",\n    formId: \"926ee575-792b-4d5a-947c-8dfc569fb9ba\"\n  });\n<\/script>\n<\/div>\n<\/div>\n<\/div>\n<\/section>\n","protected":false},"excerpt":{"rendered":"","protected":false},"author":3,"featured_media":0,"parent":3481,"menu_order":0,"comment_status":"closed","ping_status":"closed","template":"","meta":{"_acf_changed":false,"content-type":"","inline_featured_image":false,"footnotes":""},"class_list":["post-3931","page","type-page","status-publish","hentry"],"acf":[],"yoast_head":"<!-- This site is optimized with the Yoast SEO Premium plugin v27.4 (Yoast SEO v27.4) - https:\/\/yoast.com\/product\/yoast-seo-premium-wordpress\/ -->\n<title>Analyse des donn\u00e9es de cytom\u00e9trie en flux.<\/title>\n<meta name=\"description\" content=\"Sapio propose des fonctionnalit\u00e9s internes permettant d&#039;automatiser et d&#039;am\u00e9liorer l&#039;analyse des donn\u00e9es de cytom\u00e9trie en flux, enti\u00e8rement int\u00e9gr\u00e9es \u00e0 l&#039;ELN Sapio.\" \/>\n<meta name=\"robots\" content=\"index, follow, max-snippet:-1, max-image-preview:large, max-video-preview:-1\" \/>\n<link rel=\"canonical\" href=\"https:\/\/www.sapiosciences.com\/fr\/solutions\/flow-cytometry\/\" \/>\n<meta property=\"og:locale\" content=\"fr_FR\" \/>\n<meta property=\"og:type\" content=\"article\" \/>\n<meta property=\"og:title\" content=\"Analyse des donn\u00e9es de cytom\u00e9trie en flux.\" \/>\n<meta property=\"og:description\" content=\"Sapio propose des fonctionnalit\u00e9s internes permettant d&#039;automatiser et d&#039;am\u00e9liorer l&#039;analyse des donn\u00e9es de cytom\u00e9trie en flux, enti\u00e8rement int\u00e9gr\u00e9es \u00e0 l&#039;ELN Sapio.\" \/>\n<meta property=\"og:url\" content=\"https:\/\/www.sapiosciences.com\/fr\/solutions\/flow-cytometry\/\" \/>\n<meta property=\"og:site_name\" content=\"Sapio Sciences\" \/>\n<meta property=\"article:modified_time\" content=\"2023-10-18T15:39:35+00:00\" \/>\n<meta property=\"og:image\" content=\"https:\/\/www.sapiosciences.com\/wp-content\/uploads\/2023\/05\/hd-flow-cytometry.webp\" \/>\n<meta name=\"twitter:card\" content=\"summary_large_image\" \/>\n<meta name=\"twitter:label1\" content=\"Dur\u00e9e de lecture estim\u00e9e\" \/>\n\t<meta name=\"twitter:data1\" content=\"3 minutes\" \/>\n<script type=\"application\/ld+json\" class=\"yoast-schema-graph\">{\"@context\":\"https:\\\/\\\/schema.org\",\"@graph\":[{\"@type\":\"WebPage\",\"@id\":\"https:\\\/\\\/www.sapiosciences.com\\\/fr\\\/solutions\\\/flow-cytometry\\\/\",\"url\":\"https:\\\/\\\/www.sapiosciences.com\\\/fr\\\/solutions\\\/flow-cytometry\\\/\",\"name\":\"Analyse des donn\u00e9es de cytom\u00e9trie en flux.\",\"isPartOf\":{\"@id\":\"https:\\\/\\\/www.sapiosciences.com\\\/fr\\\/#website\"},\"primaryImageOfPage\":{\"@id\":\"https:\\\/\\\/www.sapiosciences.com\\\/fr\\\/solutions\\\/flow-cytometry\\\/#primaryimage\"},\"image\":{\"@id\":\"https:\\\/\\\/www.sapiosciences.com\\\/fr\\\/solutions\\\/flow-cytometry\\\/#primaryimage\"},\"thumbnailUrl\":\"https:\\\/\\\/www.sapiosciences.com\\\/wp-content\\\/uploads\\\/2023\\\/05\\\/hd-flow-cytometry.webp\",\"datePublished\":\"2023-05-09T13:27:43+00:00\",\"dateModified\":\"2023-10-18T15:39:35+00:00\",\"description\":\"Sapio propose des fonctionnalit\u00e9s internes permettant d'automatiser et d'am\u00e9liorer l'analyse des donn\u00e9es de cytom\u00e9trie en flux, enti\u00e8rement int\u00e9gr\u00e9es \u00e0 l'ELN Sapio.\",\"breadcrumb\":{\"@id\":\"https:\\\/\\\/www.sapiosciences.com\\\/fr\\\/solutions\\\/flow-cytometry\\\/#breadcrumb\"},\"inLanguage\":\"fr-FR\",\"potentialAction\":[{\"@type\":\"ReadAction\",\"target\":[\"https:\\\/\\\/www.sapiosciences.com\\\/fr\\\/solutions\\\/flow-cytometry\\\/\"]}]},{\"@type\":\"ImageObject\",\"inLanguage\":\"fr-FR\",\"@id\":\"https:\\\/\\\/www.sapiosciences.com\\\/fr\\\/solutions\\\/flow-cytometry\\\/#primaryimage\",\"url\":\"https:\\\/\\\/www.sapiosciences.com\\\/wp-content\\\/uploads\\\/2023\\\/05\\\/hd-flow-cytometry.webp\",\"contentUrl\":\"https:\\\/\\\/www.sapiosciences.com\\\/wp-content\\\/uploads\\\/2023\\\/05\\\/hd-flow-cytometry.webp\"},{\"@type\":\"BreadcrumbList\",\"@id\":\"https:\\\/\\\/www.sapiosciences.com\\\/fr\\\/solutions\\\/flow-cytometry\\\/#breadcrumb\",\"itemListElement\":[{\"@type\":\"ListItem\",\"position\":1,\"name\":\"Home\",\"item\":\"https:\\\/\\\/www.sapiosciences.com\\\/fr\\\/\"},{\"@type\":\"ListItem\",\"position\":2,\"name\":\"Solutions &#8211; SOCI\u00c9T\u00c9-M\u00c8RE UNIQUEMENT\",\"item\":\"https:\\\/\\\/www.sapiosciences.com\\\/fr\\\/solutions\\\/\"},{\"@type\":\"ListItem\",\"position\":3,\"name\":\"Analyse des donn\u00e9es de cytom\u00e9trie en flux.\"}]},{\"@type\":\"WebSite\",\"@id\":\"https:\\\/\\\/www.sapiosciences.com\\\/fr\\\/#website\",\"url\":\"https:\\\/\\\/www.sapiosciences.com\\\/fr\\\/\",\"name\":\"Sapio Sciences\",\"description\":\"Au c\u0153ur de la science.\",\"publisher\":{\"@id\":\"https:\\\/\\\/www.sapiosciences.com\\\/fr\\\/#organization\"},\"potentialAction\":[{\"@type\":\"SearchAction\",\"target\":{\"@type\":\"EntryPoint\",\"urlTemplate\":\"https:\\\/\\\/www.sapiosciences.com\\\/fr\\\/?s={search_term_string}\"},\"query-input\":{\"@type\":\"PropertyValueSpecification\",\"valueRequired\":true,\"valueName\":\"search_term_string\"}}],\"inLanguage\":\"fr-FR\"},{\"@type\":\"Organization\",\"@id\":\"https:\\\/\\\/www.sapiosciences.com\\\/fr\\\/#organization\",\"name\":\"Sapio Sciences\",\"url\":\"https:\\\/\\\/www.sapiosciences.com\\\/fr\\\/\",\"logo\":{\"@type\":\"ImageObject\",\"inLanguage\":\"fr-FR\",\"@id\":\"https:\\\/\\\/www.sapiosciences.com\\\/fr\\\/#\\\/schema\\\/logo\\\/image\\\/\",\"url\":\"https:\\\/\\\/www.sapiosciences.com\\\/wp-content\\\/uploads\\\/2023\\\/09\\\/sapio-sciences-logo-color.png\",\"contentUrl\":\"https:\\\/\\\/www.sapiosciences.com\\\/wp-content\\\/uploads\\\/2023\\\/09\\\/sapio-sciences-logo-color.png\",\"width\":290,\"height\":88,\"caption\":\"Sapio Sciences\"},\"image\":{\"@id\":\"https:\\\/\\\/www.sapiosciences.com\\\/fr\\\/#\\\/schema\\\/logo\\\/image\\\/\"}}]}<\/script>\n<!-- \/ Yoast SEO Premium plugin. -->","yoast_head_json":{"title":"Analyse des donn\u00e9es de cytom\u00e9trie en flux.","description":"Sapio propose des fonctionnalit\u00e9s internes permettant d'automatiser et d'am\u00e9liorer l'analyse des donn\u00e9es de cytom\u00e9trie en flux, enti\u00e8rement int\u00e9gr\u00e9es \u00e0 l'ELN Sapio.","robots":{"index":"index","follow":"follow","max-snippet":"max-snippet:-1","max-image-preview":"max-image-preview:large","max-video-preview":"max-video-preview:-1"},"canonical":"https:\/\/www.sapiosciences.com\/fr\/solutions\/flow-cytometry\/","og_locale":"fr_FR","og_type":"article","og_title":"Analyse des donn\u00e9es de cytom\u00e9trie en flux.","og_description":"Sapio propose des fonctionnalit\u00e9s internes permettant d'automatiser et d'am\u00e9liorer l'analyse des donn\u00e9es de cytom\u00e9trie en flux, enti\u00e8rement int\u00e9gr\u00e9es \u00e0 l'ELN Sapio.","og_url":"https:\/\/www.sapiosciences.com\/fr\/solutions\/flow-cytometry\/","og_site_name":"Sapio Sciences","article_modified_time":"2023-10-18T15:39:35+00:00","og_image":[{"url":"https:\/\/www.sapiosciences.com\/wp-content\/uploads\/2023\/05\/hd-flow-cytometry.webp","type":"","width":"","height":""}],"twitter_card":"summary_large_image","twitter_misc":{"Dur\u00e9e de lecture estim\u00e9e":"3 minutes"},"schema":{"@context":"https:\/\/schema.org","@graph":[{"@type":"WebPage","@id":"https:\/\/www.sapiosciences.com\/fr\/solutions\/flow-cytometry\/","url":"https:\/\/www.sapiosciences.com\/fr\/solutions\/flow-cytometry\/","name":"Analyse des donn\u00e9es de cytom\u00e9trie en flux.","isPartOf":{"@id":"https:\/\/www.sapiosciences.com\/fr\/#website"},"primaryImageOfPage":{"@id":"https:\/\/www.sapiosciences.com\/fr\/solutions\/flow-cytometry\/#primaryimage"},"image":{"@id":"https:\/\/www.sapiosciences.com\/fr\/solutions\/flow-cytometry\/#primaryimage"},"thumbnailUrl":"https:\/\/www.sapiosciences.com\/wp-content\/uploads\/2023\/05\/hd-flow-cytometry.webp","datePublished":"2023-05-09T13:27:43+00:00","dateModified":"2023-10-18T15:39:35+00:00","description":"Sapio propose des fonctionnalit\u00e9s internes permettant d'automatiser et d'am\u00e9liorer l'analyse des donn\u00e9es de cytom\u00e9trie en flux, enti\u00e8rement int\u00e9gr\u00e9es \u00e0 l'ELN Sapio.","breadcrumb":{"@id":"https:\/\/www.sapiosciences.com\/fr\/solutions\/flow-cytometry\/#breadcrumb"},"inLanguage":"fr-FR","potentialAction":[{"@type":"ReadAction","target":["https:\/\/www.sapiosciences.com\/fr\/solutions\/flow-cytometry\/"]}]},{"@type":"ImageObject","inLanguage":"fr-FR","@id":"https:\/\/www.sapiosciences.com\/fr\/solutions\/flow-cytometry\/#primaryimage","url":"https:\/\/www.sapiosciences.com\/wp-content\/uploads\/2023\/05\/hd-flow-cytometry.webp","contentUrl":"https:\/\/www.sapiosciences.com\/wp-content\/uploads\/2023\/05\/hd-flow-cytometry.webp"},{"@type":"BreadcrumbList","@id":"https:\/\/www.sapiosciences.com\/fr\/solutions\/flow-cytometry\/#breadcrumb","itemListElement":[{"@type":"ListItem","position":1,"name":"Home","item":"https:\/\/www.sapiosciences.com\/fr\/"},{"@type":"ListItem","position":2,"name":"Solutions &#8211; SOCI\u00c9T\u00c9-M\u00c8RE UNIQUEMENT","item":"https:\/\/www.sapiosciences.com\/fr\/solutions\/"},{"@type":"ListItem","position":3,"name":"Analyse des donn\u00e9es de cytom\u00e9trie en flux."}]},{"@type":"WebSite","@id":"https:\/\/www.sapiosciences.com\/fr\/#website","url":"https:\/\/www.sapiosciences.com\/fr\/","name":"Sapio Sciences","description":"Au c\u0153ur de la science.","publisher":{"@id":"https:\/\/www.sapiosciences.com\/fr\/#organization"},"potentialAction":[{"@type":"SearchAction","target":{"@type":"EntryPoint","urlTemplate":"https:\/\/www.sapiosciences.com\/fr\/?s={search_term_string}"},"query-input":{"@type":"PropertyValueSpecification","valueRequired":true,"valueName":"search_term_string"}}],"inLanguage":"fr-FR"},{"@type":"Organization","@id":"https:\/\/www.sapiosciences.com\/fr\/#organization","name":"Sapio Sciences","url":"https:\/\/www.sapiosciences.com\/fr\/","logo":{"@type":"ImageObject","inLanguage":"fr-FR","@id":"https:\/\/www.sapiosciences.com\/fr\/#\/schema\/logo\/image\/","url":"https:\/\/www.sapiosciences.com\/wp-content\/uploads\/2023\/09\/sapio-sciences-logo-color.png","contentUrl":"https:\/\/www.sapiosciences.com\/wp-content\/uploads\/2023\/09\/sapio-sciences-logo-color.png","width":290,"height":88,"caption":"Sapio Sciences"},"image":{"@id":"https:\/\/www.sapiosciences.com\/fr\/#\/schema\/logo\/image\/"}}]}},"_links":{"self":[{"href":"https:\/\/www.sapiosciences.com\/fr\/wp-json\/wp\/v2\/pages\/3931","targetHints":{"allow":["GET"]}}],"collection":[{"href":"https:\/\/www.sapiosciences.com\/fr\/wp-json\/wp\/v2\/pages"}],"about":[{"href":"https:\/\/www.sapiosciences.com\/fr\/wp-json\/wp\/v2\/types\/page"}],"author":[{"embeddable":true,"href":"https:\/\/www.sapiosciences.com\/fr\/wp-json\/wp\/v2\/users\/3"}],"replies":[{"embeddable":true,"href":"https:\/\/www.sapiosciences.com\/fr\/wp-json\/wp\/v2\/comments?post=3931"}],"version-history":[{"count":0,"href":"https:\/\/www.sapiosciences.com\/fr\/wp-json\/wp\/v2\/pages\/3931\/revisions"}],"up":[{"embeddable":true,"href":"https:\/\/www.sapiosciences.com\/fr\/wp-json\/wp\/v2\/pages\/3481"}],"wp:attachment":[{"href":"https:\/\/www.sapiosciences.com\/fr\/wp-json\/wp\/v2\/media?parent=3931"}],"curies":[{"name":"wp","href":"https:\/\/api.w.org\/{rel}","templated":true}]}}