{"id":3507,"date":"2023-05-05T19:38:04","date_gmt":"2023-05-05T18:38:04","guid":{"rendered":"https:\/\/www.sapiosciences.com\/avis-de-confidentialite\/"},"modified":"2023-10-06T17:18:29","modified_gmt":"2023-10-06T17:18:29","slug":"avis-de-confidentialite","status":"publish","type":"page","link":"https:\/\/www.sapiosciences.com\/fr\/avis-de-confidentialite\/","title":{"rendered":"Avis de confidentialit\u00e9"},"content":{"rendered":"\n<section class=\"wp-block-mkl-section-block has-lightgrey-background-color split-header\">\n<div class=\"wp-block-mkl-section-block bg-container\">\n<figure class=\"wp-block-image size-full\"><img loading=\"lazy\" decoding=\"async\" width=\"250\" height=\"375\" src=\"https:\/\/www.sapiosciences.com\/wp-content\/uploads\/2023\/05\/privacy-notice-pre.webp\" alt=\"avis de confidentialit&#xE9; pr&#xE9;alable\" class=\"wp-image-953\" srcset=\"https:\/\/www.sapiosciences.com\/wp-content\/uploads\/2023\/05\/privacy-notice-pre.webp 250w, https:\/\/www.sapiosciences.com\/wp-content\/uploads\/2023\/05\/privacy-notice-pre-200x300.webp 200w\" sizes=\"auto, (max-width: 250px) 100vw, 250px\" \/><\/figure>\n\n\n\n<figure class=\"wp-block-image size-full\"><img loading=\"lazy\" decoding=\"async\" width=\"250\" height=\"375\" src=\"https:\/\/www.sapiosciences.com\/wp-content\/uploads\/2023\/05\/privacy-notice-post.webp\" alt=\"avis de confidentialit&#xE9; post&#xE9;rieur\" class=\"wp-image-954\" srcset=\"https:\/\/www.sapiosciences.com\/wp-content\/uploads\/2023\/05\/privacy-notice-post.webp 250w, https:\/\/www.sapiosciences.com\/wp-content\/uploads\/2023\/05\/privacy-notice-post-200x300.webp 200w\" sizes=\"auto, (max-width: 250px) 100vw, 250px\" \/><\/figure>\n<\/div>\n\n\n\n<div class=\"wp-block-mkl-section-block container\">\n<div class=\"wp-block-group is-layout-flow wp-block-group-is-layout-flow\">\n<h1 class=\"wp-block-heading has-text-align-center maxc900\">Avis de confidentialit\u00e9<\/h1>\n\n\n\n<p class=\"has-text-align-center\">Date d&rsquo;entr\u00e9e en vigueur\u00a0: 5 juin 2023<\/p>\n<\/div>\n<\/div>\n<\/section>\n\n<section class=\"wp-block-mkl-section-block\">\n<div class=\"wp-block-mkl-section-block container\">\n<h3 class=\"wp-block-heading\"><strong>R\u00e9sum\u00e9<\/strong><\/h3>\n\n\n\n<p>Sapio Sciences, LLC (Sapio) s&rsquo;engage \u00e0 prot\u00e9ger la confidentialit\u00e9 des donn\u00e9es personnelles qu&rsquo;elle d\u00e9tient.\u00a0 Dans le pr\u00e9sent Avis de confidentialit\u00e9, nous expliquons comment Sapio collecte, utilise, stocke, partage et prot\u00e8ge vos donn\u00e9es personnelles.\u00a0 Sapio adh\u00e8re aux lois et r\u00e9glementations applicables en mati\u00e8re de protection des donn\u00e9es, y compris mais sans s&rsquo;y limiter, au R\u00e8glement g\u00e9n\u00e9ral sur la protection des donn\u00e9es (RGPD) de l&rsquo;Union europ\u00e9enne, au RGPD britannique et au California Consumer Privacy Act (CCPA).\u00a0\u00a0 Cet avis de confidentialit\u00e9 d\u00e9crit nos pratiques g\u00e9n\u00e9rales, mais lorsque les lois et r\u00e9glementations locales exigent que nous traitions vos donn\u00e9es personnelles diff\u00e9remment, nous nous y conformerons.<\/p>\n\n\n\n<p><strong>Types de donn\u00e9es personnelles collect\u00e9es<\/strong><\/p>\n\n\n\n<p>Sapio collecte diff\u00e9rents types de donn\u00e9es personnelles en fonction de la fa\u00e7on dont vous interagissez avec nous.\u00a0<\/p>\n\n\n\n<ul class=\"wp-block-list\">\n<li><strong>Donn\u00e9es client\u00a0:<\/strong> Le logiciel de Sapio est destin\u00e9 \u00e0 collecter les donn\u00e9es n\u00e9cessaires pour atteindre les objectifs de LIMS et d&rsquo;ELN d&rsquo;un client. Les donn\u00e9es personnelles des utilisateurs peuvent \u00eatre collect\u00e9es, y compris le nom, le titre, l&rsquo;adresse e-mail et les informations de sant\u00e9 prot\u00e9g\u00e9es (Protected Health Information, PHI) dans certains cas cliniques.\u00a0 Dans le cadre de ce r\u00f4le, Sapio Sciences est un sous-traitant des donn\u00e9es client et le client est le responsable du traitement des donn\u00e9es. \u00a0<\/li>\n<\/ul>\n\n\n\n<p>Nous traitons les donn\u00e9es client conform\u00e9ment aux instructions du client, y compris toutes les conditions applicables dans l&rsquo;accord conclu avec un client et l&rsquo;utilisation par le client des fonctionnalit\u00e9s de Sapio, ainsi que comme l&rsquo;exige la loi applicable. \u00a0Ces donn\u00e9es peuvent \u00eatre utilis\u00e9es pour ex\u00e9cuter les exigences du logiciel sp\u00e9cifiques au client, telles que les calculs, le suivi des processus, les \u00e9chantillons, le stockage et l&rsquo;inventaire des r\u00e9actifs, etc., afin de suivre les instructions du client qui a soumis les donn\u00e9es, ou en r\u00e9ponse aux exigences contractuelles convenues avec nos clients. Ces donn\u00e9es sont crypt\u00e9es lorsque Sapio en assure l&rsquo;h\u00e9bergement. Ces donn\u00e9es sont sous le contr\u00f4le du client lorsqu&rsquo;il installe Sapio dans ses installations, avec ses propres environnements contr\u00f4l\u00e9s par l&rsquo;administrateur.<\/p>\n\n\n\n<ul class=\"wp-block-list\">\n<li><strong>Candidats postulant \u00e0 une offre d&#8217;emploi\u00a0: <\/strong>Sapio collecte des donn\u00e9es personnelles aupr\u00e8s des candidats postulant \u00e0 un emploi afin d&rsquo;\u00e9valuer les candidats potentiels.\u00a0 Pour ce faire, nous pouvons collecter des informations de contact, des informations \u00e9ducatives et des d\u00e9tails sur l&rsquo;exp\u00e9rience professionnelle et les qualifications.\u00a0 Sapio est le responsable du traitement de ces donn\u00e9es \u00e0 cette fin, nos fondements juridiques \u00e9tant le consentement, le traitement pr\u00e9alable \u00e0 la conclusion d&rsquo;un contrat et notre int\u00e9r\u00eat l\u00e9gitime \u00e0 \u00e9valuer les candidats potentiels \u00e0 l&#8217;embauche.<\/li>\n\n\n\n<li><strong>Visiteurs du site Internet\u00a0: <\/strong>Notre site Internet utilise des cookies qui peuvent capturer des donn\u00e9es personnelles, telles que votre adresse\u00a0IP. Ces cookies sont utilis\u00e9s pour am\u00e9liorer l&rsquo;exp\u00e9rience de navigation Internet de l&rsquo;utilisateur sur notre site Internet en fournissant des sessions sur plusieurs pages Internet ou pour une utilisation sur divers multim\u00e9dias.\u00a0 Sapio est le responsable du traitement de ces donn\u00e9es, \u00e0 des fins de protection des donn\u00e9es, notre fondement juridique pour la collecte \u00e9tant notre int\u00e9r\u00eat l\u00e9gitime \u00e0 g\u00e9rer efficacement nos sites et \u00e0 am\u00e9liorer nos sites Internet et nos services.<\/li>\n<\/ul>\n\n\n\n<p><strong>Utilisation et partage des donn\u00e9es personnelles<\/strong><\/p>\n\n\n\n<p>Sapio Sciences fait appel \u00e0 un nombre limit\u00e9 de fournisseurs tiers pour l&rsquo;aider \u00e0 fournir des services de conseil et d&rsquo;h\u00e9bergement. Ces fournisseurs tiers peuvent \u00eatre sollicit\u00e9s contractuellement par le client ou Sapio pour des services de conseil ou informatiques, ou pour le compte de Sapio pour r\u00e9pondre aux besoins de l&rsquo;entreprise. Nous acceptons une certaine responsabilit\u00e9 pour les donn\u00e9es qui sont transf\u00e9r\u00e9es \u00e0 des tiers en notre nom, \u00e0 condition que les donn\u00e9es n&rsquo;aient pas \u00e9t\u00e9 consult\u00e9es de mani\u00e8re inappropri\u00e9e. Les tiers sont les suivants\u00a0:<\/p>\n\n\n\n<ul class=\"wp-block-list\">\n<li>H\u00e9bergement AWS\u00a0:\u00a0<a href=\"https:\/\/aws.amazon.com\/privacy\/\">Confidentialit\u00e9 AWS<\/a><\/li>\n\n\n\n<li>Google Analytics\u00a0:\u00a0<a href=\"https:\/\/policies.google.com\/privacy\">Confidentialit\u00e9 Google<\/a><\/li>\n\n\n\n<li>Zifo RnD Solutions\u00a0:\u00a0<a href=\"https:\/\/www.zifornd.com\/privacy-policy.html\">Confidentialit\u00e9 Zifo<\/a><\/li>\n\n\n\n<li>Stripe\u00a0:\u00a0<a href=\"https:\/\/stripe.com\/privacy\">Confidentialit\u00e9 Stripe<\/a><\/li>\n<\/ul>\n\n\n\n<p>Sapio ne divulguera pas\/ne partagera pas d&rsquo;informations personnelles en dehors de ces fournisseurs tiers. Ces fournisseurs et Sapio peuvent \u00eatre situ\u00e9s dans des pays diff\u00e9rents du v\u00f4tre.\u00a0 Les lois sur la protection des donn\u00e9es dans ces pays peuvent diff\u00e9rer de celles de votre pays de r\u00e9sidence.\u00a0 Sapio prend les mesures appropri\u00e9es pour s&rsquo;assurer que les donn\u00e9es personnelles sont trait\u00e9es et transf\u00e9r\u00e9es conform\u00e9ment aux lois applicables.\u00a0 Si n\u00e9cessaire, nous veillons \u00e0 ce que des garanties appropri\u00e9es soient en place gr\u00e2ce \u00e0 l&rsquo;utilisation d&rsquo;accords \u00e9crits, tels que des clauses contractuelles types.\u00a0<\/p>\n\n\n\n<p>Les personnes peuvent demander que leurs informations personnelles ne soient pas partag\u00e9es avec ces entit\u00e9s en contactant le client d\u00e9tenteur du logiciel Sapio qui h\u00e9berge leurs donn\u00e9es. Alternativement, les personnes peuvent \u00e9galement envoyer un e-mail \u00e0 support@sapiosciences.com pour soumettre cette demande et Sapio travaillera avec le client pour s&rsquo;assurer que des mesures sont prises pour emp\u00eacher l&rsquo;acc\u00e8s \u00e0 leurs donn\u00e9es personnelles conform\u00e9ment \u00e0 la demande de la personne.<\/p>\n\n\n\n<p>Sapio ne vendra jamais vos donn\u00e9es personnelles.<\/p>\n\n\n\n<p><strong>Droits des personnes concern\u00e9es<\/strong><\/p>\n\n\n\n<p>Vous disposez de certains droits en ce qui concerne vos donn\u00e9es personnelles, bien que certaines exceptions puissent s&rsquo;appliquer en fonction des fondements que nous utilisons pour le traitement de vos donn\u00e9es personnelles et des lois de votre juridiction.\u00a0 En fonction de ces fondements, vous pouvez avoir le droit de\u00a0:<\/p>\n\n\n\n<ul class=\"wp-block-list\">\n<li>Acc\u00e9der aux informations personnelles que nous d\u00e9tenons \u00e0 votre sujet ou en demander une copie\u00a0;<\/li>\n\n\n\n<li>Nous demander de corriger des informations que vous jugez inexactes ou incompl\u00e8tes\u00a0;<\/li>\n\n\n\n<li>Nous demander de supprimer vos donn\u00e9es personnelles\u00a0;<\/li>\n\n\n\n<li>Nous demander de limiter le traitement de vos donn\u00e9es personnelles\u00a0;<\/li>\n\n\n\n<li>Vous opposer au traitement de vos donn\u00e9es personnelles\u00a0;<\/li>\n\n\n\n<li>Nous demander de transf\u00e9rer vos donn\u00e9es personnelles\u00a0;<\/li>\n\n\n\n<li>Retirer votre consentement au traitement de vos donn\u00e9es personnelles si vous l&rsquo;aviez fourni\u00a0;<\/li>\n\n\n\n<li>D\u00e9poser une plainte aupr\u00e8s de votre autorit\u00e9 locale de protection des donn\u00e9es, m\u00eame si nous vous demandons de nous contacter en premier.<\/li>\n<\/ul>\n\n\n\n<p>En ce qui concerne les donn\u00e9es client, Sapio a une capacit\u00e9 limit\u00e9e \u00e0 identifier et \u00e0 acc\u00e9der aux donn\u00e9es personnelles d&rsquo;un utilisateur individuel qu&rsquo;un client a soumises via le logiciel Sapio. Si vous souhaitez demander l&rsquo;acc\u00e8s, limiter l&rsquo;utilisation ou limiter la divulgation, nous renverrons d&rsquo;abord votre demande au client qui a soumis vos donn\u00e9es personnelles, car il administrera le contr\u00f4le d&rsquo;acc\u00e8s \u00e0 ses propres donn\u00e9es, et nous le soutiendrons si n\u00e9cessaire.<\/p>\n\n\n\n<p>Pour exercer l&rsquo;un de ces droits, veuillez nous adresser un e-mail \u00e0 <a href=\"mailto:dsar@sapiosciences.com\">dsar@sapiosciences.com<\/a>.\u00a0 Si des restrictions s&rsquo;appliquent, nous examinerons chaque circonstance et nous vous fournirons la raison si nous ne pouvons pas r\u00e9pondre \u00e0 votre demande.\u00a0 Comme l&rsquo;exige la loi, nous pouvons prendre des mesures pour v\u00e9rifier votre identit\u00e9 avant de prendre des mesures concernant vos donn\u00e9es personnelles.<\/p>\n\n\n\n<p><strong>Conservation des donn\u00e9es<\/strong><\/p>\n\n\n\n<p>Sapio ne conservera vos donn\u00e9es personnelles que le temps raisonnablement jug\u00e9 n\u00e9cessaire \u00e0 des fins l\u00e9gales, contractuelles ou commerciales.\u00a0 Pendant ces p\u00e9riodes, nous appliquons des mesures techniques et organisationnelles appropri\u00e9es pour garantir le maintien de la confidentialit\u00e9 de vos donn\u00e9es personnelles.<\/p>\n\n\n\n<p><strong>Questions ou plaintes<\/strong><\/p>\n\n\n\n<p>Si vous avez des questions sur la fa\u00e7on dont nous prot\u00e9geons vos donn\u00e9es personnelles ou nous conformons aux lois sur la protection des donn\u00e9es de votre pays ou de votre \u00c9tat de r\u00e9sidence, vous pouvez nous contacter \u00e0 l&rsquo;adresse <a href=\"mailto:support@sapiosciences.com\">support@sapiosciences.com<\/a>\u00a0ou \u00e0 notre adresse postale\u00a0:<\/p>\n\n\n\n<p>Sapio Sciences LLC<br\/>400 East Pratt St, Suite 800<br\/>Baltimore, MD 21202<br\/>\u00c9tats-Unis<\/p>\n\n\n\n<p>Nous collaborerons avec vous pour r\u00e9soudre votre probl\u00e8me.<\/p>\n\n\n\n<p><strong>R\u00e8glement des diff\u00e9rends et arbitrage<\/strong><\/p>\n\n\n\n<p>Nous nous engageons \u00e0 coop\u00e9rer avec les autorit\u00e9s de protection des donn\u00e9es (APD) comp\u00e9tentes de l&rsquo;EEE, de la Suisse et du Royaume-Uni en ce qui concerne les donn\u00e9es transf\u00e9r\u00e9es depuis l&rsquo;un de ces pays.<\/p>\n\n\n\n<p>Vous pouvez \u00eatre en mesure d&rsquo;invoquer l&rsquo;arbitrage ex\u00e9cutoire pour les plaintes non r\u00e9solues, mais avant d&rsquo;engager un tel arbitrage, un r\u00e9sident d&rsquo;un pays de l&rsquo;EEE doit d&rsquo;abord\u00a0: (1) nous contacter et nous donner la possibilit\u00e9 de r\u00e9soudre le probl\u00e8me\u00a0; (2) demander l&rsquo;aide du D\u00e9partement du commerce des \u00c9tats-Unis (directement ou par l&rsquo;interm\u00e9diaire d&rsquo;une Autorit\u00e9 de protection des donn\u00e9es europ\u00e9enne) et accorder au D\u00e9partement du commerce le temps pour tenter de r\u00e9soudre le probl\u00e8me. Si un tel r\u00e9sident invoque un arbitrage ex\u00e9cutoire, chaque partie sera responsable de ses propres honoraires d&rsquo;avocat. Veuillez noter que le ou les arbitres ne peuvent imposer que la r\u00e9paration individuelle, non mon\u00e9taire et \u00e9quitable n\u00e9cessaire pour rem\u00e9dier \u00e0 toute violation de la politique de confidentialit\u00e9 \u00e0 l&rsquo;\u00e9gard du r\u00e9sident.<\/p>\n\n\n\n<p><strong>Obligation de divulgation<\/strong><\/p>\n\n\n\n<p>Nous pouvons divulguer des donn\u00e9es personnelles lorsque nous croyons de bonne foi qu&rsquo;une telle action est n\u00e9cessaire aux fins suivantes\u00a0: pour nous conformer aux exigences l\u00e9gales ou pour r\u00e9pondre aux demandes l\u00e9gales des autorit\u00e9s publiques, y compris pour r\u00e9pondre aux exigences de s\u00e9curit\u00e9 nationale ou d&rsquo;application de la loi\u00a0; ou encore pour faire respecter nos obligations contractuelles.<\/p>\n\n\n\n<p><strong>Actualisation de la pr\u00e9sente Politique de confidentialit\u00e9<\/strong><\/p>\n\n\n\n<p>Sapio se r\u00e9serve le droit de modifier le pr\u00e9sent Avis de confidentialit\u00e9 le cas \u00e9ch\u00e9ant. \u00a0Sapio maintiendra sa politique actuelle sur ce site Internet, veuillez donc v\u00e9rifier cette page pour voir les derni\u00e8res mises \u00e0 jour, qui seront indiqu\u00e9es \u00e0 la date d&rsquo;entr\u00e9e en vigueur. \u00a0Votre utilisation continue du site Internet de Sapio Sciences, de Sapio et de tout autre service offert par Sapio Sciences, LLC apr\u00e8s de telles modifications constituera\u00a0: (a) votre reconnaissance de l&rsquo;Avis de confidentialit\u00e9 tel que modifi\u00e9\u00a0; et (b) votre accord pour respecter et \u00eatre li\u00e9 par cet avis.<\/p>\n<\/div>\n<\/section>\n","protected":false},"excerpt":{"rendered":"","protected":false},"author":3,"featured_media":0,"parent":0,"menu_order":0,"comment_status":"closed","ping_status":"closed","template":"","meta":{"_acf_changed":false,"content-type":"","inline_featured_image":false,"footnotes":""},"class_list":["post-3507","page","type-page","status-publish","hentry"],"acf":[],"yoast_head":"<!-- This site is optimized with the Yoast SEO Premium plugin v27.2 (Yoast SEO v27.2) - https:\/\/yoast.com\/product\/yoast-seo-premium-wordpress\/ -->\n<title>Avis de confidentialit\u00e9 | Sapio Sciences<\/title>\n<meta name=\"robots\" content=\"index, follow, max-snippet:-1, max-image-preview:large, max-video-preview:-1\" \/>\n<link rel=\"canonical\" href=\"https:\/\/www.sapiosciences.com\/fr\/avis-de-confidentialite\/\" \/>\n<meta property=\"og:locale\" content=\"fr_FR\" \/>\n<meta property=\"og:type\" content=\"article\" \/>\n<meta property=\"og:title\" content=\"Avis de confidentialit\u00e9\" \/>\n<meta property=\"og:url\" content=\"https:\/\/www.sapiosciences.com\/fr\/avis-de-confidentialite\/\" \/>\n<meta property=\"og:site_name\" content=\"Sapio Sciences\" \/>\n<meta property=\"article:modified_time\" content=\"2023-10-06T17:18:29+00:00\" \/>\n<meta property=\"og:image\" content=\"https:\/\/www.sapiosciences.com\/wp-content\/uploads\/2023\/05\/privacy-notice-pre.webp\" \/>\n<meta name=\"twitter:card\" content=\"summary_large_image\" \/>\n<meta name=\"twitter:label1\" content=\"Dur\u00e9e de lecture estim\u00e9e\" \/>\n\t<meta name=\"twitter:data1\" content=\"8 minutes\" \/>\n<script type=\"application\/ld+json\" class=\"yoast-schema-graph\">{\"@context\":\"https:\/\/schema.org\",\"@graph\":[{\"@type\":\"WebPage\",\"@id\":\"https:\/\/www.sapiosciences.com\/fr\/avis-de-confidentialite\/\",\"url\":\"https:\/\/www.sapiosciences.com\/fr\/avis-de-confidentialite\/\",\"name\":\"Avis de confidentialit\u00e9 | Sapio Sciences\",\"isPartOf\":{\"@id\":\"https:\/\/www.sapiosciences.com\/fr\/#website\"},\"primaryImageOfPage\":{\"@id\":\"https:\/\/www.sapiosciences.com\/fr\/avis-de-confidentialite\/#primaryimage\"},\"image\":{\"@id\":\"https:\/\/www.sapiosciences.com\/fr\/avis-de-confidentialite\/#primaryimage\"},\"thumbnailUrl\":\"https:\/\/www.sapiosciences.com\/wp-content\/uploads\/2023\/05\/privacy-notice-pre.webp\",\"datePublished\":\"2023-05-05T18:38:04+00:00\",\"dateModified\":\"2023-10-06T17:18:29+00:00\",\"breadcrumb\":{\"@id\":\"https:\/\/www.sapiosciences.com\/fr\/avis-de-confidentialite\/#breadcrumb\"},\"inLanguage\":\"fr-FR\",\"potentialAction\":[{\"@type\":\"ReadAction\",\"target\":[\"https:\/\/www.sapiosciences.com\/fr\/avis-de-confidentialite\/\"]}]},{\"@type\":\"ImageObject\",\"inLanguage\":\"fr-FR\",\"@id\":\"https:\/\/www.sapiosciences.com\/fr\/avis-de-confidentialite\/#primaryimage\",\"url\":\"https:\/\/www.sapiosciences.com\/wp-content\/uploads\/2023\/05\/privacy-notice-pre.webp\",\"contentUrl\":\"https:\/\/www.sapiosciences.com\/wp-content\/uploads\/2023\/05\/privacy-notice-pre.webp\"},{\"@type\":\"BreadcrumbList\",\"@id\":\"https:\/\/www.sapiosciences.com\/fr\/avis-de-confidentialite\/#breadcrumb\",\"itemListElement\":[{\"@type\":\"ListItem\",\"position\":1,\"name\":\"Home\",\"item\":\"https:\/\/www.sapiosciences.com\/fr\/\"},{\"@type\":\"ListItem\",\"position\":2,\"name\":\"Avis de confidentialit\u00e9\"}]},{\"@type\":\"WebSite\",\"@id\":\"https:\/\/www.sapiosciences.com\/fr\/#website\",\"url\":\"https:\/\/www.sapiosciences.com\/fr\/\",\"name\":\"Sapio Sciences\",\"description\":\"Au c\u0153ur de la science.\",\"publisher\":{\"@id\":\"https:\/\/www.sapiosciences.com\/fr\/#organization\"},\"potentialAction\":[{\"@type\":\"SearchAction\",\"target\":{\"@type\":\"EntryPoint\",\"urlTemplate\":\"https:\/\/www.sapiosciences.com\/fr\/?s={search_term_string}\"},\"query-input\":{\"@type\":\"PropertyValueSpecification\",\"valueRequired\":true,\"valueName\":\"search_term_string\"}}],\"inLanguage\":\"fr-FR\"},{\"@type\":\"Organization\",\"@id\":\"https:\/\/www.sapiosciences.com\/fr\/#organization\",\"name\":\"Sapio Sciences\",\"url\":\"https:\/\/www.sapiosciences.com\/fr\/\",\"logo\":{\"@type\":\"ImageObject\",\"inLanguage\":\"fr-FR\",\"@id\":\"https:\/\/www.sapiosciences.com\/fr\/#\/schema\/logo\/image\/\",\"url\":\"https:\/\/www.sapiosciences.com\/wp-content\/uploads\/2023\/09\/sapio-sciences-logo-color.png\",\"contentUrl\":\"https:\/\/www.sapiosciences.com\/wp-content\/uploads\/2023\/09\/sapio-sciences-logo-color.png\",\"width\":290,\"height\":88,\"caption\":\"Sapio Sciences\"},\"image\":{\"@id\":\"https:\/\/www.sapiosciences.com\/fr\/#\/schema\/logo\/image\/\"}}]}<\/script>\n<!-- \/ Yoast SEO Premium plugin. -->","yoast_head_json":{"title":"Avis de confidentialit\u00e9 | Sapio Sciences","robots":{"index":"index","follow":"follow","max-snippet":"max-snippet:-1","max-image-preview":"max-image-preview:large","max-video-preview":"max-video-preview:-1"},"canonical":"https:\/\/www.sapiosciences.com\/fr\/avis-de-confidentialite\/","og_locale":"fr_FR","og_type":"article","og_title":"Avis de confidentialit\u00e9","og_url":"https:\/\/www.sapiosciences.com\/fr\/avis-de-confidentialite\/","og_site_name":"Sapio Sciences","article_modified_time":"2023-10-06T17:18:29+00:00","og_image":[{"url":"https:\/\/www.sapiosciences.com\/wp-content\/uploads\/2023\/05\/privacy-notice-pre.webp","type":"","width":"","height":""}],"twitter_card":"summary_large_image","twitter_misc":{"Dur\u00e9e de lecture estim\u00e9e":"8 minutes"},"schema":{"@context":"https:\/\/schema.org","@graph":[{"@type":"WebPage","@id":"https:\/\/www.sapiosciences.com\/fr\/avis-de-confidentialite\/","url":"https:\/\/www.sapiosciences.com\/fr\/avis-de-confidentialite\/","name":"Avis de confidentialit\u00e9 | Sapio Sciences","isPartOf":{"@id":"https:\/\/www.sapiosciences.com\/fr\/#website"},"primaryImageOfPage":{"@id":"https:\/\/www.sapiosciences.com\/fr\/avis-de-confidentialite\/#primaryimage"},"image":{"@id":"https:\/\/www.sapiosciences.com\/fr\/avis-de-confidentialite\/#primaryimage"},"thumbnailUrl":"https:\/\/www.sapiosciences.com\/wp-content\/uploads\/2023\/05\/privacy-notice-pre.webp","datePublished":"2023-05-05T18:38:04+00:00","dateModified":"2023-10-06T17:18:29+00:00","breadcrumb":{"@id":"https:\/\/www.sapiosciences.com\/fr\/avis-de-confidentialite\/#breadcrumb"},"inLanguage":"fr-FR","potentialAction":[{"@type":"ReadAction","target":["https:\/\/www.sapiosciences.com\/fr\/avis-de-confidentialite\/"]}]},{"@type":"ImageObject","inLanguage":"fr-FR","@id":"https:\/\/www.sapiosciences.com\/fr\/avis-de-confidentialite\/#primaryimage","url":"https:\/\/www.sapiosciences.com\/wp-content\/uploads\/2023\/05\/privacy-notice-pre.webp","contentUrl":"https:\/\/www.sapiosciences.com\/wp-content\/uploads\/2023\/05\/privacy-notice-pre.webp"},{"@type":"BreadcrumbList","@id":"https:\/\/www.sapiosciences.com\/fr\/avis-de-confidentialite\/#breadcrumb","itemListElement":[{"@type":"ListItem","position":1,"name":"Home","item":"https:\/\/www.sapiosciences.com\/fr\/"},{"@type":"ListItem","position":2,"name":"Avis de confidentialit\u00e9"}]},{"@type":"WebSite","@id":"https:\/\/www.sapiosciences.com\/fr\/#website","url":"https:\/\/www.sapiosciences.com\/fr\/","name":"Sapio Sciences","description":"Au c\u0153ur de la science.","publisher":{"@id":"https:\/\/www.sapiosciences.com\/fr\/#organization"},"potentialAction":[{"@type":"SearchAction","target":{"@type":"EntryPoint","urlTemplate":"https:\/\/www.sapiosciences.com\/fr\/?s={search_term_string}"},"query-input":{"@type":"PropertyValueSpecification","valueRequired":true,"valueName":"search_term_string"}}],"inLanguage":"fr-FR"},{"@type":"Organization","@id":"https:\/\/www.sapiosciences.com\/fr\/#organization","name":"Sapio Sciences","url":"https:\/\/www.sapiosciences.com\/fr\/","logo":{"@type":"ImageObject","inLanguage":"fr-FR","@id":"https:\/\/www.sapiosciences.com\/fr\/#\/schema\/logo\/image\/","url":"https:\/\/www.sapiosciences.com\/wp-content\/uploads\/2023\/09\/sapio-sciences-logo-color.png","contentUrl":"https:\/\/www.sapiosciences.com\/wp-content\/uploads\/2023\/09\/sapio-sciences-logo-color.png","width":290,"height":88,"caption":"Sapio Sciences"},"image":{"@id":"https:\/\/www.sapiosciences.com\/fr\/#\/schema\/logo\/image\/"}}]}},"_links":{"self":[{"href":"https:\/\/www.sapiosciences.com\/fr\/wp-json\/wp\/v2\/pages\/3507","targetHints":{"allow":["GET"]}}],"collection":[{"href":"https:\/\/www.sapiosciences.com\/fr\/wp-json\/wp\/v2\/pages"}],"about":[{"href":"https:\/\/www.sapiosciences.com\/fr\/wp-json\/wp\/v2\/types\/page"}],"author":[{"embeddable":true,"href":"https:\/\/www.sapiosciences.com\/fr\/wp-json\/wp\/v2\/users\/3"}],"replies":[{"embeddable":true,"href":"https:\/\/www.sapiosciences.com\/fr\/wp-json\/wp\/v2\/comments?post=3507"}],"version-history":[{"count":0,"href":"https:\/\/www.sapiosciences.com\/fr\/wp-json\/wp\/v2\/pages\/3507\/revisions"}],"wp:attachment":[{"href":"https:\/\/www.sapiosciences.com\/fr\/wp-json\/wp\/v2\/media?parent=3507"}],"curies":[{"name":"wp","href":"https:\/\/api.w.org\/{rel}","templated":true}]}}