{"id":3444,"date":"2023-05-05T19:53:41","date_gmt":"2023-05-05T18:53:41","guid":{"rendered":"https:\/\/www.sapiosciences.com\/demander-une-demo\/"},"modified":"2024-10-22T16:55:34","modified_gmt":"2024-10-22T15:55:34","slug":"demander-une-demo","status":"publish","type":"page","link":"https:\/\/www.sapiosciences.com\/fr\/demander-une-demo\/","title":{"rendered":"Demander une d\u00e9mo"},"content":{"rendered":"\n<section class=\"wp-block-mkl-section-block has-lightgrey-background-color split-header\">\n<div class=\"wp-block-mkl-section-block bg-container\">\n<figure class=\"wp-block-image size-full\"><img loading=\"lazy\" decoding=\"async\" width=\"250\" height=\"375\" src=\"https:\/\/www.sapiosciences.com\/wp-content\/uploads\/2023\/05\/contact-leader-in-lims-eln-knowledge-management.webp\" alt=\"contacter le responsable en gestion des connaissances sur les ELN ou les LIMS\" class=\"wp-image-480\" srcset=\"https:\/\/www.sapiosciences.com\/wp-content\/uploads\/2023\/05\/contact-leader-in-lims-eln-knowledge-management.webp 250w, https:\/\/www.sapiosciences.com\/wp-content\/uploads\/2023\/05\/contact-leader-in-lims-eln-knowledge-management-200x300.webp 200w\" sizes=\"auto, (max-width: 250px) 100vw, 250px\" \/><\/figure>\n\n\n\n<figure class=\"wp-block-image size-full\"><img loading=\"lazy\" decoding=\"async\" width=\"250\" height=\"375\" src=\"https:\/\/www.sapiosciences.com\/wp-content\/uploads\/2023\/05\/request-demo-sapio.webp\" alt=\"demander une d\u00e9mo de sapio\" class=\"wp-image-1026\" srcset=\"https:\/\/www.sapiosciences.com\/wp-content\/uploads\/2023\/05\/request-demo-sapio.webp 250w, https:\/\/www.sapiosciences.com\/wp-content\/uploads\/2023\/05\/request-demo-sapio-200x300.webp 200w\" sizes=\"auto, (max-width: 250px) 100vw, 250px\" \/><\/figure>\n<\/div>\n\n\n\n<div class=\"wp-block-mkl-section-block container\">\n<h1 class=\"wp-block-heading has-text-align-center\" id=\"h-demander-une-demo\">Demander une d\u00e9mo<\/h1>\n\n\n\n<p class=\"has-text-align-center maxc700\">Sapio Sciences est un fournisseur majeur de solutions de <a href=\"https:\/\/www.sapiosciences.com\/fr\/produits\/sapio-lims\/\">LIMS<\/a>, de <a href=\"https:\/\/www.sapiosciences.com\/fr\/produits\/sapio-eln\/\">cahier de laboratoire \u00e9lectronique et de gestion des donn\u00e9es scientifiques<\/a>, r\u00e9unies sur une seule plateforme science-aware\u2122 unifi\u00e9e. Programmez votre d\u00e9monstration produit d\u00e8s aujourd&rsquo;hui. <\/p>\n<\/div>\n<\/section>\n\n\n\n<section class=\"wp-block-mkl-section-block\">\n<div class=\"wp-block-mkl-section-block container\">\n<div class=\"wp-block-group panel shadow light has-aqua-to-lightblue-gradient-background has-background is-layout-constrained wp-block-group-is-layout-constrained\">\n<p class=\"has-normal-font-size\">Nous serons heureux de r\u00e9pondre \u00e0 vos demandes.<\/p>\n\n\n\n<script charset=\"utf-8\" type=\"text\/javascript\" src=\"\/\/js.hsforms.net\/forms\/embed\/v2.js\"><\/script>\n<script>\n  hbspt.forms.create({\n    region: \"na1\",\n    portalId: \"43825818\",\n    formId: \"54da6f04-8cb0-4232-8cb9-85df6d692646\"\n  });\n<\/script>\n<\/div>\n<\/div>\n<\/section>\n","protected":false},"excerpt":{"rendered":"","protected":false},"author":3,"featured_media":0,"parent":0,"menu_order":0,"comment_status":"closed","ping_status":"closed","template":"","meta":{"_acf_changed":false,"content-type":"","inline_featured_image":false,"footnotes":""},"class_list":["post-3444","page","type-page","status-publish","hentry"],"acf":[],"yoast_head":"<!-- This site is optimized with the Yoast SEO Premium plugin v27.4 (Yoast SEO v27.4) - https:\/\/yoast.com\/product\/yoast-seo-premium-wordpress\/ -->\n<title>Programmer une d\u00e9mo | Sapio Sciences<\/title>\n<meta name=\"description\" content=\"D\u00e9couvrez toute la puissance de la plateforme d&#039;informatique de laboratoire unifi\u00e9e de Sapio en programmant d\u00e8s aujourd&#039;hui une d\u00e9monstration dans un environnement de production.\" \/>\n<meta name=\"robots\" content=\"index, follow, max-snippet:-1, max-image-preview:large, max-video-preview:-1\" \/>\n<link rel=\"canonical\" href=\"https:\/\/www.sapiosciences.com\/fr\/demander-une-demo\/\" \/>\n<meta property=\"og:locale\" content=\"fr_FR\" \/>\n<meta property=\"og:type\" content=\"article\" \/>\n<meta property=\"og:title\" content=\"Demander une d\u00e9mo\" \/>\n<meta property=\"og:description\" content=\"D\u00e9couvrez toute la puissance de la plateforme d&#039;informatique de laboratoire unifi\u00e9e de Sapio en programmant d\u00e8s aujourd&#039;hui une d\u00e9monstration dans un environnement de production.\" \/>\n<meta property=\"og:url\" content=\"https:\/\/www.sapiosciences.com\/fr\/demander-une-demo\/\" \/>\n<meta property=\"og:site_name\" content=\"Sapio Sciences\" \/>\n<meta property=\"article:modified_time\" content=\"2024-10-22T15:55:34+00:00\" \/>\n<meta property=\"og:image\" content=\"https:\/\/www.sapiosciences.com\/wp-content\/uploads\/2023\/05\/contact-leader-in-lims-eln-knowledge-management.webp\" \/>\n\t<meta property=\"og:image:width\" content=\"250\" \/>\n\t<meta property=\"og:image:height\" content=\"375\" \/>\n\t<meta property=\"og:image:type\" content=\"image\/webp\" \/>\n<meta name=\"twitter:card\" content=\"summary_large_image\" \/>\n<meta name=\"twitter:label1\" content=\"Dur\u00e9e de lecture estim\u00e9e\" \/>\n\t<meta name=\"twitter:data1\" content=\"1 minute\" \/>\n<script type=\"application\/ld+json\" class=\"yoast-schema-graph\">{\"@context\":\"https:\\\/\\\/schema.org\",\"@graph\":[{\"@type\":\"WebPage\",\"@id\":\"https:\\\/\\\/www.sapiosciences.com\\\/fr\\\/demander-une-demo\\\/\",\"url\":\"https:\\\/\\\/www.sapiosciences.com\\\/fr\\\/demander-une-demo\\\/\",\"name\":\"Programmer une d\u00e9mo | Sapio Sciences\",\"isPartOf\":{\"@id\":\"https:\\\/\\\/www.sapiosciences.com\\\/fr\\\/#website\"},\"primaryImageOfPage\":{\"@id\":\"https:\\\/\\\/www.sapiosciences.com\\\/fr\\\/demander-une-demo\\\/#primaryimage\"},\"image\":{\"@id\":\"https:\\\/\\\/www.sapiosciences.com\\\/fr\\\/demander-une-demo\\\/#primaryimage\"},\"thumbnailUrl\":\"https:\\\/\\\/www.sapiosciences.com\\\/wp-content\\\/uploads\\\/2023\\\/05\\\/contact-leader-in-lims-eln-knowledge-management.webp\",\"datePublished\":\"2023-05-05T18:53:41+00:00\",\"dateModified\":\"2024-10-22T15:55:34+00:00\",\"description\":\"D\u00e9couvrez toute la puissance de la plateforme d'informatique de laboratoire unifi\u00e9e de Sapio en programmant d\u00e8s aujourd'hui une d\u00e9monstration dans un environnement de production.\",\"breadcrumb\":{\"@id\":\"https:\\\/\\\/www.sapiosciences.com\\\/fr\\\/demander-une-demo\\\/#breadcrumb\"},\"inLanguage\":\"fr-FR\",\"potentialAction\":[{\"@type\":\"ReadAction\",\"target\":[\"https:\\\/\\\/www.sapiosciences.com\\\/fr\\\/demander-une-demo\\\/\"]}]},{\"@type\":\"ImageObject\",\"inLanguage\":\"fr-FR\",\"@id\":\"https:\\\/\\\/www.sapiosciences.com\\\/fr\\\/demander-une-demo\\\/#primaryimage\",\"url\":\"https:\\\/\\\/www.sapiosciences.com\\\/wp-content\\\/uploads\\\/2023\\\/05\\\/contact-leader-in-lims-eln-knowledge-management.webp\",\"contentUrl\":\"https:\\\/\\\/www.sapiosciences.com\\\/wp-content\\\/uploads\\\/2023\\\/05\\\/contact-leader-in-lims-eln-knowledge-management.webp\"},{\"@type\":\"BreadcrumbList\",\"@id\":\"https:\\\/\\\/www.sapiosciences.com\\\/fr\\\/demander-une-demo\\\/#breadcrumb\",\"itemListElement\":[{\"@type\":\"ListItem\",\"position\":1,\"name\":\"Home\",\"item\":\"https:\\\/\\\/www.sapiosciences.com\\\/fr\\\/\"},{\"@type\":\"ListItem\",\"position\":2,\"name\":\"Demander une d\u00e9mo\"}]},{\"@type\":\"WebSite\",\"@id\":\"https:\\\/\\\/www.sapiosciences.com\\\/fr\\\/#website\",\"url\":\"https:\\\/\\\/www.sapiosciences.com\\\/fr\\\/\",\"name\":\"Sapio Sciences\",\"description\":\"Au c\u0153ur de la science.\",\"publisher\":{\"@id\":\"https:\\\/\\\/www.sapiosciences.com\\\/fr\\\/#organization\"},\"potentialAction\":[{\"@type\":\"SearchAction\",\"target\":{\"@type\":\"EntryPoint\",\"urlTemplate\":\"https:\\\/\\\/www.sapiosciences.com\\\/fr\\\/?s={search_term_string}\"},\"query-input\":{\"@type\":\"PropertyValueSpecification\",\"valueRequired\":true,\"valueName\":\"search_term_string\"}}],\"inLanguage\":\"fr-FR\"},{\"@type\":\"Organization\",\"@id\":\"https:\\\/\\\/www.sapiosciences.com\\\/fr\\\/#organization\",\"name\":\"Sapio Sciences\",\"url\":\"https:\\\/\\\/www.sapiosciences.com\\\/fr\\\/\",\"logo\":{\"@type\":\"ImageObject\",\"inLanguage\":\"fr-FR\",\"@id\":\"https:\\\/\\\/www.sapiosciences.com\\\/fr\\\/#\\\/schema\\\/logo\\\/image\\\/\",\"url\":\"https:\\\/\\\/www.sapiosciences.com\\\/wp-content\\\/uploads\\\/2023\\\/09\\\/sapio-sciences-logo-color.png\",\"contentUrl\":\"https:\\\/\\\/www.sapiosciences.com\\\/wp-content\\\/uploads\\\/2023\\\/09\\\/sapio-sciences-logo-color.png\",\"width\":290,\"height\":88,\"caption\":\"Sapio Sciences\"},\"image\":{\"@id\":\"https:\\\/\\\/www.sapiosciences.com\\\/fr\\\/#\\\/schema\\\/logo\\\/image\\\/\"}}]}<\/script>\n<!-- \/ Yoast SEO Premium plugin. -->","yoast_head_json":{"title":"Programmer une d\u00e9mo | Sapio Sciences","description":"D\u00e9couvrez toute la puissance de la plateforme d'informatique de laboratoire unifi\u00e9e de Sapio en programmant d\u00e8s aujourd'hui une d\u00e9monstration dans un environnement de production.","robots":{"index":"index","follow":"follow","max-snippet":"max-snippet:-1","max-image-preview":"max-image-preview:large","max-video-preview":"max-video-preview:-1"},"canonical":"https:\/\/www.sapiosciences.com\/fr\/demander-une-demo\/","og_locale":"fr_FR","og_type":"article","og_title":"Demander une d\u00e9mo","og_description":"D\u00e9couvrez toute la puissance de la plateforme d'informatique de laboratoire unifi\u00e9e de Sapio en programmant d\u00e8s aujourd'hui une d\u00e9monstration dans un environnement de production.","og_url":"https:\/\/www.sapiosciences.com\/fr\/demander-une-demo\/","og_site_name":"Sapio Sciences","article_modified_time":"2024-10-22T15:55:34+00:00","og_image":[{"width":250,"height":375,"url":"https:\/\/www.sapiosciences.com\/wp-content\/uploads\/2023\/05\/contact-leader-in-lims-eln-knowledge-management.webp","type":"image\/webp"}],"twitter_card":"summary_large_image","twitter_misc":{"Dur\u00e9e de lecture estim\u00e9e":"1 minute"},"schema":{"@context":"https:\/\/schema.org","@graph":[{"@type":"WebPage","@id":"https:\/\/www.sapiosciences.com\/fr\/demander-une-demo\/","url":"https:\/\/www.sapiosciences.com\/fr\/demander-une-demo\/","name":"Programmer une d\u00e9mo | Sapio Sciences","isPartOf":{"@id":"https:\/\/www.sapiosciences.com\/fr\/#website"},"primaryImageOfPage":{"@id":"https:\/\/www.sapiosciences.com\/fr\/demander-une-demo\/#primaryimage"},"image":{"@id":"https:\/\/www.sapiosciences.com\/fr\/demander-une-demo\/#primaryimage"},"thumbnailUrl":"https:\/\/www.sapiosciences.com\/wp-content\/uploads\/2023\/05\/contact-leader-in-lims-eln-knowledge-management.webp","datePublished":"2023-05-05T18:53:41+00:00","dateModified":"2024-10-22T15:55:34+00:00","description":"D\u00e9couvrez toute la puissance de la plateforme d'informatique de laboratoire unifi\u00e9e de Sapio en programmant d\u00e8s aujourd'hui une d\u00e9monstration dans un environnement de production.","breadcrumb":{"@id":"https:\/\/www.sapiosciences.com\/fr\/demander-une-demo\/#breadcrumb"},"inLanguage":"fr-FR","potentialAction":[{"@type":"ReadAction","target":["https:\/\/www.sapiosciences.com\/fr\/demander-une-demo\/"]}]},{"@type":"ImageObject","inLanguage":"fr-FR","@id":"https:\/\/www.sapiosciences.com\/fr\/demander-une-demo\/#primaryimage","url":"https:\/\/www.sapiosciences.com\/wp-content\/uploads\/2023\/05\/contact-leader-in-lims-eln-knowledge-management.webp","contentUrl":"https:\/\/www.sapiosciences.com\/wp-content\/uploads\/2023\/05\/contact-leader-in-lims-eln-knowledge-management.webp"},{"@type":"BreadcrumbList","@id":"https:\/\/www.sapiosciences.com\/fr\/demander-une-demo\/#breadcrumb","itemListElement":[{"@type":"ListItem","position":1,"name":"Home","item":"https:\/\/www.sapiosciences.com\/fr\/"},{"@type":"ListItem","position":2,"name":"Demander une d\u00e9mo"}]},{"@type":"WebSite","@id":"https:\/\/www.sapiosciences.com\/fr\/#website","url":"https:\/\/www.sapiosciences.com\/fr\/","name":"Sapio Sciences","description":"Au c\u0153ur de la science.","publisher":{"@id":"https:\/\/www.sapiosciences.com\/fr\/#organization"},"potentialAction":[{"@type":"SearchAction","target":{"@type":"EntryPoint","urlTemplate":"https:\/\/www.sapiosciences.com\/fr\/?s={search_term_string}"},"query-input":{"@type":"PropertyValueSpecification","valueRequired":true,"valueName":"search_term_string"}}],"inLanguage":"fr-FR"},{"@type":"Organization","@id":"https:\/\/www.sapiosciences.com\/fr\/#organization","name":"Sapio Sciences","url":"https:\/\/www.sapiosciences.com\/fr\/","logo":{"@type":"ImageObject","inLanguage":"fr-FR","@id":"https:\/\/www.sapiosciences.com\/fr\/#\/schema\/logo\/image\/","url":"https:\/\/www.sapiosciences.com\/wp-content\/uploads\/2023\/09\/sapio-sciences-logo-color.png","contentUrl":"https:\/\/www.sapiosciences.com\/wp-content\/uploads\/2023\/09\/sapio-sciences-logo-color.png","width":290,"height":88,"caption":"Sapio Sciences"},"image":{"@id":"https:\/\/www.sapiosciences.com\/fr\/#\/schema\/logo\/image\/"}}]}},"_links":{"self":[{"href":"https:\/\/www.sapiosciences.com\/fr\/wp-json\/wp\/v2\/pages\/3444","targetHints":{"allow":["GET"]}}],"collection":[{"href":"https:\/\/www.sapiosciences.com\/fr\/wp-json\/wp\/v2\/pages"}],"about":[{"href":"https:\/\/www.sapiosciences.com\/fr\/wp-json\/wp\/v2\/types\/page"}],"author":[{"embeddable":true,"href":"https:\/\/www.sapiosciences.com\/fr\/wp-json\/wp\/v2\/users\/3"}],"replies":[{"embeddable":true,"href":"https:\/\/www.sapiosciences.com\/fr\/wp-json\/wp\/v2\/comments?post=3444"}],"version-history":[{"count":0,"href":"https:\/\/www.sapiosciences.com\/fr\/wp-json\/wp\/v2\/pages\/3444\/revisions"}],"wp:attachment":[{"href":"https:\/\/www.sapiosciences.com\/fr\/wp-json\/wp\/v2\/media?parent=3444"}],"curies":[{"name":"wp","href":"https:\/\/api.w.org\/{rel}","templated":true}]}}