{"id":3354,"date":"2023-05-01T18:25:52","date_gmt":"2023-05-01T17:25:52","guid":{"rendered":"https:\/\/www.sapiosciences.com\/nous-contacter\/"},"modified":"2023-10-06T17:15:01","modified_gmt":"2023-10-06T17:15:01","slug":"nous-contacter","status":"publish","type":"page","link":"https:\/\/www.sapiosciences.com\/fr\/nous-contacter\/","title":{"rendered":"Nous contacter"},"content":{"rendered":"\n<section class=\"wp-block-mkl-section-block has-lightgrey-background-color split-header\">\n<div class=\"wp-block-mkl-section-block bg-container\">\n<figure class=\"wp-block-image size-full\"><img loading=\"lazy\" decoding=\"async\" width=\"250\" height=\"375\" src=\"https:\/\/www.sapiosciences.com\/wp-content\/uploads\/2023\/05\/contact-leader-in-lims-eln-knowledge-management.webp\" alt=\"contacter le responsable en gestion des connaissances sur les ELN ou les LIMS\" class=\"wp-image-480\" srcset=\"https:\/\/www.sapiosciences.com\/wp-content\/uploads\/2023\/05\/contact-leader-in-lims-eln-knowledge-management.webp 250w, https:\/\/www.sapiosciences.com\/wp-content\/uploads\/2023\/05\/contact-leader-in-lims-eln-knowledge-management-200x300.webp 200w\" sizes=\"auto, (max-width: 250px) 100vw, 250px\" \/><\/figure>\n\n\n\n<figure class=\"wp-block-image size-full\"><img loading=\"lazy\" decoding=\"async\" width=\"250\" height=\"375\" src=\"https:\/\/www.sapiosciences.com\/wp-content\/uploads\/2023\/05\/request-demo-sapio.webp\" alt=\"demander une d&#xE9;mo de sapio\" class=\"wp-image-1026\" srcset=\"https:\/\/www.sapiosciences.com\/wp-content\/uploads\/2023\/05\/request-demo-sapio.webp 250w, https:\/\/www.sapiosciences.com\/wp-content\/uploads\/2023\/05\/request-demo-sapio-200x300.webp 200w\" sizes=\"auto, (max-width: 250px) 100vw, 250px\" \/><\/figure>\n<\/div>\n\n\n\n<div class=\"wp-block-mkl-section-block container\">\n<h1 class=\"wp-block-heading has-text-align-center\">Nous contacter<\/h1>\n\n\n\n<p class=\"has-text-align-center maxc700\">Sapio Sciences est un fournisseur majeur de solutions de gestion de laboratoire, de cahier de laboratoire \u00e9lectronique et de gestion des connaissances.<\/p>\n<\/div>\n<\/section>\n\n<section class=\"wp-block-mkl-section-block\">\n<div class=\"wp-block-mkl-section-block container\">\n<div class=\"wp-block-group panel-s shadow light has-aqua-to-lightblue-gradient-background has-background is-layout-constrained wp-block-group-is-layout-constrained\">\n<p class=\"has-normal-font-size\">Nous serons heureux de r\u00e9pondre \u00e0 vos demandes.<\/p>\n\n\n\n<script charset=\"utf-8\" type=\"text\/javascript\" src=\"\/\/js.hsforms.net\/forms\/embed\/v2.js\"><\/script>\n<script>\n  hbspt.forms.create({\n    region: \"na1\",\n    portalId: \"43825818\",\n    formId: \"4b8b54fc-e947-413c-bb97-9be3357d6651\"\n  });\n<\/script>\n<\/div>\n<\/div>\n<\/section>\n\n<section class=\"wp-block-mkl-section-block\">\n<div class=\"wp-block-mkl-section-block container\">\n<h2 class=\"wp-block-heading has-text-align-center\">Adresses<\/h2>\n\n\n\n<div class=\"wp-block-group flex-columns flex-2 is-layout-flex wp-block-group-is-layout-flex\">\n<div class=\"wp-block-group shadow panel-xs has-white-background-color has-background is-layout-constrained wp-block-group-is-layout-constrained\">\n<iframe loading=\"lazy\" src=\"https:\/\/www.google.com\/maps\/embed?pb=!1m18!1m12!1m3!1d3088.044145297157!2d-76.61160354816697!3d39.28724937941203!2m3!1f0!2f0!3f0!3m2!1i1024!2i768!4f13.1!3m3!1m2!1s0x89c80362812a7a95%3A0xf7b69bb7d4142fd9!2s400%20E%20Pratt%20St%2C%20Baltimore%2C%20MD%2021202!5e0!3m2!1sen!2sus!4v1596054866527!5m2!1sen!2sus\" width=\"100%\" height=\"450\" frameborder=\"0\" style=\"border:0;\" allowfullscreen=\"\" aria-hidden=\"false\" tabindex=\"0\" data-lf-form-tracking-inspected-kn9eq4rpejb8rlvp=\"true\" data-lf-yt-playback-inspected-kn9eq4rpejb8rlvp=\"true\" data-lf-vimeo-playback-inspected-kn9eq4rpejb8rlvp=\"true\"><\/iframe>\n\n\n\n<p class=\"mt-xxs mb-z has-normal-font-size\"><strong>Sapio Sciences Baltimore HQ<\/strong><\/p>\n\n\n\n<p class=\"has-small-font-size\">400 East Pratt Street #800<br\/>Baltimore, MD 21202, \u00c9tats-Unis<br\/><a href=\"tel:4108004620\">410-800-4620<\/a><\/p>\n<\/div>\n\n\n\n<div class=\"wp-block-group shadow panel-xs has-white-background-color has-background is-layout-constrained wp-block-group-is-layout-constrained\">\n<iframe loading=\"lazy\" src=\"https:\/\/www.google.com\/maps\/embed?pb=!1m18!1m12!1m3!1d3057.9255472766686!2d-76.73119628372865!3d39.965417279420066!2m3!1f0!2f0!3f0!3m2!1i1024!2i768!4f13.1!3m3!1m2!1s0x89c88ea6b6ca8d5d%3A0xf4e4df09d863cb06!2s205%20N%20George%20St%2C%20York%2C%20PA%2017401!5e0!3m2!1sen!2sus!4v1596055597926!5m2!1sen!2sus\" width=\"100%\" height=\"450\" frameborder=\"0\" style=\"border:0;\" allowfullscreen=\"\" aria-hidden=\"false\" tabindex=\"0\" data-lf-form-tracking-inspected-kn9eq4rpejb8rlvp=\"true\" data-lf-yt-playback-inspected-kn9eq4rpejb8rlvp=\"true\" data-lf-vimeo-playback-inspected-kn9eq4rpejb8rlvp=\"true\"><\/iframe>\n\n\n\n<p class=\"mt-xxs mb-z has-normal-font-size\"><strong>Sapio Sciences Consulting<\/strong><\/p>\n\n\n\n<p class=\"has-small-font-size\">205 N George St<br\/>York, PA 17401, \u00c9tats-Unis<\/p>\n<\/div>\n\n\n\n<div class=\"wp-block-group shadow panel-xs has-white-background-color has-background is-layout-constrained wp-block-group-is-layout-constrained\">\n<iframe src=\"https:\/\/www.google.com\/maps\/embed?pb=!1m18!1m12!1m3!1d3582.337312082708!2d-80.14477336532254!3d26.120542647182052!2m3!1f0!2f0!3f0!3m2!1i1024!2i768!4f13.1!3m3!1m2!1s0x88d900565f488c9f%3A0xcfca6da6d6506444!2s300%20SE%202nd%20St%2C%20Fort%20Lauderdale%2C%20FL%2033301!5e0!3m2!1sen!2sus!4v1665684158562!5m2!1sen!2sus\" width=\"100%\" height=\"450\" style=\"border:0;\" allowfullscreen=\"\" loading=\"lazy\" referrerpolicy=\"no-referrer-when-downgrade\" data-lf-form-tracking-inspected-kn9eq4rpejb8rlvp=\"true\" data-lf-yt-playback-inspected-kn9eq4rpejb8rlvp=\"true\" data-lf-vimeo-playback-inspected-kn9eq4rpejb8rlvp=\"true\"><\/iframe>\n\n\n\n<p class=\"mt-xxs mb-z has-normal-font-size\"><strong>Sapio Sciences Florida<\/strong><\/p>\n\n\n\n<p class=\"has-small-font-size\">300 SE 2nd St, 6th Fl<br\/>Fort Lauderdale, FL 33301, \u00c9tats-Unis<\/p>\n<\/div>\n\n\n\n<div class=\"wp-block-group shadow panel-xs has-white-background-color has-background is-layout-constrained wp-block-group-is-layout-constrained\">\n<iframe src=\"https:\/\/www.google.com\/maps\/embed?pb=!1m18!1m12!1m3!1d2482.2960471358197!2d-0.1375186838800655!3d51.52612967963816!2m3!1f0!2f0!3f0!3m2!1i1024!2i768!4f13.1!3m3!1m2!1s0x48761b261c63d7b5%3A0x635fa0eeeb36cf93!2s210%20Euston%20Rd%2C%20London%20NW1%202DA%2C%20UK!5e0!3m2!1sen!2sus!4v1669917472499!5m2!1sen!2sus\" width=\"100%\" height=\"450\" style=\"border:0;\" allowfullscreen=\"\" loading=\"lazy\" referrerpolicy=\"no-referrer-when-downgrade\" data-lf-form-tracking-inspected-kn9eq4rpejb8rlvp=\"true\" data-lf-yt-playback-inspected-kn9eq4rpejb8rlvp=\"true\" data-lf-vimeo-playback-inspected-kn9eq4rpejb8rlvp=\"true\"><\/iframe>\n\n\n\n<p class=\"mt-xxs mb-z has-normal-font-size\"><strong>Sapio Sciences London<\/strong><\/p>\n\n\n\n<p class=\"has-small-font-size\">210 Euston Road<br\/>London NW1 2DA, Royaume-Uni<\/p>\n<\/div>\n<\/div>\n<\/div>\n<\/section>\n","protected":false},"excerpt":{"rendered":"","protected":false},"author":3,"featured_media":0,"parent":0,"menu_order":0,"comment_status":"closed","ping_status":"closed","template":"","meta":{"_acf_changed":false,"content-type":"","inline_featured_image":false,"footnotes":""},"class_list":["post-3354","page","type-page","status-publish","hentry"],"acf":[],"yoast_head":"<!-- This site is optimized with the Yoast SEO Premium plugin v27.5 (Yoast SEO v27.5) - https:\/\/yoast.com\/product\/yoast-seo-premium-wordpress\/ -->\n<title>Nous contacter | Sapio Sciences<\/title>\n<meta name=\"description\" content=\"Discutez avec un expert de vos besoins en termes d&#039;informatique de laboratoire et d\u00e9couvrez comment notre plateforme unifi\u00e9e simplifie la complexit\u00e9 dans l&#039;int\u00e9r\u00eat de la science.\" \/>\n<meta name=\"robots\" content=\"index, follow, max-snippet:-1, max-image-preview:large, max-video-preview:-1\" \/>\n<link rel=\"canonical\" href=\"https:\/\/www.sapiosciences.com\/fr\/nous-contacter\/\" \/>\n<meta property=\"og:locale\" content=\"fr_FR\" \/>\n<meta property=\"og:type\" content=\"article\" \/>\n<meta property=\"og:title\" content=\"Nous contacter\" \/>\n<meta property=\"og:description\" content=\"Discutez avec un expert de vos besoins en termes d&#039;informatique de laboratoire et d\u00e9couvrez comment notre plateforme unifi\u00e9e simplifie la complexit\u00e9 dans l&#039;int\u00e9r\u00eat de la science.\" \/>\n<meta property=\"og:url\" content=\"https:\/\/www.sapiosciences.com\/fr\/nous-contacter\/\" \/>\n<meta property=\"og:site_name\" content=\"Sapio Sciences\" \/>\n<meta property=\"article:modified_time\" content=\"2023-10-06T17:15:01+00:00\" \/>\n<meta property=\"og:image\" content=\"https:\/\/www.sapiosciences.com\/wp-content\/uploads\/2023\/05\/contact-leader-in-lims-eln-knowledge-management.webp\" \/>\n<meta name=\"twitter:card\" content=\"summary_large_image\" \/>\n<script type=\"application\/ld+json\" class=\"yoast-schema-graph\">{\"@context\":\"https:\\\/\\\/schema.org\",\"@graph\":[{\"@type\":\"WebPage\",\"@id\":\"https:\\\/\\\/www.sapiosciences.com\\\/fr\\\/nous-contacter\\\/\",\"url\":\"https:\\\/\\\/www.sapiosciences.com\\\/fr\\\/nous-contacter\\\/\",\"name\":\"Nous contacter | Sapio Sciences\",\"isPartOf\":{\"@id\":\"https:\\\/\\\/www.sapiosciences.com\\\/fr\\\/#website\"},\"primaryImageOfPage\":{\"@id\":\"https:\\\/\\\/www.sapiosciences.com\\\/fr\\\/nous-contacter\\\/#primaryimage\"},\"image\":{\"@id\":\"https:\\\/\\\/www.sapiosciences.com\\\/fr\\\/nous-contacter\\\/#primaryimage\"},\"thumbnailUrl\":\"https:\\\/\\\/www.sapiosciences.com\\\/wp-content\\\/uploads\\\/2023\\\/05\\\/contact-leader-in-lims-eln-knowledge-management.webp\",\"datePublished\":\"2023-05-01T17:25:52+00:00\",\"dateModified\":\"2023-10-06T17:15:01+00:00\",\"description\":\"Discutez avec un expert de vos besoins en termes d'informatique de laboratoire et d\u00e9couvrez comment notre plateforme unifi\u00e9e simplifie la complexit\u00e9 dans l'int\u00e9r\u00eat de la science.\",\"breadcrumb\":{\"@id\":\"https:\\\/\\\/www.sapiosciences.com\\\/fr\\\/nous-contacter\\\/#breadcrumb\"},\"inLanguage\":\"fr-FR\",\"potentialAction\":[{\"@type\":\"ReadAction\",\"target\":[\"https:\\\/\\\/www.sapiosciences.com\\\/fr\\\/nous-contacter\\\/\"]}]},{\"@type\":\"ImageObject\",\"inLanguage\":\"fr-FR\",\"@id\":\"https:\\\/\\\/www.sapiosciences.com\\\/fr\\\/nous-contacter\\\/#primaryimage\",\"url\":\"https:\\\/\\\/www.sapiosciences.com\\\/wp-content\\\/uploads\\\/2023\\\/05\\\/contact-leader-in-lims-eln-knowledge-management.webp\",\"contentUrl\":\"https:\\\/\\\/www.sapiosciences.com\\\/wp-content\\\/uploads\\\/2023\\\/05\\\/contact-leader-in-lims-eln-knowledge-management.webp\"},{\"@type\":\"BreadcrumbList\",\"@id\":\"https:\\\/\\\/www.sapiosciences.com\\\/fr\\\/nous-contacter\\\/#breadcrumb\",\"itemListElement\":[{\"@type\":\"ListItem\",\"position\":1,\"name\":\"Home\",\"item\":\"https:\\\/\\\/www.sapiosciences.com\\\/fr\\\/\"},{\"@type\":\"ListItem\",\"position\":2,\"name\":\"Nous contacter\"}]},{\"@type\":\"WebSite\",\"@id\":\"https:\\\/\\\/www.sapiosciences.com\\\/fr\\\/#website\",\"url\":\"https:\\\/\\\/www.sapiosciences.com\\\/fr\\\/\",\"name\":\"Sapio Sciences\",\"description\":\"Au c\u0153ur de la science.\",\"publisher\":{\"@id\":\"https:\\\/\\\/www.sapiosciences.com\\\/fr\\\/#organization\"},\"potentialAction\":[{\"@type\":\"SearchAction\",\"target\":{\"@type\":\"EntryPoint\",\"urlTemplate\":\"https:\\\/\\\/www.sapiosciences.com\\\/fr\\\/?s={search_term_string}\"},\"query-input\":{\"@type\":\"PropertyValueSpecification\",\"valueRequired\":true,\"valueName\":\"search_term_string\"}}],\"inLanguage\":\"fr-FR\"},{\"@type\":\"Organization\",\"@id\":\"https:\\\/\\\/www.sapiosciences.com\\\/fr\\\/#organization\",\"name\":\"Sapio Sciences\",\"url\":\"https:\\\/\\\/www.sapiosciences.com\\\/fr\\\/\",\"logo\":{\"@type\":\"ImageObject\",\"inLanguage\":\"fr-FR\",\"@id\":\"https:\\\/\\\/www.sapiosciences.com\\\/fr\\\/#\\\/schema\\\/logo\\\/image\\\/\",\"url\":\"https:\\\/\\\/www.sapiosciences.com\\\/wp-content\\\/uploads\\\/2023\\\/09\\\/sapio-sciences-logo-color.png\",\"contentUrl\":\"https:\\\/\\\/www.sapiosciences.com\\\/wp-content\\\/uploads\\\/2023\\\/09\\\/sapio-sciences-logo-color.png\",\"width\":290,\"height\":88,\"caption\":\"Sapio Sciences\"},\"image\":{\"@id\":\"https:\\\/\\\/www.sapiosciences.com\\\/fr\\\/#\\\/schema\\\/logo\\\/image\\\/\"}}]}<\/script>\n<!-- \/ Yoast SEO Premium plugin. -->","yoast_head_json":{"title":"Nous contacter | Sapio Sciences","description":"Discutez avec un expert de vos besoins en termes d'informatique de laboratoire et d\u00e9couvrez comment notre plateforme unifi\u00e9e simplifie la complexit\u00e9 dans l'int\u00e9r\u00eat de la science.","robots":{"index":"index","follow":"follow","max-snippet":"max-snippet:-1","max-image-preview":"max-image-preview:large","max-video-preview":"max-video-preview:-1"},"canonical":"https:\/\/www.sapiosciences.com\/fr\/nous-contacter\/","og_locale":"fr_FR","og_type":"article","og_title":"Nous contacter","og_description":"Discutez avec un expert de vos besoins en termes d'informatique de laboratoire et d\u00e9couvrez comment notre plateforme unifi\u00e9e simplifie la complexit\u00e9 dans l'int\u00e9r\u00eat de la science.","og_url":"https:\/\/www.sapiosciences.com\/fr\/nous-contacter\/","og_site_name":"Sapio Sciences","article_modified_time":"2023-10-06T17:15:01+00:00","og_image":[{"url":"https:\/\/www.sapiosciences.com\/wp-content\/uploads\/2023\/05\/contact-leader-in-lims-eln-knowledge-management.webp","type":"","width":"","height":""}],"twitter_card":"summary_large_image","schema":{"@context":"https:\/\/schema.org","@graph":[{"@type":"WebPage","@id":"https:\/\/www.sapiosciences.com\/fr\/nous-contacter\/","url":"https:\/\/www.sapiosciences.com\/fr\/nous-contacter\/","name":"Nous contacter | Sapio Sciences","isPartOf":{"@id":"https:\/\/www.sapiosciences.com\/fr\/#website"},"primaryImageOfPage":{"@id":"https:\/\/www.sapiosciences.com\/fr\/nous-contacter\/#primaryimage"},"image":{"@id":"https:\/\/www.sapiosciences.com\/fr\/nous-contacter\/#primaryimage"},"thumbnailUrl":"https:\/\/www.sapiosciences.com\/wp-content\/uploads\/2023\/05\/contact-leader-in-lims-eln-knowledge-management.webp","datePublished":"2023-05-01T17:25:52+00:00","dateModified":"2023-10-06T17:15:01+00:00","description":"Discutez avec un expert de vos besoins en termes d'informatique de laboratoire et d\u00e9couvrez comment notre plateforme unifi\u00e9e simplifie la complexit\u00e9 dans l'int\u00e9r\u00eat de la science.","breadcrumb":{"@id":"https:\/\/www.sapiosciences.com\/fr\/nous-contacter\/#breadcrumb"},"inLanguage":"fr-FR","potentialAction":[{"@type":"ReadAction","target":["https:\/\/www.sapiosciences.com\/fr\/nous-contacter\/"]}]},{"@type":"ImageObject","inLanguage":"fr-FR","@id":"https:\/\/www.sapiosciences.com\/fr\/nous-contacter\/#primaryimage","url":"https:\/\/www.sapiosciences.com\/wp-content\/uploads\/2023\/05\/contact-leader-in-lims-eln-knowledge-management.webp","contentUrl":"https:\/\/www.sapiosciences.com\/wp-content\/uploads\/2023\/05\/contact-leader-in-lims-eln-knowledge-management.webp"},{"@type":"BreadcrumbList","@id":"https:\/\/www.sapiosciences.com\/fr\/nous-contacter\/#breadcrumb","itemListElement":[{"@type":"ListItem","position":1,"name":"Home","item":"https:\/\/www.sapiosciences.com\/fr\/"},{"@type":"ListItem","position":2,"name":"Nous contacter"}]},{"@type":"WebSite","@id":"https:\/\/www.sapiosciences.com\/fr\/#website","url":"https:\/\/www.sapiosciences.com\/fr\/","name":"Sapio Sciences","description":"Au c\u0153ur de la science.","publisher":{"@id":"https:\/\/www.sapiosciences.com\/fr\/#organization"},"potentialAction":[{"@type":"SearchAction","target":{"@type":"EntryPoint","urlTemplate":"https:\/\/www.sapiosciences.com\/fr\/?s={search_term_string}"},"query-input":{"@type":"PropertyValueSpecification","valueRequired":true,"valueName":"search_term_string"}}],"inLanguage":"fr-FR"},{"@type":"Organization","@id":"https:\/\/www.sapiosciences.com\/fr\/#organization","name":"Sapio Sciences","url":"https:\/\/www.sapiosciences.com\/fr\/","logo":{"@type":"ImageObject","inLanguage":"fr-FR","@id":"https:\/\/www.sapiosciences.com\/fr\/#\/schema\/logo\/image\/","url":"https:\/\/www.sapiosciences.com\/wp-content\/uploads\/2023\/09\/sapio-sciences-logo-color.png","contentUrl":"https:\/\/www.sapiosciences.com\/wp-content\/uploads\/2023\/09\/sapio-sciences-logo-color.png","width":290,"height":88,"caption":"Sapio Sciences"},"image":{"@id":"https:\/\/www.sapiosciences.com\/fr\/#\/schema\/logo\/image\/"}}]}},"_links":{"self":[{"href":"https:\/\/www.sapiosciences.com\/fr\/wp-json\/wp\/v2\/pages\/3354","targetHints":{"allow":["GET"]}}],"collection":[{"href":"https:\/\/www.sapiosciences.com\/fr\/wp-json\/wp\/v2\/pages"}],"about":[{"href":"https:\/\/www.sapiosciences.com\/fr\/wp-json\/wp\/v2\/types\/page"}],"author":[{"embeddable":true,"href":"https:\/\/www.sapiosciences.com\/fr\/wp-json\/wp\/v2\/users\/3"}],"replies":[{"embeddable":true,"href":"https:\/\/www.sapiosciences.com\/fr\/wp-json\/wp\/v2\/comments?post=3354"}],"version-history":[{"count":0,"href":"https:\/\/www.sapiosciences.com\/fr\/wp-json\/wp\/v2\/pages\/3354\/revisions"}],"wp:attachment":[{"href":"https:\/\/www.sapiosciences.com\/fr\/wp-json\/wp\/v2\/media?parent=3354"}],"curies":[{"name":"wp","href":"https:\/\/api.w.org\/{rel}","templated":true}]}}