{"id":3925,"date":"2023-05-09T14:27:43","date_gmt":"2023-05-09T13:27:43","guid":{"rendered":"https:\/\/www.sapiosciences.com\/soluciones-solo-para-la-matriz\/flow-cytometry\/"},"modified":"2023-10-18T15:48:15","modified_gmt":"2023-10-18T15:48:15","slug":"flow-cytometry","status":"publish","type":"page","link":"https:\/\/www.sapiosciences.com\/es\/soluciones\/flow-cytometry\/","title":{"rendered":"An\u00e1lisis de datos de citometr\u00eda de flujo"},"content":{"rendered":"\n<section class=\"wp-block-mkl-section-block has-lightgrey-background-color\">\n<div class=\"wp-block-mkl-section-block container  pt-xs pb-xxs\">\n<div class=\"wp-block-columns is-layout-flex wp-container-core-columns-is-layout-28f84493 wp-block-columns-is-layout-flex\">\n<div class=\"wp-block-column is-vertically-aligned-center is-layout-flow wp-block-column-is-layout-flow\">\n<h1 class=\"wp-block-heading\">Flow ELN de Sapio<\/h1>\n\n\n\n<p>Conf\u00ede en las capacidades integradas de Sapio para automatizar y optimizar sus an\u00e1lisis de datos de citometr\u00eda de flujo.<\/p>\n\n\n\n<div class=\"wp-block-buttons is-layout-flex wp-block-buttons-is-layout-flex\">\n<div class=\"wp-block-button has-custom-font-size multi-link has-small-font-size\"><a class=\"wp-block-button__link has-orange-to-red-gradient-background has-background wp-element-button\" href=\"https:\/\/www.sapiosciences.com\/es\/solicitar-una-demo\/\">Solicitar una demo<\/a><\/div>\n<\/div>\n<\/div>\n\n\n\n<div class=\"wp-block-column is-layout-flow wp-block-column-is-layout-flow\">\n<figure class=\"wp-block-image size-full\"><img loading=\"lazy\" decoding=\"async\" width=\"592\" height=\"451\" src=\"https:\/\/www.sapiosciences.com\/wp-content\/uploads\/2023\/05\/hd-flow-cytometry.webp\" alt=\"citometr&#xED;a de flujo hd\" class=\"wp-image-943\" srcset=\"https:\/\/www.sapiosciences.com\/wp-content\/uploads\/2023\/05\/hd-flow-cytometry.webp 592w, https:\/\/www.sapiosciences.com\/wp-content\/uploads\/2023\/05\/hd-flow-cytometry-300x229.webp 300w\" sizes=\"auto, (max-width: 592px) 100vw, 592px\" \/><\/figure>\n<\/div>\n<\/div>\n<\/div>\n<\/section>\n\n<section class=\"wp-block-mkl-section-block\">\n<div class=\"wp-block-mkl-section-block container\">\n<div class=\"wp-block-columns is-layout-flex wp-container-core-columns-is-layout-28f84493 wp-block-columns-is-layout-flex\">\n<div class=\"wp-block-column is-layout-flow wp-block-column-is-layout-flow\" style=\"flex-basis:70%\">\n<h2 class=\"wp-block-heading\">Flow ELN de Sapio: An\u00e1lisis de datos de citometr\u00eda de flujo<\/h2>\n\n\n\n<p>Los datos de <strong><a href=\"https:\/\/www.sapiosciences.com\/blog\/what-is-flow-cytometry\/\">citometr\u00eda de flujo <\/a>son una valiosa herramienta empleada por muchos laboratorios en sus proyectos de I+D. Los cient\u00edficos emplean mucho tiempo y esfuerzo en esta tarea capaz de ralentizar sus esfuerzos investigadores. Los clientes de Sapio usan la herramienta Flow de forma intensiva en la plataforma <a href=\"https:\/\/www.sapiosciences.com\/es\/productos\/sapio-eln\/\">Electronic Lab Notebook<\/a> (ELN) de Sapio Informatics y han expresado la necesidad de trabajar con herramientas que les ayuden a evaluar los datos de flujo.<\/strong><\/p>\n\n\n\n<p>El principal legado de Sapio se encuentra en el aprendizaje autom\u00e1tico. Por eso estamos aplicando nuestros conocimientos especializados en numerosos campos, incluido el an\u00e1lisis de datos de citometr\u00eda de flujo dentro de nuestra plataforma ELN. Por ejemplo, realizamos el gating automatizado de los datos de FCS usando el aprendizaje autom\u00e1tico con el fin de optimizar los esfuerzos de los cient\u00edficos en una de las tareas m\u00e1s engorrosas de los an\u00e1lisis de datos de flujo.<\/p>\n\n\n\n<figure class=\"wp-block-image size-full\"><img loading=\"lazy\" decoding=\"async\" width=\"700\" height=\"550\" src=\"https:\/\/www.sapiosciences.com\/wp-content\/uploads\/2023\/05\/sapio-flow-cytometry.png\" alt=\"citometr&#xED;a de flujo sapio\" class=\"wp-image-761\" srcset=\"https:\/\/www.sapiosciences.com\/wp-content\/uploads\/2023\/05\/sapio-flow-cytometry.png 700w, https:\/\/www.sapiosciences.com\/wp-content\/uploads\/2023\/05\/sapio-flow-cytometry-300x236.png 300w\" sizes=\"auto, (max-width: 700px) 100vw, 700px\" \/><\/figure>\n\n\n\n<p>La plataforma inform\u00e1tica science-aware\u2122 de Sapio es la \u00fanica soluci\u00f3n que proporciona herramientas para el dise\u00f1o de mol\u00e9culas peque\u00f1as, dise\u00f1o de pl\u00e1smidos y CRISPR y, ahora, an\u00e1lisis de citometr\u00eda de flujo. La herramienta Flow de Sapio es compatible con todos los archivos de datos, en todos los cit\u00f3metros y paquetes de software de adquisici\u00f3n.<\/p>\n\n\n\n<h3 class=\"wp-block-heading has-normal-font-size\"><strong>Con la herramienta Sapio Flow ELN podr\u00e1:<\/strong><\/h3>\n\n\n\n<ul class=\"wp-block-list\">\n<li>Arrastrar y soltar sus archivos fcs para an\u00e1lisis desde dentro de su experimento<\/li>\n\n\n\n<li>Ver histogramas<\/li>\n\n\n\n<li>Realizar un control de calidad basado en aprendizaje autom\u00e1tico de sus archivos fcs<\/li>\n\n\n\n<li>Realizar el gating automatizado de sus datos de flujo<\/li>\n\n\n\n<li>Crear ventanas (\u00abgates\u00bb) manuales con muchas opciones de dise\u00f1o como rect\u00e1ngulos, dibujo libre, etc.<\/li>\n\n\n\n<li>Ver m\u00e9tricas en torno a los datos fcs \u00abgated\u00bb<\/li>\n\n\n\n<li>Aplicar una matriz de compensaci\u00f3n a sus datos<\/li>\n\n\n\n<li>Guardar y compartir sus estrategias de gating con sus compa\u00f1eros<\/li>\n<\/ul>\n\n\n\n<p>Herramientas de legado como FlowJo\u2122 han sido el pilar de los an\u00e1lisis de citometr\u00eda de flujo, pero no se pueden usar en entornos ELN basados en web y, adem\u00e1s, sus interfaces han quedado obsoletas. Por el contrario, la herramienta Flow de Sapio se integra a la perfecci\u00f3n en su cuaderno electr\u00f3nico de laboratorio y cuenta con una moderna interfaz que no requiere descargar software.<\/p>\n\n\n\n<p>\u00a1Adem\u00e1s, Sapio pone gratuitamente a disposici\u00f3n de los acad\u00e9micos la herramienta \u00edntegra Sapio Flow ELN! Si estudia o es profesor en una universidad, podr\u00e1 registrarse y usar la herramienta de inmediato y de forma gratuita.<\/p>\n\n\n\n<div class=\"wp-block-buttons is-layout-flex wp-block-buttons-is-layout-flex\">\n<div class=\"wp-block-button has-custom-font-size has-small-font-size\"><a class=\"wp-block-button__link has-orange-to-red-gradient-background has-background wp-element-button\" href=\"https:\/\/login.sapiosciences.com\/seamless-eln-register-email\" target=\"_blank\" rel=\"noreferrer noopener\">Haga clic aqu\u00ed para usar Sapio Bronze ELN. \u00a1Gratis para los acad\u00e9micos!<\/a><\/div>\n<\/div>\n<\/div>\n\n\n\n<div class=\"wp-block-column is-layout-flow wp-block-column-is-layout-flow\" style=\"flex-basis:30%\"><\/div>\n<\/div>\n<\/div>\n<\/section>\n\n<section class=\"wp-block-mkl-section-block has-lightgrey-background-color multi-target\">\n<div class=\"wp-block-mkl-section-block container\">\n<div class=\"wp-block-columns is-layout-flex wp-container-core-columns-is-layout-28f84493 wp-block-columns-is-layout-flex\">\n<div class=\"wp-block-column is-vertically-aligned-center is-layout-flow wp-block-column-is-layout-flow\" style=\"flex-basis:45%\">\n<h3 class=\"wp-block-heading has-large-font-size\">Perm\u00edtanos mostrarle c\u00f3mo Sapio transformar\u00e1 sus an\u00e1lisis de datos de citometr\u00eda de flujo.<\/h3>\n\n\n\n<p>Rellene el formulario para solicitar una demostraci\u00f3n.<\/p>\n<\/div>\n\n\n\n<div class=\"wp-block-column is-layout-flow wp-block-column-is-layout-flow\">\n<script charset=\"utf-8\" type=\"text\/javascript\" src=\"\/\/js.hsforms.net\/forms\/embed\/v2.js\"><\/script>\n<script>\n  hbspt.forms.create({\n    region: \"na1\",\n    portalId: \"43825818\",\n    formId: \"871cec58-5897-4370-b74f-ddb0b7df8d7c\"\n  });\n<\/script>\n<\/div>\n<\/div>\n<\/div>\n<\/section>\n","protected":false},"excerpt":{"rendered":"","protected":false},"author":3,"featured_media":0,"parent":3288,"menu_order":0,"comment_status":"closed","ping_status":"closed","template":"","meta":{"_acf_changed":false,"content-type":"","inline_featured_image":false,"footnotes":""},"class_list":["post-3925","page","type-page","status-publish","hentry"],"acf":[],"yoast_head":"<!-- This site is optimized with the Yoast SEO Premium plugin v27.5 (Yoast SEO v27.5) - https:\/\/yoast.com\/product\/yoast-seo-premium-wordpress\/ -->\n<title>An\u00e1lisis de datos de citometr\u00eda de flujo<\/title>\n<meta name=\"description\" content=\"Sapio proporciona capacidades integradas para automatizar y optimizar sus an\u00e1lisis de datos de citometr\u00eda de flujo, de forma totalmente integrada con el Sapio ELN.\" \/>\n<meta name=\"robots\" content=\"index, follow, max-snippet:-1, max-image-preview:large, max-video-preview:-1\" \/>\n<link rel=\"canonical\" href=\"https:\/\/www.sapiosciences.com\/es\/soluciones\/flow-cytometry\/\" \/>\n<meta property=\"og:locale\" content=\"es_ES\" \/>\n<meta property=\"og:type\" content=\"article\" \/>\n<meta property=\"og:title\" content=\"An\u00e1lisis de datos de citometr\u00eda de flujo\" \/>\n<meta property=\"og:description\" content=\"Sapio proporciona capacidades integradas para automatizar y optimizar sus an\u00e1lisis de datos de citometr\u00eda de flujo, de forma totalmente integrada con el Sapio ELN.\" \/>\n<meta property=\"og:url\" content=\"https:\/\/www.sapiosciences.com\/es\/soluciones\/flow-cytometry\/\" \/>\n<meta property=\"og:site_name\" content=\"Sapio Sciences\" \/>\n<meta property=\"article:modified_time\" content=\"2023-10-18T15:48:15+00:00\" \/>\n<meta property=\"og:image\" content=\"https:\/\/www.sapiosciences.com\/wp-content\/uploads\/2023\/05\/hd-flow-cytometry.webp\" \/>\n<meta name=\"twitter:card\" content=\"summary_large_image\" \/>\n<meta name=\"twitter:label1\" content=\"Tiempo de lectura\" \/>\n\t<meta name=\"twitter:data1\" content=\"3 minutos\" \/>\n<script type=\"application\/ld+json\" class=\"yoast-schema-graph\">{\"@context\":\"https:\\\/\\\/schema.org\",\"@graph\":[{\"@type\":\"WebPage\",\"@id\":\"https:\\\/\\\/www.sapiosciences.com\\\/es\\\/soluciones\\\/flow-cytometry\\\/\",\"url\":\"https:\\\/\\\/www.sapiosciences.com\\\/es\\\/soluciones\\\/flow-cytometry\\\/\",\"name\":\"An\u00e1lisis de datos de citometr\u00eda de flujo\",\"isPartOf\":{\"@id\":\"https:\\\/\\\/www.sapiosciences.com\\\/es\\\/#website\"},\"primaryImageOfPage\":{\"@id\":\"https:\\\/\\\/www.sapiosciences.com\\\/es\\\/soluciones\\\/flow-cytometry\\\/#primaryimage\"},\"image\":{\"@id\":\"https:\\\/\\\/www.sapiosciences.com\\\/es\\\/soluciones\\\/flow-cytometry\\\/#primaryimage\"},\"thumbnailUrl\":\"https:\\\/\\\/www.sapiosciences.com\\\/wp-content\\\/uploads\\\/2023\\\/05\\\/hd-flow-cytometry.webp\",\"datePublished\":\"2023-05-09T13:27:43+00:00\",\"dateModified\":\"2023-10-18T15:48:15+00:00\",\"description\":\"Sapio proporciona capacidades integradas para automatizar y optimizar sus an\u00e1lisis de datos de citometr\u00eda de flujo, de forma totalmente integrada con el Sapio ELN.\",\"breadcrumb\":{\"@id\":\"https:\\\/\\\/www.sapiosciences.com\\\/es\\\/soluciones\\\/flow-cytometry\\\/#breadcrumb\"},\"inLanguage\":\"es\",\"potentialAction\":[{\"@type\":\"ReadAction\",\"target\":[\"https:\\\/\\\/www.sapiosciences.com\\\/es\\\/soluciones\\\/flow-cytometry\\\/\"]}]},{\"@type\":\"ImageObject\",\"inLanguage\":\"es\",\"@id\":\"https:\\\/\\\/www.sapiosciences.com\\\/es\\\/soluciones\\\/flow-cytometry\\\/#primaryimage\",\"url\":\"https:\\\/\\\/www.sapiosciences.com\\\/wp-content\\\/uploads\\\/2023\\\/05\\\/hd-flow-cytometry.webp\",\"contentUrl\":\"https:\\\/\\\/www.sapiosciences.com\\\/wp-content\\\/uploads\\\/2023\\\/05\\\/hd-flow-cytometry.webp\"},{\"@type\":\"BreadcrumbList\",\"@id\":\"https:\\\/\\\/www.sapiosciences.com\\\/es\\\/soluciones\\\/flow-cytometry\\\/#breadcrumb\",\"itemListElement\":[{\"@type\":\"ListItem\",\"position\":1,\"name\":\"Home\",\"item\":\"https:\\\/\\\/www.sapiosciences.com\\\/es\\\/\"},{\"@type\":\"ListItem\",\"position\":2,\"name\":\"Soluciones: SOLO PARA LA MATRIZ\",\"item\":\"https:\\\/\\\/www.sapiosciences.com\\\/es\\\/soluciones\\\/\"},{\"@type\":\"ListItem\",\"position\":3,\"name\":\"An\u00e1lisis de datos de citometr\u00eda de flujo\"}]},{\"@type\":\"WebSite\",\"@id\":\"https:\\\/\\\/www.sapiosciences.com\\\/es\\\/#website\",\"url\":\"https:\\\/\\\/www.sapiosciences.com\\\/es\\\/\",\"name\":\"Sapio Sciences\",\"description\":\"En el centro de la ciencia.\",\"publisher\":{\"@id\":\"https:\\\/\\\/www.sapiosciences.com\\\/es\\\/#organization\"},\"potentialAction\":[{\"@type\":\"SearchAction\",\"target\":{\"@type\":\"EntryPoint\",\"urlTemplate\":\"https:\\\/\\\/www.sapiosciences.com\\\/es\\\/?s={search_term_string}\"},\"query-input\":{\"@type\":\"PropertyValueSpecification\",\"valueRequired\":true,\"valueName\":\"search_term_string\"}}],\"inLanguage\":\"es\"},{\"@type\":\"Organization\",\"@id\":\"https:\\\/\\\/www.sapiosciences.com\\\/es\\\/#organization\",\"name\":\"Sapio Sciences\",\"url\":\"https:\\\/\\\/www.sapiosciences.com\\\/es\\\/\",\"logo\":{\"@type\":\"ImageObject\",\"inLanguage\":\"es\",\"@id\":\"https:\\\/\\\/www.sapiosciences.com\\\/es\\\/#\\\/schema\\\/logo\\\/image\\\/\",\"url\":\"https:\\\/\\\/www.sapiosciences.com\\\/wp-content\\\/uploads\\\/2023\\\/09\\\/sapio-sciences-logo-color.png\",\"contentUrl\":\"https:\\\/\\\/www.sapiosciences.com\\\/wp-content\\\/uploads\\\/2023\\\/09\\\/sapio-sciences-logo-color.png\",\"width\":290,\"height\":88,\"caption\":\"Sapio Sciences\"},\"image\":{\"@id\":\"https:\\\/\\\/www.sapiosciences.com\\\/es\\\/#\\\/schema\\\/logo\\\/image\\\/\"}}]}<\/script>\n<!-- \/ Yoast SEO Premium plugin. -->","yoast_head_json":{"title":"An\u00e1lisis de datos de citometr\u00eda de flujo","description":"Sapio proporciona capacidades integradas para automatizar y optimizar sus an\u00e1lisis de datos de citometr\u00eda de flujo, de forma totalmente integrada con el Sapio ELN.","robots":{"index":"index","follow":"follow","max-snippet":"max-snippet:-1","max-image-preview":"max-image-preview:large","max-video-preview":"max-video-preview:-1"},"canonical":"https:\/\/www.sapiosciences.com\/es\/soluciones\/flow-cytometry\/","og_locale":"es_ES","og_type":"article","og_title":"An\u00e1lisis de datos de citometr\u00eda de flujo","og_description":"Sapio proporciona capacidades integradas para automatizar y optimizar sus an\u00e1lisis de datos de citometr\u00eda de flujo, de forma totalmente integrada con el Sapio ELN.","og_url":"https:\/\/www.sapiosciences.com\/es\/soluciones\/flow-cytometry\/","og_site_name":"Sapio Sciences","article_modified_time":"2023-10-18T15:48:15+00:00","og_image":[{"url":"https:\/\/www.sapiosciences.com\/wp-content\/uploads\/2023\/05\/hd-flow-cytometry.webp","type":"","width":"","height":""}],"twitter_card":"summary_large_image","twitter_misc":{"Tiempo de lectura":"3 minutos"},"schema":{"@context":"https:\/\/schema.org","@graph":[{"@type":"WebPage","@id":"https:\/\/www.sapiosciences.com\/es\/soluciones\/flow-cytometry\/","url":"https:\/\/www.sapiosciences.com\/es\/soluciones\/flow-cytometry\/","name":"An\u00e1lisis de datos de citometr\u00eda de flujo","isPartOf":{"@id":"https:\/\/www.sapiosciences.com\/es\/#website"},"primaryImageOfPage":{"@id":"https:\/\/www.sapiosciences.com\/es\/soluciones\/flow-cytometry\/#primaryimage"},"image":{"@id":"https:\/\/www.sapiosciences.com\/es\/soluciones\/flow-cytometry\/#primaryimage"},"thumbnailUrl":"https:\/\/www.sapiosciences.com\/wp-content\/uploads\/2023\/05\/hd-flow-cytometry.webp","datePublished":"2023-05-09T13:27:43+00:00","dateModified":"2023-10-18T15:48:15+00:00","description":"Sapio proporciona capacidades integradas para automatizar y optimizar sus an\u00e1lisis de datos de citometr\u00eda de flujo, de forma totalmente integrada con el Sapio ELN.","breadcrumb":{"@id":"https:\/\/www.sapiosciences.com\/es\/soluciones\/flow-cytometry\/#breadcrumb"},"inLanguage":"es","potentialAction":[{"@type":"ReadAction","target":["https:\/\/www.sapiosciences.com\/es\/soluciones\/flow-cytometry\/"]}]},{"@type":"ImageObject","inLanguage":"es","@id":"https:\/\/www.sapiosciences.com\/es\/soluciones\/flow-cytometry\/#primaryimage","url":"https:\/\/www.sapiosciences.com\/wp-content\/uploads\/2023\/05\/hd-flow-cytometry.webp","contentUrl":"https:\/\/www.sapiosciences.com\/wp-content\/uploads\/2023\/05\/hd-flow-cytometry.webp"},{"@type":"BreadcrumbList","@id":"https:\/\/www.sapiosciences.com\/es\/soluciones\/flow-cytometry\/#breadcrumb","itemListElement":[{"@type":"ListItem","position":1,"name":"Home","item":"https:\/\/www.sapiosciences.com\/es\/"},{"@type":"ListItem","position":2,"name":"Soluciones: SOLO PARA LA MATRIZ","item":"https:\/\/www.sapiosciences.com\/es\/soluciones\/"},{"@type":"ListItem","position":3,"name":"An\u00e1lisis de datos de citometr\u00eda de flujo"}]},{"@type":"WebSite","@id":"https:\/\/www.sapiosciences.com\/es\/#website","url":"https:\/\/www.sapiosciences.com\/es\/","name":"Sapio Sciences","description":"En el centro de la ciencia.","publisher":{"@id":"https:\/\/www.sapiosciences.com\/es\/#organization"},"potentialAction":[{"@type":"SearchAction","target":{"@type":"EntryPoint","urlTemplate":"https:\/\/www.sapiosciences.com\/es\/?s={search_term_string}"},"query-input":{"@type":"PropertyValueSpecification","valueRequired":true,"valueName":"search_term_string"}}],"inLanguage":"es"},{"@type":"Organization","@id":"https:\/\/www.sapiosciences.com\/es\/#organization","name":"Sapio Sciences","url":"https:\/\/www.sapiosciences.com\/es\/","logo":{"@type":"ImageObject","inLanguage":"es","@id":"https:\/\/www.sapiosciences.com\/es\/#\/schema\/logo\/image\/","url":"https:\/\/www.sapiosciences.com\/wp-content\/uploads\/2023\/09\/sapio-sciences-logo-color.png","contentUrl":"https:\/\/www.sapiosciences.com\/wp-content\/uploads\/2023\/09\/sapio-sciences-logo-color.png","width":290,"height":88,"caption":"Sapio Sciences"},"image":{"@id":"https:\/\/www.sapiosciences.com\/es\/#\/schema\/logo\/image\/"}}]}},"_links":{"self":[{"href":"https:\/\/www.sapiosciences.com\/es\/wp-json\/wp\/v2\/pages\/3925","targetHints":{"allow":["GET"]}}],"collection":[{"href":"https:\/\/www.sapiosciences.com\/es\/wp-json\/wp\/v2\/pages"}],"about":[{"href":"https:\/\/www.sapiosciences.com\/es\/wp-json\/wp\/v2\/types\/page"}],"author":[{"embeddable":true,"href":"https:\/\/www.sapiosciences.com\/es\/wp-json\/wp\/v2\/users\/3"}],"replies":[{"embeddable":true,"href":"https:\/\/www.sapiosciences.com\/es\/wp-json\/wp\/v2\/comments?post=3925"}],"version-history":[{"count":0,"href":"https:\/\/www.sapiosciences.com\/es\/wp-json\/wp\/v2\/pages\/3925\/revisions"}],"up":[{"embeddable":true,"href":"https:\/\/www.sapiosciences.com\/es\/wp-json\/wp\/v2\/pages\/3288"}],"wp:attachment":[{"href":"https:\/\/www.sapiosciences.com\/es\/wp-json\/wp\/v2\/media?parent=3925"}],"curies":[{"name":"wp","href":"https:\/\/api.w.org\/{rel}","templated":true}]}}