{"id":3315,"date":"2023-05-05T19:38:04","date_gmt":"2023-05-05T18:38:04","guid":{"rendered":"https:\/\/www.sapiosciences.com\/aviso-de-privacidad\/"},"modified":"2023-10-06T17:13:36","modified_gmt":"2023-10-06T17:13:36","slug":"aviso-de-privacidad","status":"publish","type":"page","link":"https:\/\/www.sapiosciences.com\/es\/aviso-de-privacidad\/","title":{"rendered":"Aviso de privacidad"},"content":{"rendered":"\n<section class=\"wp-block-mkl-section-block has-lightgrey-background-color split-header\">\n<div class=\"wp-block-mkl-section-block bg-container\">\n<figure class=\"wp-block-image size-full\"><img loading=\"lazy\" decoding=\"async\" width=\"250\" height=\"375\" src=\"https:\/\/www.sapiosciences.com\/wp-content\/uploads\/2023\/05\/privacy-notice-pre.webp\" alt=\"aviso de privacidad pre\" class=\"wp-image-953\" srcset=\"https:\/\/www.sapiosciences.com\/wp-content\/uploads\/2023\/05\/privacy-notice-pre.webp 250w, https:\/\/www.sapiosciences.com\/wp-content\/uploads\/2023\/05\/privacy-notice-pre-200x300.webp 200w\" sizes=\"auto, (max-width: 250px) 100vw, 250px\" \/><\/figure>\n\n\n\n<figure class=\"wp-block-image size-full\"><img loading=\"lazy\" decoding=\"async\" width=\"250\" height=\"375\" src=\"https:\/\/www.sapiosciences.com\/wp-content\/uploads\/2023\/05\/privacy-notice-post.webp\" alt=\"aviso de privacidad post\" class=\"wp-image-954\" srcset=\"https:\/\/www.sapiosciences.com\/wp-content\/uploads\/2023\/05\/privacy-notice-post.webp 250w, https:\/\/www.sapiosciences.com\/wp-content\/uploads\/2023\/05\/privacy-notice-post-200x300.webp 200w\" sizes=\"auto, (max-width: 250px) 100vw, 250px\" \/><\/figure>\n<\/div>\n\n\n\n<div class=\"wp-block-mkl-section-block container\">\n<div class=\"wp-block-group is-layout-flow wp-block-group-is-layout-flow\">\n<h1 class=\"wp-block-heading has-text-align-center maxc900\">Aviso de privacidad<\/h1>\n\n\n\n<p class=\"has-text-align-center\">Fecha de entrada en vigor: 5 de junio de 2023<\/p>\n<\/div>\n<\/div>\n<\/section>\n\n<section class=\"wp-block-mkl-section-block\">\n<div class=\"wp-block-mkl-section-block container\">\n<h3 class=\"wp-block-heading\"><strong>Resumen<\/strong><\/h3>\n\n\n\n<p>Sapio Sciences, LLC (Sapio) se compromete a proteger la privacidad de los datos personales que posee.\u00a0 En este Aviso de privacidad explicamos c\u00f3mo Sapio recopila, utiliza, almacena, comparte y protege sus datos personales.\u00a0 Sapio se adhiere a las leyes y normativas de protecci\u00f3n de datos aplicables, incluidos, entre otros, el Reglamento General de Protecci\u00f3n de Datos (RGPD) de la Uni\u00f3n Europea, el Reglamento General de Protecci\u00f3n de Datos del Reino Unido y la Ley de Privacidad del Consumidor de California (CCPA).\u00a0\u00a0 En este Aviso de privacidad se describen nuestras pr\u00e1cticas generales, pero cuando las leyes y reglamentos locales exijan que procesemos sus datos personales de manera diferente, cumpliremos sus mandatos seg\u00fan corresponda.<\/p>\n\n\n\n<p><strong>Tipos de datos personales recopilados<\/strong><\/p>\n\n\n\n<p>Sapio recopila diferentes tipos de datos personales dependiendo de c\u00f3mo interact\u00fae con nosotros.\u00a0<\/p>\n\n\n\n<ul class=\"wp-block-list\">\n<li><strong>Datos del cliente:<\/strong> El software de Sapio est\u00e1 destinado a recopilar los datos necesarios para lograr los objetivos de LIMS y ELN de un cliente. Se pueden recopilar datos personales de los usuarios, incluidos el nombre, el cargo, el correo electr\u00f3nico y la informaci\u00f3n sanitaria protegida en algunos casos cl\u00ednicos.\u00a0 En este rol, Sapio Sciences act\u00faa como procesador de datos del cliente y el cliente ser\u00eda el controlador. \u00a0<\/li>\n<\/ul>\n\n\n\n<p>Procesamos los datos del cliente de acuerdo con las instrucciones que este nos ha proporcionado, incluidos los t\u00e9rminos aplicables en el acuerdo de un cliente con el cliente y el uso de la funcionalidad de Sapio por parte del cliente, adem\u00e1s de lo exigido por la legislaci\u00f3n vigente. \u00a0Estos datos se pueden utilizar para cumplir con los requisitos espec\u00edficos del cliente en relaci\u00f3n con el software, como c\u00e1lculos, seguimiento de procesos, muestras, almacenamiento e inventario de reactivos, etc.; para seguir las instrucciones del cliente que envi\u00f3 los datos, o en respuesta a los requisitos contractuales con nuestros clientes. Estos datos se cifran cuando est\u00e1n alojados en dispositivos de Sapio. Estos datos est\u00e1n bajo el control del cliente cuando este instala Sapio en sus centros de trabajo dentro de sus propios entornos controlados por el administrador.<\/p>\n\n\n\n<ul class=\"wp-block-list\">\n<li><strong>Solicitantes de empleo: <\/strong>Sapio recopila datos personales de solicitantes de empleo para evaluar a los posibles candidatos para las vacantes.\u00a0 Para ello, podemos recopilar informaci\u00f3n de contacto, informaci\u00f3n acad\u00e9mica y datos de experiencia profesional y cualificaci\u00f3n.\u00a0 Sapio es el responsable del tratamiento de estos datos para este fin y nuestras bases legales son el consentimiento, el tratamiento previo a la celebraci\u00f3n de un contrato y nuestro inter\u00e9s leg\u00edtimo en evaluar posibles candidatos a la contrataci\u00f3n.<\/li>\n\n\n\n<li><strong>Visitantes del sitio web: <\/strong>En nuestro sitio web utilizamos cookies que pueden capturar datos personales, como su direcci\u00f3n IP. Estas cookies se utilizan para mejorar la experiencia de navegaci\u00f3n web del usuario en nuestro sitio web al proporcionar sesiones en m\u00faltiples p\u00e1ginas web o para su uso en diversos medios multimedia.\u00a0 Sapio es el administrador de estos datos, para fines de protecci\u00f3n de datos. Nuestra base legal para la recopilaci\u00f3n de datos es nuestro inter\u00e9s leg\u00edtimo en administrar nuestros sitios de manera eficiente y mejorar nuestros sitios web y servicios.<\/li>\n<\/ul>\n\n\n\n<p><strong>Uso general y uso compartido de datos personales<\/strong><\/p>\n\n\n\n<p>Sapio Sciences utiliza un n\u00famero limitado de proveedores externos para ayudar a proporcionar servicios de consultor\u00eda y alojamiento. Estos proveedores externos los pueden solicitar contractualmente el cliente o Sapio para servicios de consultor\u00eda o TI; tambi\u00e9n se pueden solicitar en nombre de Sapio para cumplir con los requisitos comerciales. Aceptamos cierta responsabilidad por los datos que se transfieren a terceros en nuestro nombre, siempre que no se haya accedido a ellos de forma incorrecta. Los terceros son los siguientes:<\/p>\n\n\n\n<ul class=\"wp-block-list\">\n<li>AWS Hosting:\u00a0<a href=\"https:\/\/aws.amazon.com\/privacy\/\">privacidad de AWS<\/a><\/li>\n\n\n\n<li>Google Analytics:\u00a0<a href=\"https:\/\/policies.google.com\/privacy\">privacidad de Google<\/a><\/li>\n\n\n\n<li>Zifo RnD Solutions:\u00a0<a href=\"https:\/\/www.zifornd.com\/privacy-policy.html\">privacidad de Zifo<\/a><\/li>\n\n\n\n<li>Stripe:\u00a0<a href=\"https:\/\/stripe.com\/privacy\">privacidad de Stripe<\/a><\/li>\n<\/ul>\n\n\n\n<p>Sapio no divulgar\u00e1 ni compartir\u00e1 informaci\u00f3n personal fuera de estos proveedores externos. Estos proveedores y Sapio pueden estar ubicados en pa\u00edses diferentes al suyo.\u00a0 Las leyes de protecci\u00f3n de datos de estos pa\u00edses pueden diferir de las de su pa\u00eds de residencia.\u00a0 Sapio toma las medidas adecuadas para garantizar que los datos personales se procesen y transfieran de acuerdo con las leyes aplicables.\u00a0 Cuando sea necesario, nos aseguramos de que existan las protecciones adecuadas mediante el uso de acuerdos escritos, como las Cl\u00e1usulas contractuales est\u00e1ndar.\u00a0<\/p>\n\n\n\n<p>Las personas pueden solicitar que su informaci\u00f3n personal no se comparta con estas entidades poni\u00e9ndose en contacto con el cliente propietario del software Sapio que aloja sus datos. Las personas tambi\u00e9n pueden enviar un correo electr\u00f3nico a support@sapiosciences.com para hacer esta solicitud y Sapio trabajar\u00e1 con el cliente con vistas a garantizar que se evite el acceso a sus datos personales de acuerdo con la solicitud de la persona.<\/p>\n\n\n\n<p>Sapio nunca vender\u00e1 sus datos personales.<\/p>\n\n\n\n<p><strong>Derechos de los interesados<\/strong><\/p>\n\n\n\n<p>Usted tiene ciertos derechos con respecto a sus datos personales, aunque pueden aplicarse algunas excepciones seg\u00fan los m\u00e9todos que empleemos para procesar sus datos personales y las leyes de su jurisdicci\u00f3n.\u00a0 Dependiendo de todo ello, usted puede tener derecho a:<\/p>\n\n\n\n<ul class=\"wp-block-list\">\n<li>Acceder o solicitar una copia de la informaci\u00f3n personal que tenemos sobre usted;<\/li>\n\n\n\n<li>Pedir que corrijamos la informaci\u00f3n que considere inexacta o incompleta;<\/li>\n\n\n\n<li>Solicitarnos la eliminaci\u00f3n de sus datos personales;<\/li>\n\n\n\n<li>Solicitarnos que restrinjamos el procesamiento de sus datos personales;<\/li>\n\n\n\n<li>Oponerse al procesamiento de sus datos personales;<\/li>\n\n\n\n<li>Pedirnos que transfiramos sus datos personales;<\/li>\n\n\n\n<li>Retirar su consentimiento para tratar sus datos personales si lo ha facilitado;<\/li>\n\n\n\n<li>Efectuar una reclamaci\u00f3n ante la autoridad local de protecci\u00f3n de datos, aunque le pedimos que se ponga en contacto con nosotros primero.<\/li>\n<\/ul>\n\n\n\n<p>Con respecto a los datos del cliente, Sapio tiene una capacidad limitada para identificar y acceder a los datos personales de un usuario individual que un cliente haya enviado a trav\u00e9s del software de Sapio. Si desea solicitar acceso, limitar el uso o limitar la divulgaci\u00f3n, primero remitiremos su solicitud al cliente que envi\u00f3 sus datos personales, ya que son ellos los que administrar\u00e1n el control de acceso a sus propios datos, y nosotros los apoyaremos seg\u00fan sea necesario.<\/p>\n\n\n\n<p>Para ejercer cualquiera de estos derechos, env\u00edenos un correo electr\u00f3nico a <a href=\"mailto:dsar@sapiosciences.com\">dsar@sapiosciences.com<\/a>.\u00a0 Si se aplican limitaciones, analizaremos cada circunstancia y le proporcionaremos el motivo si no podemos cumplir con su solicitud.\u00a0 Seg\u00fan lo exija la ley, podemos tomar medidas para verificar su identidad antes de tomar cualquier medida con respecto a sus datos personales.<\/p>\n\n\n\n<p><strong>Retenci\u00f3n de datos<\/strong><\/p>\n\n\n\n<p>Sapio mantendr\u00e1 sus datos personales solo durante el tiempo que se considere razonablemente necesario para fines legales, contractuales o comerciales.\u00a0 Durante estos per\u00edodos, aplicamos las medidas t\u00e9cnicas y organizativas adecuadas para garantizar que se mantenga la privacidad de sus datos personales.<\/p>\n\n\n\n<p><strong>Preguntas o quejas<\/strong><\/p>\n\n\n\n<p>Si tiene alguna pregunta sobre c\u00f3mo protegemos sus datos personales o cumplimos con las leyes de protecci\u00f3n de datos de su pa\u00eds o estado de residencia, puede ponerse en contacto con nosotros en <a href=\"mailto:support@sapiosciences.com\">support@sapiosciences.com<\/a>\u00a0o en nuestra direcci\u00f3n postal:<\/p>\n\n\n\n<p>Sapio Sciences LLC<br\/>400 East Pratt St, Suite 800<br\/>Baltimore, MD 21202<br\/>Estados Unidos<\/p>\n\n\n\n<p>Nos pondremos en contacto con usted para resolver el problema.<\/p>\n\n\n\n<p><strong>Resoluci\u00f3n de disputas y arbitraje<\/strong><\/p>\n\n\n\n<p>Estamos comprometidos a cooperar con las autoridades de protecci\u00f3n de datos (APD) competentes del EEE, Suiza y el Reino Unido con respecto a los datos transferidos desde alguno de estos pa\u00edses.<\/p>\n\n\n\n<p>Es posible que pueda invocar un arbitraje vinculante para las quejas no resueltas, pero antes de iniciar dicho arbitraje, un residente de un pa\u00eds del EEE debe primero: (1) ponerse en contacto con nosotros y darnos la oportunidad de resolver el problema; (2) buscar ayuda del Departamento de Comercio de los EE.\u00a0UU. (ya sea directamente o a trav\u00e9s de una Autoridad Europea de Protecci\u00f3n de Datos) y dar tiempo al Departamento de Comercio para intentar resolver el problema. Si dicho residente invoca un arbitraje vinculante, cada parte ser\u00e1 responsable de los honorarios de sus propios abogados. Tenga en cuenta que cualquier posible \u00e1rbitro solo puede imponer una compensaci\u00f3n individual espec\u00edfica, no monetaria y equitativa necesaria para remediar cualquier infracci\u00f3n de la pol\u00edtica de privacidad con respecto al residente.<\/p>\n\n\n\n<p><strong>Requisito de divulgaci\u00f3n<\/strong><\/p>\n\n\n\n<p>Podemos revelar datos personales cuando creamos de buena fe que dicha acci\u00f3n sea necesaria para: cumplir con los requisitos legales o para responder a solicitudes legales de las autoridades p\u00fablicas, por ejemplo, para cumplir con los requisitos de seguridad nacional o de cumplimiento de la ley; o para hacer cumplir nuestras obligaciones contractuales.<\/p>\n\n\n\n<p><strong>Cambios en la Pol\u00edtica de privacidad<\/strong><\/p>\n\n\n\n<p>Sapio se reserva el derecho de cambiar este Aviso de privacidad de vez en cuando. \u00a0Sapio mantendr\u00e1 su pol\u00edtica actual en este sitio web. Consulte aqu\u00ed para ver las \u00faltimas actualizaciones, que se anotar\u00e1n antes de la Fecha de entrada en vigor. \u00a0Su uso continuado del sitio web de Sapio Sciences, Sapio y cualquier otro servicio ofrecido por Sapio Sciences, LLC despu\u00e9s de dichas modificaciones constituir\u00e1 su: (A) reconocimiento del Aviso de privacidad modificado; y (b) acuerdo para cumplir y vincularse a dicho Aviso.<\/p>\n<\/div>\n<\/section>\n","protected":false},"excerpt":{"rendered":"","protected":false},"author":3,"featured_media":0,"parent":0,"menu_order":0,"comment_status":"closed","ping_status":"closed","template":"","meta":{"_acf_changed":false,"content-type":"","inline_featured_image":false,"footnotes":""},"class_list":["post-3315","page","type-page","status-publish","hentry"],"acf":[],"yoast_head":"<!-- This site is optimized with the Yoast SEO Premium plugin v27.4 (Yoast SEO v27.4) - https:\/\/yoast.com\/product\/yoast-seo-premium-wordpress\/ -->\n<title>Aviso de privacidad | Sapio Sciences<\/title>\n<meta name=\"robots\" content=\"index, follow, max-snippet:-1, max-image-preview:large, max-video-preview:-1\" \/>\n<link rel=\"canonical\" href=\"https:\/\/www.sapiosciences.com\/es\/aviso-de-privacidad\/\" \/>\n<meta property=\"og:locale\" content=\"es_ES\" \/>\n<meta property=\"og:type\" content=\"article\" \/>\n<meta property=\"og:title\" content=\"Aviso de privacidad\" \/>\n<meta property=\"og:url\" content=\"https:\/\/www.sapiosciences.com\/es\/aviso-de-privacidad\/\" \/>\n<meta property=\"og:site_name\" content=\"Sapio Sciences\" \/>\n<meta property=\"article:modified_time\" content=\"2023-10-06T17:13:36+00:00\" \/>\n<meta property=\"og:image\" content=\"https:\/\/www.sapiosciences.com\/wp-content\/uploads\/2023\/05\/privacy-notice-pre.webp\" \/>\n<meta name=\"twitter:card\" content=\"summary_large_image\" \/>\n<meta name=\"twitter:label1\" content=\"Tiempo de lectura\" \/>\n\t<meta name=\"twitter:data1\" content=\"8 minutos\" \/>\n<script type=\"application\/ld+json\" class=\"yoast-schema-graph\">{\"@context\":\"https:\\\/\\\/schema.org\",\"@graph\":[{\"@type\":\"WebPage\",\"@id\":\"https:\\\/\\\/www.sapiosciences.com\\\/es\\\/aviso-de-privacidad\\\/\",\"url\":\"https:\\\/\\\/www.sapiosciences.com\\\/es\\\/aviso-de-privacidad\\\/\",\"name\":\"Aviso de privacidad | Sapio Sciences\",\"isPartOf\":{\"@id\":\"https:\\\/\\\/www.sapiosciences.com\\\/es\\\/#website\"},\"primaryImageOfPage\":{\"@id\":\"https:\\\/\\\/www.sapiosciences.com\\\/es\\\/aviso-de-privacidad\\\/#primaryimage\"},\"image\":{\"@id\":\"https:\\\/\\\/www.sapiosciences.com\\\/es\\\/aviso-de-privacidad\\\/#primaryimage\"},\"thumbnailUrl\":\"https:\\\/\\\/www.sapiosciences.com\\\/wp-content\\\/uploads\\\/2023\\\/05\\\/privacy-notice-pre.webp\",\"datePublished\":\"2023-05-05T18:38:04+00:00\",\"dateModified\":\"2023-10-06T17:13:36+00:00\",\"breadcrumb\":{\"@id\":\"https:\\\/\\\/www.sapiosciences.com\\\/es\\\/aviso-de-privacidad\\\/#breadcrumb\"},\"inLanguage\":\"es\",\"potentialAction\":[{\"@type\":\"ReadAction\",\"target\":[\"https:\\\/\\\/www.sapiosciences.com\\\/es\\\/aviso-de-privacidad\\\/\"]}]},{\"@type\":\"ImageObject\",\"inLanguage\":\"es\",\"@id\":\"https:\\\/\\\/www.sapiosciences.com\\\/es\\\/aviso-de-privacidad\\\/#primaryimage\",\"url\":\"https:\\\/\\\/www.sapiosciences.com\\\/wp-content\\\/uploads\\\/2023\\\/05\\\/privacy-notice-pre.webp\",\"contentUrl\":\"https:\\\/\\\/www.sapiosciences.com\\\/wp-content\\\/uploads\\\/2023\\\/05\\\/privacy-notice-pre.webp\"},{\"@type\":\"BreadcrumbList\",\"@id\":\"https:\\\/\\\/www.sapiosciences.com\\\/es\\\/aviso-de-privacidad\\\/#breadcrumb\",\"itemListElement\":[{\"@type\":\"ListItem\",\"position\":1,\"name\":\"Home\",\"item\":\"https:\\\/\\\/www.sapiosciences.com\\\/es\\\/\"},{\"@type\":\"ListItem\",\"position\":2,\"name\":\"Aviso de privacidad\"}]},{\"@type\":\"WebSite\",\"@id\":\"https:\\\/\\\/www.sapiosciences.com\\\/es\\\/#website\",\"url\":\"https:\\\/\\\/www.sapiosciences.com\\\/es\\\/\",\"name\":\"Sapio Sciences\",\"description\":\"En el centro de la ciencia.\",\"publisher\":{\"@id\":\"https:\\\/\\\/www.sapiosciences.com\\\/es\\\/#organization\"},\"potentialAction\":[{\"@type\":\"SearchAction\",\"target\":{\"@type\":\"EntryPoint\",\"urlTemplate\":\"https:\\\/\\\/www.sapiosciences.com\\\/es\\\/?s={search_term_string}\"},\"query-input\":{\"@type\":\"PropertyValueSpecification\",\"valueRequired\":true,\"valueName\":\"search_term_string\"}}],\"inLanguage\":\"es\"},{\"@type\":\"Organization\",\"@id\":\"https:\\\/\\\/www.sapiosciences.com\\\/es\\\/#organization\",\"name\":\"Sapio Sciences\",\"url\":\"https:\\\/\\\/www.sapiosciences.com\\\/es\\\/\",\"logo\":{\"@type\":\"ImageObject\",\"inLanguage\":\"es\",\"@id\":\"https:\\\/\\\/www.sapiosciences.com\\\/es\\\/#\\\/schema\\\/logo\\\/image\\\/\",\"url\":\"https:\\\/\\\/www.sapiosciences.com\\\/wp-content\\\/uploads\\\/2023\\\/09\\\/sapio-sciences-logo-color.png\",\"contentUrl\":\"https:\\\/\\\/www.sapiosciences.com\\\/wp-content\\\/uploads\\\/2023\\\/09\\\/sapio-sciences-logo-color.png\",\"width\":290,\"height\":88,\"caption\":\"Sapio Sciences\"},\"image\":{\"@id\":\"https:\\\/\\\/www.sapiosciences.com\\\/es\\\/#\\\/schema\\\/logo\\\/image\\\/\"}}]}<\/script>\n<!-- \/ Yoast SEO Premium plugin. -->","yoast_head_json":{"title":"Aviso de privacidad | Sapio Sciences","robots":{"index":"index","follow":"follow","max-snippet":"max-snippet:-1","max-image-preview":"max-image-preview:large","max-video-preview":"max-video-preview:-1"},"canonical":"https:\/\/www.sapiosciences.com\/es\/aviso-de-privacidad\/","og_locale":"es_ES","og_type":"article","og_title":"Aviso de privacidad","og_url":"https:\/\/www.sapiosciences.com\/es\/aviso-de-privacidad\/","og_site_name":"Sapio Sciences","article_modified_time":"2023-10-06T17:13:36+00:00","og_image":[{"url":"https:\/\/www.sapiosciences.com\/wp-content\/uploads\/2023\/05\/privacy-notice-pre.webp","type":"","width":"","height":""}],"twitter_card":"summary_large_image","twitter_misc":{"Tiempo de lectura":"8 minutos"},"schema":{"@context":"https:\/\/schema.org","@graph":[{"@type":"WebPage","@id":"https:\/\/www.sapiosciences.com\/es\/aviso-de-privacidad\/","url":"https:\/\/www.sapiosciences.com\/es\/aviso-de-privacidad\/","name":"Aviso de privacidad | Sapio Sciences","isPartOf":{"@id":"https:\/\/www.sapiosciences.com\/es\/#website"},"primaryImageOfPage":{"@id":"https:\/\/www.sapiosciences.com\/es\/aviso-de-privacidad\/#primaryimage"},"image":{"@id":"https:\/\/www.sapiosciences.com\/es\/aviso-de-privacidad\/#primaryimage"},"thumbnailUrl":"https:\/\/www.sapiosciences.com\/wp-content\/uploads\/2023\/05\/privacy-notice-pre.webp","datePublished":"2023-05-05T18:38:04+00:00","dateModified":"2023-10-06T17:13:36+00:00","breadcrumb":{"@id":"https:\/\/www.sapiosciences.com\/es\/aviso-de-privacidad\/#breadcrumb"},"inLanguage":"es","potentialAction":[{"@type":"ReadAction","target":["https:\/\/www.sapiosciences.com\/es\/aviso-de-privacidad\/"]}]},{"@type":"ImageObject","inLanguage":"es","@id":"https:\/\/www.sapiosciences.com\/es\/aviso-de-privacidad\/#primaryimage","url":"https:\/\/www.sapiosciences.com\/wp-content\/uploads\/2023\/05\/privacy-notice-pre.webp","contentUrl":"https:\/\/www.sapiosciences.com\/wp-content\/uploads\/2023\/05\/privacy-notice-pre.webp"},{"@type":"BreadcrumbList","@id":"https:\/\/www.sapiosciences.com\/es\/aviso-de-privacidad\/#breadcrumb","itemListElement":[{"@type":"ListItem","position":1,"name":"Home","item":"https:\/\/www.sapiosciences.com\/es\/"},{"@type":"ListItem","position":2,"name":"Aviso de privacidad"}]},{"@type":"WebSite","@id":"https:\/\/www.sapiosciences.com\/es\/#website","url":"https:\/\/www.sapiosciences.com\/es\/","name":"Sapio Sciences","description":"En el centro de la ciencia.","publisher":{"@id":"https:\/\/www.sapiosciences.com\/es\/#organization"},"potentialAction":[{"@type":"SearchAction","target":{"@type":"EntryPoint","urlTemplate":"https:\/\/www.sapiosciences.com\/es\/?s={search_term_string}"},"query-input":{"@type":"PropertyValueSpecification","valueRequired":true,"valueName":"search_term_string"}}],"inLanguage":"es"},{"@type":"Organization","@id":"https:\/\/www.sapiosciences.com\/es\/#organization","name":"Sapio Sciences","url":"https:\/\/www.sapiosciences.com\/es\/","logo":{"@type":"ImageObject","inLanguage":"es","@id":"https:\/\/www.sapiosciences.com\/es\/#\/schema\/logo\/image\/","url":"https:\/\/www.sapiosciences.com\/wp-content\/uploads\/2023\/09\/sapio-sciences-logo-color.png","contentUrl":"https:\/\/www.sapiosciences.com\/wp-content\/uploads\/2023\/09\/sapio-sciences-logo-color.png","width":290,"height":88,"caption":"Sapio Sciences"},"image":{"@id":"https:\/\/www.sapiosciences.com\/es\/#\/schema\/logo\/image\/"}}]}},"_links":{"self":[{"href":"https:\/\/www.sapiosciences.com\/es\/wp-json\/wp\/v2\/pages\/3315","targetHints":{"allow":["GET"]}}],"collection":[{"href":"https:\/\/www.sapiosciences.com\/es\/wp-json\/wp\/v2\/pages"}],"about":[{"href":"https:\/\/www.sapiosciences.com\/es\/wp-json\/wp\/v2\/types\/page"}],"author":[{"embeddable":true,"href":"https:\/\/www.sapiosciences.com\/es\/wp-json\/wp\/v2\/users\/3"}],"replies":[{"embeddable":true,"href":"https:\/\/www.sapiosciences.com\/es\/wp-json\/wp\/v2\/comments?post=3315"}],"version-history":[{"count":0,"href":"https:\/\/www.sapiosciences.com\/es\/wp-json\/wp\/v2\/pages\/3315\/revisions"}],"wp:attachment":[{"href":"https:\/\/www.sapiosciences.com\/es\/wp-json\/wp\/v2\/media?parent=3315"}],"curies":[{"name":"wp","href":"https:\/\/api.w.org\/{rel}","templated":true}]}}