{"id":3919,"date":"2023-05-09T14:27:43","date_gmt":"2023-05-09T13:27:43","guid":{"rendered":"https:\/\/www.sapiosciences.com\/loesungen-nur-mutterunternehmen\/flow-cytometry\/"},"modified":"2023-11-06T19:36:05","modified_gmt":"2023-11-06T19:36:05","slug":"flow-cytometry","status":"publish","type":"page","link":"https:\/\/www.sapiosciences.com\/de\/loesungen\/flow-cytometry\/","title":{"rendered":"Analyse von Durchflusszytometrie-Daten"},"content":{"rendered":"\n<section class=\"wp-block-mkl-section-block has-lightgrey-background-color\">\n<div class=\"wp-block-mkl-section-block container  pt-xs pb-xxs\">\n<div class=\"wp-block-columns is-layout-flex wp-container-core-columns-is-layout-28f84493 wp-block-columns-is-layout-flex\">\n<div class=\"wp-block-column is-vertically-aligned-center is-layout-flow wp-block-column-is-layout-flow\">\n<h1 class=\"wp-block-heading\">Durchflusszytometrie von Sapio<\/h1>\n\n\n\n<p>Verlassen Sie sich auf Sapios leistungsstarke, vollst\u00e4ndig in das ELN-System integrierte Funktionen zur Automatisierung und Verbesserung Ihrer Durchflusszytometrie-Analysen.<\/p>\n\n\n\n<div class=\"wp-block-buttons is-layout-flex wp-block-buttons-is-layout-flex\">\n<div class=\"wp-block-button has-custom-font-size multi-link has-small-font-size\"><a class=\"wp-block-button__link has-orange-to-red-gradient-background has-background wp-element-button\" href=\"https:\/\/www.sapiosciences.com\/de\/demo-anfordern\/\">Demo anfordern<\/a><\/div>\n<\/div>\n<\/div>\n\n\n\n<div class=\"wp-block-column is-layout-flow wp-block-column-is-layout-flow\">\n<figure class=\"wp-block-image size-full\"><img loading=\"lazy\" decoding=\"async\" width=\"592\" height=\"451\" src=\"https:\/\/www.sapiosciences.com\/wp-content\/uploads\/2023\/05\/hd-flow-cytometry.webp\" alt=\"hd flow cytometry\" class=\"wp-image-943\" srcset=\"https:\/\/www.sapiosciences.com\/wp-content\/uploads\/2023\/05\/hd-flow-cytometry.webp 592w, https:\/\/www.sapiosciences.com\/wp-content\/uploads\/2023\/05\/hd-flow-cytometry-300x229.webp 300w\" sizes=\"auto, (max-width: 592px) 100vw, 592px\" \/><\/figure>\n<\/div>\n<\/div>\n<\/div>\n<\/section>\n\n\n\n<section class=\"wp-block-mkl-section-block\">\n<div class=\"wp-block-mkl-section-block container\">\n<div class=\"wp-block-columns is-layout-flex wp-container-core-columns-is-layout-28f84493 wp-block-columns-is-layout-flex\">\n<div class=\"wp-block-column is-layout-flow wp-block-column-is-layout-flow\" style=\"flex-basis:70%\">\n<h2 class=\"wp-block-heading\">Analyse von Durchflusszytometrie-Daten<\/h2>\n\n\n\n<p><strong><a href=\"https:\/\/www.sapiosciences.com\/blog\/what-is-flow-cytometry\/\">Durchflusszytometrie<\/a>-Daten sind ein wertvolles Instrument f\u00fcr die Forschung und Entwicklung, das in vielen Forschungslaboren zum Einsatz kommt. Aber die Durchflusszytometrie ist zeitintensiv, was den Forschungsfortschritt erheblich verlangsamen kann. Viele unserer Kunden, die unsere Informatikplattform <a href=\"https:\/\/www.sapiosciences.com\/de\/produkte\/sapio-eln\/\">Electronic Lab Notebook<\/a> (ELN) f\u00fcr Durchflusszytometrie-Messungen nutzen, w\u00fcnschen sich Tools, mit denen sie die entstehenden Daten zuverl\u00e4ssig analysieren k\u00f6nnen.<\/strong><\/p>\n\n\n\n<p>Sapio verf\u00fcgt \u00fcber jahrelange Erfahrung mit maschinellem Lernen. Diese flie\u00dft in verschiedenste Bereiche ein, darunter auch die Analyse von Durchflusszytometrie-Daten in unserer ELN-Plattform. Gerade bei der Analyse der Zytometriedaten mittels Gating-Verfahren erleichtert die Automatisierung durch maschinelles Lernen Forschenden ma\u00dfgeblich die Arbeit.<\/p>\n\n\n\n<figure class=\"wp-block-image size-full\"><img loading=\"lazy\" decoding=\"async\" width=\"700\" height=\"550\" src=\"https:\/\/www.sapiosciences.com\/wp-content\/uploads\/2023\/05\/sapio-flow-cytometry.png\" alt=\"sapio flow cytometry\" class=\"wp-image-761\" srcset=\"https:\/\/www.sapiosciences.com\/wp-content\/uploads\/2023\/05\/sapio-flow-cytometry.png 700w, https:\/\/www.sapiosciences.com\/wp-content\/uploads\/2023\/05\/sapio-flow-cytometry-300x236.png 300w\" sizes=\"auto, (max-width: 700px) 100vw, 700px\" \/><\/figure>\n\n\n\n<p>Die Science-aware\u2122-Informatikplattform von Sapio ist die einzige L\u00f6sung, die Design-Tools f\u00fcr kleine Molek\u00fcle, Plasmide und CRISPR in sich vereint \u2013 und jetzt auch noch die Durchflusszytometrie-Analyse. Sapio Flow kennt alle Datenformate aus einschl\u00e4gigen Softwarepaketen und Zytometern.<\/p>\n\n\n\n<h3 class=\"wp-block-heading has-normal-font-size\"><strong>Mit dem ELN-Tool Sapio Flow k\u00f6nnen Sie:<\/strong><\/h3>\n\n\n\n<ul class=\"wp-block-list\">\n<li>Durchflusszytometrie-Dateien direkt in Ihr Experiment ziehen und analysieren.<\/li>\n\n\n\n<li>Histogramme anzeigen.<\/li>\n\n\n\n<li>auf Machine-Learning-Technologie basierende Qualit\u00e4tssicherungsverfahren auf Ihre Daten anwenden.<\/li>\n\n\n\n<li>Ihre Daten mit automatisierten Gating-Verfahren analysieren.<\/li>\n\n\n\n<li>mit Zeichenwerkzeugen wie Rechtecken, Freihandzeichnungen usw. manuelle Gating-Analysen erstellen.<\/li>\n\n\n\n<li>Die Metrik und Kennzahlen Ihrer analysierten Durchflusszytometrie-Daten anzeigen und pr\u00fcfen.<\/li>\n\n\n\n<li>eine Kompensationsmatrix auf Ihre Daten anwenden.<\/li>\n\n\n\n<li>Ihre Gating-Strategien speichern und mit Kolleginnen und Kollegen teilen.<\/li>\n<\/ul>\n\n\n\n<p>Etablierte Tools wie FlowJo\u2122 finden nach wie vor weite Verbreitung, sind aber in die Jahre gekommen und nicht kompatibel mit webbasierten ELN-Systemen. Das Flow-Tool von Sapio hingegen ist nahtlos in unserer branchenf\u00fchrenden E-Laborbuch-L\u00f6sung integriert und ist technisch auf dem aktuellen Stand&nbsp;\u2013 kein Softwaredownload notwendig.<\/p>\n\n\n\n<p>Zudem stellt Sapio der akademischen Forschung das komplette Sapio Flow ELN-Tool gratis zur Verf\u00fcgung! Hochschulstudierende und -lehrkr\u00e4fte k\u00f6nnen sich einfach registrieren und erhalten umgehend kostenlosen Zugang.<\/p>\n\n\n\n<div class=\"wp-block-buttons is-layout-flex wp-block-buttons-is-layout-flex\">\n<div class=\"wp-block-button has-custom-font-size has-small-font-size\"><a class=\"wp-block-button__link has-orange-to-red-gradient-background has-background wp-element-button\" href=\"https:\/\/login.sapiosciences.com\/seamless-eln-register-email\" target=\"_blank\" rel=\"noreferrer noopener\">Hier geht&#8217;s Sapio Bronze ELN \u2013 kostenlos f\u00fcr die akademische Forschung!<\/a><\/div>\n<\/div>\n<\/div>\n\n\n\n<div class=\"wp-block-column is-layout-flow wp-block-column-is-layout-flow\" style=\"flex-basis:30%\"><\/div>\n<\/div>\n<\/div>\n<\/section>\n\n\n\n<section class=\"wp-block-mkl-section-block has-lightgrey-background-color multi-target\">\n<div class=\"wp-block-mkl-section-block container\">\n<div class=\"wp-block-columns is-layout-flex wp-container-core-columns-is-layout-28f84493 wp-block-columns-is-layout-flex\">\n<div class=\"wp-block-column is-vertically-aligned-center is-layout-flow wp-block-column-is-layout-flow\" style=\"flex-basis:45%\">\n<h3 class=\"wp-block-heading has-large-font-size\">Erleben Sie aus erster Hand, wie Sapio Ihre Durchflusszytometrie-Analysen transformieren kann.<\/h3>\n\n\n\n<p>F\u00fcllen Sie das Formular aus und fordern Sie eine Demo an.<\/p>\n<\/div>\n\n\n\n<div class=\"wp-block-column is-layout-flow wp-block-column-is-layout-flow\">\n<script charset=\"utf-8\" type=\"text\/javascript\" src=\"\/\/js.hsforms.net\/forms\/embed\/v2.js\"><\/script>\n<script>\n  hbspt.forms.create({\n    region: \"na1\",\n    portalId: \"43825818\",\n    formId: \"0acf96e7-1dbb-4d64-9fd4-4529ffbd0a18\"\n  });\n<\/script>\n<\/div>\n<\/div>\n<\/div>\n<\/section>\n","protected":false},"excerpt":{"rendered":"","protected":false},"author":3,"featured_media":0,"parent":2977,"menu_order":0,"comment_status":"closed","ping_status":"closed","template":"","meta":{"_acf_changed":false,"content-type":"","inline_featured_image":false,"footnotes":""},"class_list":["post-3919","page","type-page","status-publish","hentry"],"acf":[],"yoast_head":"<!-- This site is optimized with the Yoast SEO Premium plugin v27.4 (Yoast SEO v27.4) - https:\/\/yoast.com\/product\/yoast-seo-premium-wordpress\/ -->\n<title>Analyse von Durchflusszytometrie-Daten<\/title>\n<meta name=\"description\" content=\"Sapio bietet vollst\u00e4ndig in das ELN-System integrierte Funktionen zur Automatisierung und Verbesserung von Durchflusszytometrie-Messungen.\" \/>\n<meta name=\"robots\" content=\"index, follow, max-snippet:-1, max-image-preview:large, max-video-preview:-1\" \/>\n<link rel=\"canonical\" href=\"https:\/\/www.sapiosciences.com\/de\/loesungen\/flow-cytometry\/\" \/>\n<meta property=\"og:locale\" content=\"de_DE\" \/>\n<meta property=\"og:type\" content=\"article\" \/>\n<meta property=\"og:title\" content=\"Analyse von Durchflusszytometrie-Daten\" \/>\n<meta property=\"og:description\" content=\"Sapio bietet vollst\u00e4ndig in das ELN-System integrierte Funktionen zur Automatisierung und Verbesserung von Durchflusszytometrie-Messungen.\" \/>\n<meta property=\"og:url\" content=\"https:\/\/www.sapiosciences.com\/de\/loesungen\/flow-cytometry\/\" \/>\n<meta property=\"og:site_name\" content=\"Sapio Sciences\" \/>\n<meta property=\"article:modified_time\" content=\"2023-11-06T19:36:05+00:00\" \/>\n<meta property=\"og:image\" content=\"https:\/\/www.sapiosciences.com\/wp-content\/uploads\/2023\/05\/hd-flow-cytometry.webp\" \/>\n<meta name=\"twitter:card\" content=\"summary_large_image\" \/>\n<meta name=\"twitter:label1\" content=\"Gesch\u00e4tzte Lesezeit\" \/>\n\t<meta name=\"twitter:data1\" content=\"2 Minuten\" \/>\n<script type=\"application\/ld+json\" class=\"yoast-schema-graph\">{\"@context\":\"https:\\\/\\\/schema.org\",\"@graph\":[{\"@type\":\"WebPage\",\"@id\":\"https:\\\/\\\/www.sapiosciences.com\\\/de\\\/loesungen\\\/flow-cytometry\\\/\",\"url\":\"https:\\\/\\\/www.sapiosciences.com\\\/de\\\/loesungen\\\/flow-cytometry\\\/\",\"name\":\"Analyse von Durchflusszytometrie-Daten\",\"isPartOf\":{\"@id\":\"https:\\\/\\\/www.sapiosciences.com\\\/de\\\/#website\"},\"primaryImageOfPage\":{\"@id\":\"https:\\\/\\\/www.sapiosciences.com\\\/de\\\/loesungen\\\/flow-cytometry\\\/#primaryimage\"},\"image\":{\"@id\":\"https:\\\/\\\/www.sapiosciences.com\\\/de\\\/loesungen\\\/flow-cytometry\\\/#primaryimage\"},\"thumbnailUrl\":\"https:\\\/\\\/www.sapiosciences.com\\\/wp-content\\\/uploads\\\/2023\\\/05\\\/hd-flow-cytometry.webp\",\"datePublished\":\"2023-05-09T13:27:43+00:00\",\"dateModified\":\"2023-11-06T19:36:05+00:00\",\"description\":\"Sapio bietet vollst\u00e4ndig in das ELN-System integrierte Funktionen zur Automatisierung und Verbesserung von Durchflusszytometrie-Messungen.\",\"breadcrumb\":{\"@id\":\"https:\\\/\\\/www.sapiosciences.com\\\/de\\\/loesungen\\\/flow-cytometry\\\/#breadcrumb\"},\"inLanguage\":\"de-DE\",\"potentialAction\":[{\"@type\":\"ReadAction\",\"target\":[\"https:\\\/\\\/www.sapiosciences.com\\\/de\\\/loesungen\\\/flow-cytometry\\\/\"]}]},{\"@type\":\"ImageObject\",\"inLanguage\":\"de-DE\",\"@id\":\"https:\\\/\\\/www.sapiosciences.com\\\/de\\\/loesungen\\\/flow-cytometry\\\/#primaryimage\",\"url\":\"https:\\\/\\\/www.sapiosciences.com\\\/wp-content\\\/uploads\\\/2023\\\/05\\\/hd-flow-cytometry.webp\",\"contentUrl\":\"https:\\\/\\\/www.sapiosciences.com\\\/wp-content\\\/uploads\\\/2023\\\/05\\\/hd-flow-cytometry.webp\"},{\"@type\":\"BreadcrumbList\",\"@id\":\"https:\\\/\\\/www.sapiosciences.com\\\/de\\\/loesungen\\\/flow-cytometry\\\/#breadcrumb\",\"itemListElement\":[{\"@type\":\"ListItem\",\"position\":1,\"name\":\"Home\",\"item\":\"https:\\\/\\\/www.sapiosciences.com\\\/de\\\/\"},{\"@type\":\"ListItem\",\"position\":2,\"name\":\"L\u00f6sungen \u2013 NUR MUTTERUNTERNEHMEN\",\"item\":\"https:\\\/\\\/www.sapiosciences.com\\\/de\\\/loesungen\\\/\"},{\"@type\":\"ListItem\",\"position\":3,\"name\":\"Analyse von Durchflusszytometrie-Daten\"}]},{\"@type\":\"WebSite\",\"@id\":\"https:\\\/\\\/www.sapiosciences.com\\\/de\\\/#website\",\"url\":\"https:\\\/\\\/www.sapiosciences.com\\\/de\\\/\",\"name\":\"Sapio Sciences\",\"description\":\"Im Herzen der Wissenschaft.\",\"publisher\":{\"@id\":\"https:\\\/\\\/www.sapiosciences.com\\\/de\\\/#organization\"},\"potentialAction\":[{\"@type\":\"SearchAction\",\"target\":{\"@type\":\"EntryPoint\",\"urlTemplate\":\"https:\\\/\\\/www.sapiosciences.com\\\/de\\\/?s={search_term_string}\"},\"query-input\":{\"@type\":\"PropertyValueSpecification\",\"valueRequired\":true,\"valueName\":\"search_term_string\"}}],\"inLanguage\":\"de-DE\"},{\"@type\":\"Organization\",\"@id\":\"https:\\\/\\\/www.sapiosciences.com\\\/de\\\/#organization\",\"name\":\"Sapio Sciences\",\"url\":\"https:\\\/\\\/www.sapiosciences.com\\\/de\\\/\",\"logo\":{\"@type\":\"ImageObject\",\"inLanguage\":\"de-DE\",\"@id\":\"https:\\\/\\\/www.sapiosciences.com\\\/de\\\/#\\\/schema\\\/logo\\\/image\\\/\",\"url\":\"https:\\\/\\\/www.sapiosciences.com\\\/wp-content\\\/uploads\\\/2023\\\/09\\\/sapio-sciences-logo-color.png\",\"contentUrl\":\"https:\\\/\\\/www.sapiosciences.com\\\/wp-content\\\/uploads\\\/2023\\\/09\\\/sapio-sciences-logo-color.png\",\"width\":290,\"height\":88,\"caption\":\"Sapio Sciences\"},\"image\":{\"@id\":\"https:\\\/\\\/www.sapiosciences.com\\\/de\\\/#\\\/schema\\\/logo\\\/image\\\/\"}}]}<\/script>\n<!-- \/ Yoast SEO Premium plugin. -->","yoast_head_json":{"title":"Analyse von Durchflusszytometrie-Daten","description":"Sapio bietet vollst\u00e4ndig in das ELN-System integrierte Funktionen zur Automatisierung und Verbesserung von Durchflusszytometrie-Messungen.","robots":{"index":"index","follow":"follow","max-snippet":"max-snippet:-1","max-image-preview":"max-image-preview:large","max-video-preview":"max-video-preview:-1"},"canonical":"https:\/\/www.sapiosciences.com\/de\/loesungen\/flow-cytometry\/","og_locale":"de_DE","og_type":"article","og_title":"Analyse von Durchflusszytometrie-Daten","og_description":"Sapio bietet vollst\u00e4ndig in das ELN-System integrierte Funktionen zur Automatisierung und Verbesserung von Durchflusszytometrie-Messungen.","og_url":"https:\/\/www.sapiosciences.com\/de\/loesungen\/flow-cytometry\/","og_site_name":"Sapio Sciences","article_modified_time":"2023-11-06T19:36:05+00:00","og_image":[{"url":"https:\/\/www.sapiosciences.com\/wp-content\/uploads\/2023\/05\/hd-flow-cytometry.webp","type":"","width":"","height":""}],"twitter_card":"summary_large_image","twitter_misc":{"Gesch\u00e4tzte Lesezeit":"2 Minuten"},"schema":{"@context":"https:\/\/schema.org","@graph":[{"@type":"WebPage","@id":"https:\/\/www.sapiosciences.com\/de\/loesungen\/flow-cytometry\/","url":"https:\/\/www.sapiosciences.com\/de\/loesungen\/flow-cytometry\/","name":"Analyse von Durchflusszytometrie-Daten","isPartOf":{"@id":"https:\/\/www.sapiosciences.com\/de\/#website"},"primaryImageOfPage":{"@id":"https:\/\/www.sapiosciences.com\/de\/loesungen\/flow-cytometry\/#primaryimage"},"image":{"@id":"https:\/\/www.sapiosciences.com\/de\/loesungen\/flow-cytometry\/#primaryimage"},"thumbnailUrl":"https:\/\/www.sapiosciences.com\/wp-content\/uploads\/2023\/05\/hd-flow-cytometry.webp","datePublished":"2023-05-09T13:27:43+00:00","dateModified":"2023-11-06T19:36:05+00:00","description":"Sapio bietet vollst\u00e4ndig in das ELN-System integrierte Funktionen zur Automatisierung und Verbesserung von Durchflusszytometrie-Messungen.","breadcrumb":{"@id":"https:\/\/www.sapiosciences.com\/de\/loesungen\/flow-cytometry\/#breadcrumb"},"inLanguage":"de-DE","potentialAction":[{"@type":"ReadAction","target":["https:\/\/www.sapiosciences.com\/de\/loesungen\/flow-cytometry\/"]}]},{"@type":"ImageObject","inLanguage":"de-DE","@id":"https:\/\/www.sapiosciences.com\/de\/loesungen\/flow-cytometry\/#primaryimage","url":"https:\/\/www.sapiosciences.com\/wp-content\/uploads\/2023\/05\/hd-flow-cytometry.webp","contentUrl":"https:\/\/www.sapiosciences.com\/wp-content\/uploads\/2023\/05\/hd-flow-cytometry.webp"},{"@type":"BreadcrumbList","@id":"https:\/\/www.sapiosciences.com\/de\/loesungen\/flow-cytometry\/#breadcrumb","itemListElement":[{"@type":"ListItem","position":1,"name":"Home","item":"https:\/\/www.sapiosciences.com\/de\/"},{"@type":"ListItem","position":2,"name":"L\u00f6sungen \u2013 NUR MUTTERUNTERNEHMEN","item":"https:\/\/www.sapiosciences.com\/de\/loesungen\/"},{"@type":"ListItem","position":3,"name":"Analyse von Durchflusszytometrie-Daten"}]},{"@type":"WebSite","@id":"https:\/\/www.sapiosciences.com\/de\/#website","url":"https:\/\/www.sapiosciences.com\/de\/","name":"Sapio Sciences","description":"Im Herzen der Wissenschaft.","publisher":{"@id":"https:\/\/www.sapiosciences.com\/de\/#organization"},"potentialAction":[{"@type":"SearchAction","target":{"@type":"EntryPoint","urlTemplate":"https:\/\/www.sapiosciences.com\/de\/?s={search_term_string}"},"query-input":{"@type":"PropertyValueSpecification","valueRequired":true,"valueName":"search_term_string"}}],"inLanguage":"de-DE"},{"@type":"Organization","@id":"https:\/\/www.sapiosciences.com\/de\/#organization","name":"Sapio Sciences","url":"https:\/\/www.sapiosciences.com\/de\/","logo":{"@type":"ImageObject","inLanguage":"de-DE","@id":"https:\/\/www.sapiosciences.com\/de\/#\/schema\/logo\/image\/","url":"https:\/\/www.sapiosciences.com\/wp-content\/uploads\/2023\/09\/sapio-sciences-logo-color.png","contentUrl":"https:\/\/www.sapiosciences.com\/wp-content\/uploads\/2023\/09\/sapio-sciences-logo-color.png","width":290,"height":88,"caption":"Sapio Sciences"},"image":{"@id":"https:\/\/www.sapiosciences.com\/de\/#\/schema\/logo\/image\/"}}]}},"_links":{"self":[{"href":"https:\/\/www.sapiosciences.com\/de\/wp-json\/wp\/v2\/pages\/3919","targetHints":{"allow":["GET"]}}],"collection":[{"href":"https:\/\/www.sapiosciences.com\/de\/wp-json\/wp\/v2\/pages"}],"about":[{"href":"https:\/\/www.sapiosciences.com\/de\/wp-json\/wp\/v2\/types\/page"}],"author":[{"embeddable":true,"href":"https:\/\/www.sapiosciences.com\/de\/wp-json\/wp\/v2\/users\/3"}],"replies":[{"embeddable":true,"href":"https:\/\/www.sapiosciences.com\/de\/wp-json\/wp\/v2\/comments?post=3919"}],"version-history":[{"count":0,"href":"https:\/\/www.sapiosciences.com\/de\/wp-json\/wp\/v2\/pages\/3919\/revisions"}],"up":[{"embeddable":true,"href":"https:\/\/www.sapiosciences.com\/de\/wp-json\/wp\/v2\/pages\/2977"}],"wp:attachment":[{"href":"https:\/\/www.sapiosciences.com\/de\/wp-json\/wp\/v2\/media?parent=3919"}],"curies":[{"name":"wp","href":"https:\/\/api.w.org\/{rel}","templated":true}]}}