{"id":3122,"date":"2023-05-05T19:53:41","date_gmt":"2023-05-05T18:53:41","guid":{"rendered":"https:\/\/www.sapiosciences.com\/demo-anfordern\/"},"modified":"2024-10-22T16:59:59","modified_gmt":"2024-10-22T15:59:59","slug":"demo-anfordern","status":"publish","type":"page","link":"https:\/\/www.sapiosciences.com\/de\/demo-anfordern\/","title":{"rendered":"Demo anfordern"},"content":{"rendered":"\n<section class=\"wp-block-mkl-section-block has-lightgrey-background-color split-header\">\n<div class=\"wp-block-mkl-section-block bg-container\">\n<figure class=\"wp-block-image size-full\"><img loading=\"lazy\" decoding=\"async\" width=\"250\" height=\"375\" src=\"https:\/\/www.sapiosciences.com\/wp-content\/uploads\/2023\/05\/contact-leader-in-lims-eln-knowledge-management.webp\" alt=\"contact leader in lims eln knowledge management\" class=\"wp-image-480\" srcset=\"https:\/\/www.sapiosciences.com\/wp-content\/uploads\/2023\/05\/contact-leader-in-lims-eln-knowledge-management.webp 250w, https:\/\/www.sapiosciences.com\/wp-content\/uploads\/2023\/05\/contact-leader-in-lims-eln-knowledge-management-200x300.webp 200w\" sizes=\"auto, (max-width: 250px) 100vw, 250px\" \/><\/figure>\n\n\n\n<figure class=\"wp-block-image size-full\"><img loading=\"lazy\" decoding=\"async\" width=\"250\" height=\"375\" src=\"https:\/\/www.sapiosciences.com\/wp-content\/uploads\/2023\/05\/request-demo-sapio.webp\" alt=\"request demo sapio\" class=\"wp-image-1026\" srcset=\"https:\/\/www.sapiosciences.com\/wp-content\/uploads\/2023\/05\/request-demo-sapio.webp 250w, https:\/\/www.sapiosciences.com\/wp-content\/uploads\/2023\/05\/request-demo-sapio-200x300.webp 200w\" sizes=\"auto, (max-width: 250px) 100vw, 250px\" \/><\/figure>\n<\/div>\n\n\n\n<div class=\"wp-block-mkl-section-block container\">\n<h1 class=\"wp-block-heading has-text-align-center\" id=\"h-demo-anfordern\">Demo anfordern<\/h1>\n\n\n\n<p class=\"has-text-align-center maxc700\">Sapio Sciences ist ein f\u00fchrender Anbieter von L\u00f6sungen f\u00fcr <a href=\"https:\/\/www.sapiosciences.com\/de\/produkte\/sapio-lims\/\">LIMS<\/a>, <a href=\"https:\/\/www.sapiosciences.com\/de\/produkte\/sapio-eln\/\">elektronische Laborb\u00fccher<\/a> und <a href=\"https:\/\/www.sapiosciences.com\/de\/produkte\/sapio-jarvis\">wissenschaftliches Datenmanagement<\/a> in einer einheitlichen Science-aware\u2122-Plattform. Vereinbaren Sie noch heute einen Termin f\u00fcr eine Produktdemo. <\/p>\n<\/div>\n<\/section>\n\n\n\n<section class=\"wp-block-mkl-section-block\">\n<div class=\"wp-block-mkl-section-block container\">\n<div class=\"wp-block-group panel shadow light has-aqua-to-lightblue-gradient-background has-background is-layout-constrained wp-block-group-is-layout-constrained\">\n<p class=\"has-normal-font-size\">Gerne beantworten wir Ihre Anfrage.<\/p>\n\n\n\n<script charset=\"utf-8\" type=\"text\/javascript\" src=\"\/\/js.hsforms.net\/forms\/embed\/v2.js\"><\/script>\n<script>\n  hbspt.forms.create({\n    region: \"na1\",\n    portalId: \"43825818\",\n    formId: \"d11d3e27-05cb-4e8b-af65-8a9cae214eeb\"\n  });\n<\/script>\n<\/div>\n<\/div>\n<\/section>\n","protected":false},"excerpt":{"rendered":"","protected":false},"author":3,"featured_media":0,"parent":0,"menu_order":0,"comment_status":"closed","ping_status":"closed","template":"","meta":{"_acf_changed":false,"content-type":"","inline_featured_image":false,"footnotes":""},"class_list":["post-3122","page","type-page","status-publish","hentry"],"acf":[],"yoast_head":"<!-- This site is optimized with the Yoast SEO Premium plugin v27.4 (Yoast SEO v27.4) - https:\/\/yoast.com\/product\/yoast-seo-premium-wordpress\/ -->\n<title>Demotermin vereinbaren | Sapio Sciences<\/title>\n<meta name=\"description\" content=\"Entdecken Sie die volle Leistungsf\u00e4higkeit der einheitlichen Laborinformatikplattform von Sapio und vereinbaren Sie noch heute einen Termin f\u00fcr eine Live-Demonstration.\" \/>\n<meta name=\"robots\" content=\"index, follow, max-snippet:-1, max-image-preview:large, max-video-preview:-1\" \/>\n<link rel=\"canonical\" href=\"https:\/\/www.sapiosciences.com\/de\/demo-anfordern\/\" \/>\n<meta property=\"og:locale\" content=\"de_DE\" \/>\n<meta property=\"og:type\" content=\"article\" \/>\n<meta property=\"og:title\" content=\"Demo anfordern\" \/>\n<meta property=\"og:description\" content=\"Entdecken Sie die volle Leistungsf\u00e4higkeit der einheitlichen Laborinformatikplattform von Sapio und vereinbaren Sie noch heute einen Termin f\u00fcr eine Live-Demonstration.\" \/>\n<meta property=\"og:url\" content=\"https:\/\/www.sapiosciences.com\/de\/demo-anfordern\/\" \/>\n<meta property=\"og:site_name\" content=\"Sapio Sciences\" \/>\n<meta property=\"article:modified_time\" content=\"2024-10-22T15:59:59+00:00\" \/>\n<meta property=\"og:image\" content=\"https:\/\/www.sapiosciences.com\/wp-content\/uploads\/2023\/05\/contact-leader-in-lims-eln-knowledge-management.webp\" \/>\n\t<meta property=\"og:image:width\" content=\"250\" \/>\n\t<meta property=\"og:image:height\" content=\"375\" \/>\n\t<meta property=\"og:image:type\" content=\"image\/webp\" \/>\n<meta name=\"twitter:card\" content=\"summary_large_image\" \/>\n<meta name=\"twitter:label1\" content=\"Gesch\u00e4tzte Lesezeit\" \/>\n\t<meta name=\"twitter:data1\" content=\"1 Minute\" \/>\n<script type=\"application\/ld+json\" class=\"yoast-schema-graph\">{\"@context\":\"https:\\\/\\\/schema.org\",\"@graph\":[{\"@type\":\"WebPage\",\"@id\":\"https:\\\/\\\/www.sapiosciences.com\\\/de\\\/demo-anfordern\\\/\",\"url\":\"https:\\\/\\\/www.sapiosciences.com\\\/de\\\/demo-anfordern\\\/\",\"name\":\"Demotermin vereinbaren | Sapio Sciences\",\"isPartOf\":{\"@id\":\"https:\\\/\\\/www.sapiosciences.com\\\/de\\\/#website\"},\"primaryImageOfPage\":{\"@id\":\"https:\\\/\\\/www.sapiosciences.com\\\/de\\\/demo-anfordern\\\/#primaryimage\"},\"image\":{\"@id\":\"https:\\\/\\\/www.sapiosciences.com\\\/de\\\/demo-anfordern\\\/#primaryimage\"},\"thumbnailUrl\":\"https:\\\/\\\/www.sapiosciences.com\\\/wp-content\\\/uploads\\\/2023\\\/05\\\/contact-leader-in-lims-eln-knowledge-management.webp\",\"datePublished\":\"2023-05-05T18:53:41+00:00\",\"dateModified\":\"2024-10-22T15:59:59+00:00\",\"description\":\"Entdecken Sie die volle Leistungsf\u00e4higkeit der einheitlichen Laborinformatikplattform von Sapio und vereinbaren Sie noch heute einen Termin f\u00fcr eine Live-Demonstration.\",\"breadcrumb\":{\"@id\":\"https:\\\/\\\/www.sapiosciences.com\\\/de\\\/demo-anfordern\\\/#breadcrumb\"},\"inLanguage\":\"de-DE\",\"potentialAction\":[{\"@type\":\"ReadAction\",\"target\":[\"https:\\\/\\\/www.sapiosciences.com\\\/de\\\/demo-anfordern\\\/\"]}]},{\"@type\":\"ImageObject\",\"inLanguage\":\"de-DE\",\"@id\":\"https:\\\/\\\/www.sapiosciences.com\\\/de\\\/demo-anfordern\\\/#primaryimage\",\"url\":\"https:\\\/\\\/www.sapiosciences.com\\\/wp-content\\\/uploads\\\/2023\\\/05\\\/contact-leader-in-lims-eln-knowledge-management.webp\",\"contentUrl\":\"https:\\\/\\\/www.sapiosciences.com\\\/wp-content\\\/uploads\\\/2023\\\/05\\\/contact-leader-in-lims-eln-knowledge-management.webp\"},{\"@type\":\"BreadcrumbList\",\"@id\":\"https:\\\/\\\/www.sapiosciences.com\\\/de\\\/demo-anfordern\\\/#breadcrumb\",\"itemListElement\":[{\"@type\":\"ListItem\",\"position\":1,\"name\":\"Home\",\"item\":\"https:\\\/\\\/www.sapiosciences.com\\\/de\\\/\"},{\"@type\":\"ListItem\",\"position\":2,\"name\":\"Demo anfordern\"}]},{\"@type\":\"WebSite\",\"@id\":\"https:\\\/\\\/www.sapiosciences.com\\\/de\\\/#website\",\"url\":\"https:\\\/\\\/www.sapiosciences.com\\\/de\\\/\",\"name\":\"Sapio Sciences\",\"description\":\"Im Herzen der Wissenschaft.\",\"publisher\":{\"@id\":\"https:\\\/\\\/www.sapiosciences.com\\\/de\\\/#organization\"},\"potentialAction\":[{\"@type\":\"SearchAction\",\"target\":{\"@type\":\"EntryPoint\",\"urlTemplate\":\"https:\\\/\\\/www.sapiosciences.com\\\/de\\\/?s={search_term_string}\"},\"query-input\":{\"@type\":\"PropertyValueSpecification\",\"valueRequired\":true,\"valueName\":\"search_term_string\"}}],\"inLanguage\":\"de-DE\"},{\"@type\":\"Organization\",\"@id\":\"https:\\\/\\\/www.sapiosciences.com\\\/de\\\/#organization\",\"name\":\"Sapio Sciences\",\"url\":\"https:\\\/\\\/www.sapiosciences.com\\\/de\\\/\",\"logo\":{\"@type\":\"ImageObject\",\"inLanguage\":\"de-DE\",\"@id\":\"https:\\\/\\\/www.sapiosciences.com\\\/de\\\/#\\\/schema\\\/logo\\\/image\\\/\",\"url\":\"https:\\\/\\\/www.sapiosciences.com\\\/wp-content\\\/uploads\\\/2023\\\/09\\\/sapio-sciences-logo-color.png\",\"contentUrl\":\"https:\\\/\\\/www.sapiosciences.com\\\/wp-content\\\/uploads\\\/2023\\\/09\\\/sapio-sciences-logo-color.png\",\"width\":290,\"height\":88,\"caption\":\"Sapio Sciences\"},\"image\":{\"@id\":\"https:\\\/\\\/www.sapiosciences.com\\\/de\\\/#\\\/schema\\\/logo\\\/image\\\/\"}}]}<\/script>\n<!-- \/ Yoast SEO Premium plugin. -->","yoast_head_json":{"title":"Demotermin vereinbaren | Sapio Sciences","description":"Entdecken Sie die volle Leistungsf\u00e4higkeit der einheitlichen Laborinformatikplattform von Sapio und vereinbaren Sie noch heute einen Termin f\u00fcr eine Live-Demonstration.","robots":{"index":"index","follow":"follow","max-snippet":"max-snippet:-1","max-image-preview":"max-image-preview:large","max-video-preview":"max-video-preview:-1"},"canonical":"https:\/\/www.sapiosciences.com\/de\/demo-anfordern\/","og_locale":"de_DE","og_type":"article","og_title":"Demo anfordern","og_description":"Entdecken Sie die volle Leistungsf\u00e4higkeit der einheitlichen Laborinformatikplattform von Sapio und vereinbaren Sie noch heute einen Termin f\u00fcr eine Live-Demonstration.","og_url":"https:\/\/www.sapiosciences.com\/de\/demo-anfordern\/","og_site_name":"Sapio Sciences","article_modified_time":"2024-10-22T15:59:59+00:00","og_image":[{"width":250,"height":375,"url":"https:\/\/www.sapiosciences.com\/wp-content\/uploads\/2023\/05\/contact-leader-in-lims-eln-knowledge-management.webp","type":"image\/webp"}],"twitter_card":"summary_large_image","twitter_misc":{"Gesch\u00e4tzte Lesezeit":"1 Minute"},"schema":{"@context":"https:\/\/schema.org","@graph":[{"@type":"WebPage","@id":"https:\/\/www.sapiosciences.com\/de\/demo-anfordern\/","url":"https:\/\/www.sapiosciences.com\/de\/demo-anfordern\/","name":"Demotermin vereinbaren | Sapio Sciences","isPartOf":{"@id":"https:\/\/www.sapiosciences.com\/de\/#website"},"primaryImageOfPage":{"@id":"https:\/\/www.sapiosciences.com\/de\/demo-anfordern\/#primaryimage"},"image":{"@id":"https:\/\/www.sapiosciences.com\/de\/demo-anfordern\/#primaryimage"},"thumbnailUrl":"https:\/\/www.sapiosciences.com\/wp-content\/uploads\/2023\/05\/contact-leader-in-lims-eln-knowledge-management.webp","datePublished":"2023-05-05T18:53:41+00:00","dateModified":"2024-10-22T15:59:59+00:00","description":"Entdecken Sie die volle Leistungsf\u00e4higkeit der einheitlichen Laborinformatikplattform von Sapio und vereinbaren Sie noch heute einen Termin f\u00fcr eine Live-Demonstration.","breadcrumb":{"@id":"https:\/\/www.sapiosciences.com\/de\/demo-anfordern\/#breadcrumb"},"inLanguage":"de-DE","potentialAction":[{"@type":"ReadAction","target":["https:\/\/www.sapiosciences.com\/de\/demo-anfordern\/"]}]},{"@type":"ImageObject","inLanguage":"de-DE","@id":"https:\/\/www.sapiosciences.com\/de\/demo-anfordern\/#primaryimage","url":"https:\/\/www.sapiosciences.com\/wp-content\/uploads\/2023\/05\/contact-leader-in-lims-eln-knowledge-management.webp","contentUrl":"https:\/\/www.sapiosciences.com\/wp-content\/uploads\/2023\/05\/contact-leader-in-lims-eln-knowledge-management.webp"},{"@type":"BreadcrumbList","@id":"https:\/\/www.sapiosciences.com\/de\/demo-anfordern\/#breadcrumb","itemListElement":[{"@type":"ListItem","position":1,"name":"Home","item":"https:\/\/www.sapiosciences.com\/de\/"},{"@type":"ListItem","position":2,"name":"Demo anfordern"}]},{"@type":"WebSite","@id":"https:\/\/www.sapiosciences.com\/de\/#website","url":"https:\/\/www.sapiosciences.com\/de\/","name":"Sapio Sciences","description":"Im Herzen der Wissenschaft.","publisher":{"@id":"https:\/\/www.sapiosciences.com\/de\/#organization"},"potentialAction":[{"@type":"SearchAction","target":{"@type":"EntryPoint","urlTemplate":"https:\/\/www.sapiosciences.com\/de\/?s={search_term_string}"},"query-input":{"@type":"PropertyValueSpecification","valueRequired":true,"valueName":"search_term_string"}}],"inLanguage":"de-DE"},{"@type":"Organization","@id":"https:\/\/www.sapiosciences.com\/de\/#organization","name":"Sapio Sciences","url":"https:\/\/www.sapiosciences.com\/de\/","logo":{"@type":"ImageObject","inLanguage":"de-DE","@id":"https:\/\/www.sapiosciences.com\/de\/#\/schema\/logo\/image\/","url":"https:\/\/www.sapiosciences.com\/wp-content\/uploads\/2023\/09\/sapio-sciences-logo-color.png","contentUrl":"https:\/\/www.sapiosciences.com\/wp-content\/uploads\/2023\/09\/sapio-sciences-logo-color.png","width":290,"height":88,"caption":"Sapio Sciences"},"image":{"@id":"https:\/\/www.sapiosciences.com\/de\/#\/schema\/logo\/image\/"}}]}},"_links":{"self":[{"href":"https:\/\/www.sapiosciences.com\/de\/wp-json\/wp\/v2\/pages\/3122","targetHints":{"allow":["GET"]}}],"collection":[{"href":"https:\/\/www.sapiosciences.com\/de\/wp-json\/wp\/v2\/pages"}],"about":[{"href":"https:\/\/www.sapiosciences.com\/de\/wp-json\/wp\/v2\/types\/page"}],"author":[{"embeddable":true,"href":"https:\/\/www.sapiosciences.com\/de\/wp-json\/wp\/v2\/users\/3"}],"replies":[{"embeddable":true,"href":"https:\/\/www.sapiosciences.com\/de\/wp-json\/wp\/v2\/comments?post=3122"}],"version-history":[{"count":0,"href":"https:\/\/www.sapiosciences.com\/de\/wp-json\/wp\/v2\/pages\/3122\/revisions"}],"wp:attachment":[{"href":"https:\/\/www.sapiosciences.com\/de\/wp-json\/wp\/v2\/media?parent=3122"}],"curies":[{"name":"wp","href":"https:\/\/api.w.org\/{rel}","templated":true}]}}