{"id":3008,"date":"2023-05-05T19:38:04","date_gmt":"2023-05-05T18:38:04","guid":{"rendered":"https:\/\/www.sapiosciences.com\/datenschutzhinweis\/"},"modified":"2023-10-12T17:12:56","modified_gmt":"2023-10-12T17:12:56","slug":"datenschutzhinweis","status":"publish","type":"page","link":"https:\/\/www.sapiosciences.com\/de\/datenschutzhinweis\/","title":{"rendered":"Datenschutzhinweis"},"content":{"rendered":"\n<section class=\"wp-block-mkl-section-block has-lightgrey-background-color split-header\">\n<div class=\"wp-block-mkl-section-block bg-container\">\n<figure class=\"wp-block-image size-full\"><img loading=\"lazy\" decoding=\"async\" width=\"250\" height=\"375\" src=\"https:\/\/www.sapiosciences.com\/wp-content\/uploads\/2023\/05\/privacy-notice-pre.webp\" alt=\"Datenschutzhinweis vor\" class=\"wp-image-953\" srcset=\"https:\/\/www.sapiosciences.com\/wp-content\/uploads\/2023\/05\/privacy-notice-pre.webp 250w, https:\/\/www.sapiosciences.com\/wp-content\/uploads\/2023\/05\/privacy-notice-pre-200x300.webp 200w\" sizes=\"auto, (max-width: 250px) 100vw, 250px\" \/><\/figure>\n\n\n\n<figure class=\"wp-block-image size-full\"><img loading=\"lazy\" decoding=\"async\" width=\"250\" height=\"375\" src=\"https:\/\/www.sapiosciences.com\/wp-content\/uploads\/2023\/05\/privacy-notice-post.webp\" alt=\"Datenschutzhinweis nach\" class=\"wp-image-954\" srcset=\"https:\/\/www.sapiosciences.com\/wp-content\/uploads\/2023\/05\/privacy-notice-post.webp 250w, https:\/\/www.sapiosciences.com\/wp-content\/uploads\/2023\/05\/privacy-notice-post-200x300.webp 200w\" sizes=\"auto, (max-width: 250px) 100vw, 250px\" \/><\/figure>\n<\/div>\n\n\n\n<div class=\"wp-block-mkl-section-block container\">\n<div class=\"wp-block-group is-layout-flow wp-block-group-is-layout-flow\">\n<h1 class=\"wp-block-heading has-text-align-center maxc900\">Datenschutzhinweis<\/h1>\n\n\n\n<p class=\"has-text-align-center\">Datum des Inkrafttretens: 5. Juni 2023<\/p>\n<\/div>\n<\/div>\n<\/section>\n\n<section class=\"wp-block-mkl-section-block\">\n<div class=\"wp-block-mkl-section-block container\">\n<h3 class=\"wp-block-heading\"><strong>Zusammenfassung<\/strong><\/h3>\n\n\n\n<p>Sapio Sciences, LLC (Sapio) verpflichtet sich, die personenbezogenen Daten, \u00fcber die es verf\u00fcgt, zu sch\u00fctzen.In diesem Datenschutzhinweis erl\u00e4utern wir, wie Sapio Ihre personenbezogenen Daten erhebt, verwendet, speichert, weitergibt und sch\u00fctzt.Sapio h\u00e4lt sich an die anwendbaren Datenschutzgesetze und -vorschriften, insbesondere an die Datenschutz-Grundverordnung der Europ\u00e4ischen Union (DSGVO), die UK-GDPR und den California Consumer Privacy Act (CCPA).In diesem Datenschutzhinweis werden unsere allgemeinen Praktiken beschrieben, aber wenn lokale Gesetze und Vorschriften vorschreiben, dass wir Ihre personenbezogenen Daten auf andere Weise verarbeiten, werden wir diese einhalten, soweit sie anwendbar sind.<\/p>\n\n\n\n<p><strong>Art der erhobenen personenbezogenen Daten<\/strong><\/p>\n\n\n\n<p>Sapio erhebt verschiedene Arten personenbezogener Daten, je nachdem, wie Sie mit uns interagieren.<\/p>\n\n\n\n<ul class=\"wp-block-list\">\n<li><strong>Kundendaten:<\/strong> Die Software von Sapio dient der Erhebung der Daten, die zur Erreichung der LIMS- und ELN-Ziele eines Kunden erforderlich sind. Die personenbezogenen Daten der Benutzer k\u00f6nnen erhoben werden, einschlie\u00dflich Namen, Titel, E-Mail-Adresse und, in einigen klinischen F\u00e4llen, sogenannte gesch\u00fctzte Gesundheitsinformationen (Protected Health Information, PHI).In dieser Rolle ist Sapio Sciences der Verarbeiter von Kundendaten und der Kunde ist der Datenverantwortliche.<\/li>\n<\/ul>\n\n\n\n<p>Wir verarbeiten Kundendaten in \u00dcbereinstimmung mit den Anweisungen des Kunden, einschlie\u00dflich aller anwendbaren Bedingungen in der Vereinbarung zwischen dem Kunden und der Nutzung der Sapio-Funktionalit\u00e4t durch den Kunden, und in \u00dcbereinstimmung mit dem geltenden Recht. \u00a0Diese Daten k\u00f6nnen verwendet werden, um kundenspezifische Anforderungen an die Software zu erf\u00fcllen, wie z.\u00a0B. Berechnungen, Prozessverfolgung, Proben-, Lager- und Reagenzieninventar usw., um die Anweisungen des Kunden zu befolgen, der die Daten \u00fcbermittelt hat, oder um vertragliche Anforderungen mit unseren Kunden zu erf\u00fcllen. Diese Daten werden verschl\u00fcsselt, sofern sie bei Sapio gehostet werden. Die Daten befinden sich in der Kontrolle des Kunden, wenn dieser Sapio in seinen eigenen, vom Administrator kontrollierten Umgebungen installiert.<\/p>\n\n\n\n<ul class=\"wp-block-list\">\n<li><strong>Stellenbewerbungen: <\/strong>Sapio erhebt personenbezogene Daten von Bewerberinnen und Bewerbern, um offene Stellen geeignet besetzen zu k\u00f6nnen.Zu diesen Daten z\u00e4hlen Kontaktinformationen sowie Angaben zu Ausbildung, Berufserfahrung und Qualifikation.Sapio ist zu diesem Zweck der Datenverantwortliche und unsere Rechtsgrundlagen sind die Einwilligung, die Verarbeitung vor Vertragsabschluss und unser berechtigtes Interesse an der Eignungsbeurteilung von Bewerberinnen und Bewerbern.<\/li>\n\n\n\n<li><strong>Website-Besuche: <\/strong>Unsere Website verwendet Cookies, die personenbezogene Daten wie Ihre IP-Adresse erfassen k\u00f6nnen. Diese Cookies werden verwendet, um das Browsing-Erlebnis auf unserer Website zu verbessern, indem Sitzungen \u00fcber mehrere Webseiten hinweg oder f\u00fcr die Verwendung in verschiedenen Multimedien auf der Website bereitgestellt werden.Sapio ist f\u00fcr Datenschutzzwecke der Datenverantwortliche und unsere Rechtsgrundlage f\u00fcr die Erhebung ist unser berechtigtes Interesse am effizienten Betrieb unserer Websites und an der Verbesserung unserer Websites und Dienste.<\/li>\n<\/ul>\n\n\n\n<p><strong>Verwendung und Weitergabe personenbezogener Daten<\/strong><\/p>\n\n\n\n<p>Sapio Sciences nutzt eine begrenzte Anzahl von Drittanbietern zur Unterst\u00fctzung bei der Bereitstellung von Beratungs- und Hosting-Diensten. Diese Drittanbieter k\u00f6nnen vom Kunden oder von Sapio f\u00fcr Beratungs- oder IT-Dienstleistungen oder im Namen von Sapio zur Erf\u00fcllung von Gesch\u00e4ftsanforderungen vertraglich angefordert werden. Wir \u00fcbernehmen eine gewisse Haftung f\u00fcr Daten, die in unserem Auftrag an Dritte weitergegeben werden, sofern auf diese Daten nicht unrechtm\u00e4\u00dfig zugegriffen wurde. Bei den Dritten handelt es sich um folgende Unternehmen:<\/p>\n\n\n\n<ul class=\"wp-block-list\">\n<li>AWS Hosting:\u00a0<a href=\"https:\/\/aws.amazon.com\/privacy\/\">Datenschutz bei AWS<\/a><\/li>\n\n\n\n<li>Google Analytics:\u00a0<a href=\"https:\/\/policies.google.com\/privacy\">Datenschutz bei Google<\/a><\/li>\n\n\n\n<li>Zifo RnD Solutions:\u00a0<a href=\"https:\/\/www.zifornd.com\/privacy-policy.html\">Datenschutz bei Zifo<\/a><\/li>\n\n\n\n<li>Stripe:\u00a0<a href=\"https:\/\/stripe.com\/privacy\">Datenschutz bei Stripe<\/a><\/li>\n<\/ul>\n\n\n\n<p>Sapio wird keine personenbezogenen Daten an andere als diese Drittanbieter weitergeben. Diese Anbieter und Sapio befinden sich m\u00f6glicherweise in einem anderen Land als dem Ihren.Die Datenschutzgesetze in diesen L\u00e4ndern k\u00f6nnen sich von denen in Ihrem Wohnsitzland unterscheiden.Sapio ergreift geeignete Ma\u00dfnahmen, um sicherzustellen, dass die Verarbeitung und \u00dcbermittlung personenbezogener Daten im Einklang mit den anwendbaren Rechtsvorschriften erfolgt.Wenn n\u00f6tig, sorgen wir durch schriftliche Vereinbarungen, wie z.\u00a0B. Standardvertragsklauseln, f\u00fcr angemessene Schutzma\u00dfnahmen.<\/p>\n\n\n\n<p>Einzelpersonen k\u00f6nnen verlangen, dass ihre personenbezogenen Daten nicht an diese Unternehmen weitergegeben werden, indem sie sich an den Kunden wenden, der Eigent\u00fcmer der Sapio-Software ist, in der ihre Daten gespeichert sind. Alternativ k\u00f6nnen Einzelpersonen auch eine E-Mail an support@sapiosciences.com senden, um eine entsprechende Anfrage zu stellen. In diesem Fall wird Sapio den Kunden anweisen, Schritte zu unternehmen, um den Zugriff auf die personenbezogenen Daten der oder des Antragstellenden zu verhindern.<\/p>\n\n\n\n<p>Sapio wird Ihre personenbezogenen Daten nicht verkaufen.<\/p>\n\n\n\n<p><strong>Rechte betroffener Personen<\/strong><\/p>\n\n\n\n<p>Sie haben bestimmte Rechte in Bezug auf Ihre personenbezogenen Daten, obwohl einige Ausnahmen gelten k\u00f6nnen, abh\u00e4ngig von unserer Grundlage f\u00fcr die Verarbeitung Ihrer personenbezogenen Daten und den Gesetzen in Ihrem Land.Je nachdem haben Sie m\u00f6glicherweise das Recht:<\/p>\n\n\n\n<ul class=\"wp-block-list\">\n<li>Zugang zu den personenbezogenen Daten zu erhalten, die wir \u00fcber Sie gespeichert haben, oder eine Kopie davon anzufordern;<\/li>\n\n\n\n<li>uns aufzufordern, Daten zu korrigieren, die Ihrer Meinung nach ungenau oder unvollst\u00e4ndig sind;<\/li>\n\n\n\n<li>uns aufzufordern, Ihre personenbezogenen Daten zu l\u00f6schen;<\/li>\n\n\n\n<li>uns aufzufordern, die Verarbeitung Ihrer personenbezogenen Daten einzuschr\u00e4nken;<\/li>\n\n\n\n<li>der Verarbeitung Ihrer personenbezogenen Daten zu widersprechen;<\/li>\n\n\n\n<li>uns aufzufordern, Ihre personenbezogenen Daten zu \u00fcbermitteln;<\/li>\n\n\n\n<li>Ihre Einwilligung zur Verarbeitung Ihrer personenbezogenen Daten zu widerrufen, falls Sie sie erteilt haben;<\/li>\n\n\n\n<li>sich bei Ihrer \u00f6rtlichen Datenschutzbeh\u00f6rde zu beschweren, wobei wir Sie bitten, sich zun\u00e4chst an uns zu wenden.<\/li>\n<\/ul>\n\n\n\n<p>In Bezug auf Kundendaten hat Sapio nur eine begrenzte M\u00f6glichkeit, die personenbezogenen Daten einzelner Benutzerinnen oder Benutzer, die ein Kunde \u00fcber die Sapio-Software \u00fcbermittelt hat, zu identifizieren und darauf zuzugreifen. Wenn Sie den Zugang zu Ihren Daten beantragen, die Nutzung einschr\u00e4nken oder die Weitergabe einschr\u00e4nken m\u00f6chten, werden wir Ihre Anfrage zun\u00e4chst an den Kunden weiterleiten, der Ihre personenbezogenen Daten \u00fcbermittelt hat, da dieser die Zugangskontrolle zu seinen eigenen Daten verwaltet, und ihn bei Bedarf unterst\u00fctzen.<\/p>\n\n\n\n<p>Um diese Rechte auszu\u00fcben, senden Sie uns bitte eine E-Mail an <a href=\"mailto:dsar@sapiosciences.com\">dsar@sapiosciences.com<\/a>.Wenn es Einschr\u00e4nkungen gibt, werden wir jeden einzelnen Umstand pr\u00fcfen und Ihnen den Grund mitteilen, wenn wir Ihrer Anfrage nicht nachkommen k\u00f6nnen.Wie gesetzlich vorgeschrieben k\u00f6nnen wir Schritte unternehmen, um Ihre Identit\u00e4t zu \u00fcberpr\u00fcfen, bevor wir Ma\u00dfnahmen in Bezug auf Ihre personenbezogenen Daten ergreifen.<\/p>\n\n\n\n<p><strong>Aufbewahrung von Daten<\/strong><\/p>\n\n\n\n<p>Sapio bewahrt Ihre personenbezogenen Daten nur so lange auf, wie dies f\u00fcr gesetzliche, vertragliche oder gesch\u00e4ftliche Zwecke erforderlich ist.W\u00e4hrend dieser Zeitr\u00e4ume wenden wir geeignete technische und organisatorische Ma\u00dfnahmen an, um sicherzustellen, dass der Schutz Ihrer personenbezogenen Daten gewahrt bleibt.<\/p>\n\n\n\n<p><strong>Fragen oder Beschwerden<\/strong><\/p>\n\n\n\n<p>Wenn Sie Fragen dazu haben, wie wir Ihre personenbezogenen Daten sch\u00fctzen oder die Datenschutzgesetze des Landes oder Staates, in dem Sie Ihren Wohnsitz haben, einhalten, k\u00f6nnen Sie uns unter <a href=\"mailto:support@sapiosciences.com\">support@sapiosciences.com<\/a> oder unter unserer Postanschrift kontaktieren:<\/p>\n\n\n\n<p>Sapio Sciences LLC<br\/>400 East Pratt St, Suite 800<br\/>Baltimore, MD 21202, USA<br\/>United States<\/p>\n\n\n\n<p>Wir werden unser Bestes tun, um Ihr Problem zu l\u00f6sen.<\/p>\n\n\n\n<p><strong>Streitbeilegung und Schiedsgerichtsbarkeit<\/strong><\/p>\n\n\n\n<p>Wir verpflichten uns zur Zusammenarbeit mit den zust\u00e4ndigen Datenschutzbeh\u00f6rden des EWR, der Schweiz und des Vereinigten K\u00f6nigreichs in Bezug auf Daten, die aus diesen L\u00e4ndern \u00fcbermittelt werden.<\/p>\n\n\n\n<p>Bei ungel\u00f6sten Beschwerden k\u00f6nnen Sie unter Umst\u00e4nden ein verbindliches Schiedsverfahren anrufen. Davor muss jedoch eine Person mit Wohnsitz in einem EWR-Land folgende Schritte unternehmen: (1) sich mit uns in Verbindung setzen und uns die M\u00f6glichkeit geben, das Problem zu l\u00f6sen; (2) das US-Handelsministerium (Dept of Commerce) um Unterst\u00fctzung bitten (entweder direkt oder \u00fcber eine europ\u00e4ische Datenschutzbeh\u00f6rde) und dem Handelsministerium Zeit geben, sich um die L\u00f6sung des Problems zu bem\u00fchen. Wenn eine solche Person ein verbindliches Schiedsverfahren in Anspruch nimmt, tr\u00e4gt jede Partei die Kosten f\u00fcr ihre eigenen Anw\u00e4lte. Bitte beachten Sie, dass ein Schiedsverfahren nur die angemessenen personenbezogenen, nicht monet\u00e4ren Ma\u00dfnahmen auferlegen kann, die erforderlich sind, um einen Versto\u00df gegen die Datenschutzrichtlinie in Bezug auf die Person zu beheben.<\/p>\n\n\n\n<p><strong>Offenlegungspflicht<\/strong><\/p>\n\n\n\n<p>Wir k\u00f6nnen personenbezogene Daten offenlegen, wenn wir in gutem Glauben davon ausgehen, dass eine solche Ma\u00dfnahme notwendig ist, um gesetzliche Anforderungen zu erf\u00fcllen oder auf rechtm\u00e4\u00dfige Anfragen von Beh\u00f6rden zu reagieren, einschlie\u00dflich der Erf\u00fcllung nationaler Sicherheits- oder Strafverfolgungsanforderungen oder um unsere vertraglichen Verpflichtungen durchzusetzen.<\/p>\n\n\n\n<p><strong>\u00c4nderungen an dieser Datenschutzrichtlinie<\/strong><\/p>\n\n\n\n<p>Sapio beh\u00e4lt sich das Recht vor, diesen Datenschutzhinweis von Zeit zu Zeit zu \u00e4ndern. Die jeweils aktuellen Bestimmungen werden auf dieser Website ver\u00f6ffentlicht. Schauen Sie also bitte hier nach, um die neuesten Aktualisierungen zu sehen, die mit dem Datum des Inkrafttretens angegeben werden. \u00a0Ihre fortgesetzte Nutzung der Sapio Sciences-Website, von Sapio und anderen von Sapio Sciences, LLC angebotenen Diensten nach solchen \u00c4nderungen stellt (a) Ihre Anerkennung des ge\u00e4nderten Datenschutzhinweises und (b) Ihr Einverst\u00e4ndnis, diesen Hinweis zu befolgen und an ihn gebunden zu sein, dar.<\/p>\n<\/div>\n<\/section>\n","protected":false},"excerpt":{"rendered":"","protected":false},"author":3,"featured_media":0,"parent":0,"menu_order":0,"comment_status":"closed","ping_status":"closed","template":"","meta":{"_acf_changed":false,"content-type":"","inline_featured_image":false,"footnotes":""},"class_list":["post-3008","page","type-page","status-publish","hentry"],"acf":[],"yoast_head":"<!-- This site is optimized with the Yoast SEO Premium plugin v27.2 (Yoast SEO v27.2) - https:\/\/yoast.com\/product\/yoast-seo-premium-wordpress\/ -->\n<title>Datenschutzhinweis | Sapio Sciences<\/title>\n<meta name=\"robots\" content=\"index, follow, max-snippet:-1, max-image-preview:large, max-video-preview:-1\" \/>\n<link rel=\"canonical\" href=\"https:\/\/www.sapiosciences.com\/de\/datenschutzhinweis\/\" \/>\n<meta property=\"og:locale\" content=\"de_DE\" \/>\n<meta property=\"og:type\" content=\"article\" \/>\n<meta property=\"og:title\" content=\"Datenschutzhinweis\" \/>\n<meta property=\"og:url\" content=\"https:\/\/www.sapiosciences.com\/de\/datenschutzhinweis\/\" \/>\n<meta property=\"og:site_name\" content=\"Sapio Sciences\" \/>\n<meta property=\"article:modified_time\" content=\"2023-10-12T17:12:56+00:00\" \/>\n<meta property=\"og:image\" content=\"https:\/\/www.sapiosciences.com\/wp-content\/uploads\/2023\/05\/privacy-notice-pre.webp\" \/>\n<meta name=\"twitter:card\" content=\"summary_large_image\" \/>\n<meta name=\"twitter:label1\" content=\"Gesch\u00e4tzte Lesezeit\" \/>\n\t<meta name=\"twitter:data1\" content=\"7 Minuten\" \/>\n<script type=\"application\/ld+json\" class=\"yoast-schema-graph\">{\"@context\":\"https:\/\/schema.org\",\"@graph\":[{\"@type\":\"WebPage\",\"@id\":\"https:\/\/www.sapiosciences.com\/de\/datenschutzhinweis\/\",\"url\":\"https:\/\/www.sapiosciences.com\/de\/datenschutzhinweis\/\",\"name\":\"Datenschutzhinweis | Sapio Sciences\",\"isPartOf\":{\"@id\":\"https:\/\/www.sapiosciences.com\/de\/#website\"},\"primaryImageOfPage\":{\"@id\":\"https:\/\/www.sapiosciences.com\/de\/datenschutzhinweis\/#primaryimage\"},\"image\":{\"@id\":\"https:\/\/www.sapiosciences.com\/de\/datenschutzhinweis\/#primaryimage\"},\"thumbnailUrl\":\"https:\/\/www.sapiosciences.com\/wp-content\/uploads\/2023\/05\/privacy-notice-pre.webp\",\"datePublished\":\"2023-05-05T18:38:04+00:00\",\"dateModified\":\"2023-10-12T17:12:56+00:00\",\"breadcrumb\":{\"@id\":\"https:\/\/www.sapiosciences.com\/de\/datenschutzhinweis\/#breadcrumb\"},\"inLanguage\":\"de-DE\",\"potentialAction\":[{\"@type\":\"ReadAction\",\"target\":[\"https:\/\/www.sapiosciences.com\/de\/datenschutzhinweis\/\"]}]},{\"@type\":\"ImageObject\",\"inLanguage\":\"de-DE\",\"@id\":\"https:\/\/www.sapiosciences.com\/de\/datenschutzhinweis\/#primaryimage\",\"url\":\"https:\/\/www.sapiosciences.com\/wp-content\/uploads\/2023\/05\/privacy-notice-pre.webp\",\"contentUrl\":\"https:\/\/www.sapiosciences.com\/wp-content\/uploads\/2023\/05\/privacy-notice-pre.webp\"},{\"@type\":\"BreadcrumbList\",\"@id\":\"https:\/\/www.sapiosciences.com\/de\/datenschutzhinweis\/#breadcrumb\",\"itemListElement\":[{\"@type\":\"ListItem\",\"position\":1,\"name\":\"Home\",\"item\":\"https:\/\/www.sapiosciences.com\/de\/\"},{\"@type\":\"ListItem\",\"position\":2,\"name\":\"Datenschutzhinweis\"}]},{\"@type\":\"WebSite\",\"@id\":\"https:\/\/www.sapiosciences.com\/de\/#website\",\"url\":\"https:\/\/www.sapiosciences.com\/de\/\",\"name\":\"Sapio Sciences\",\"description\":\"Im Herzen der Wissenschaft.\",\"publisher\":{\"@id\":\"https:\/\/www.sapiosciences.com\/de\/#organization\"},\"potentialAction\":[{\"@type\":\"SearchAction\",\"target\":{\"@type\":\"EntryPoint\",\"urlTemplate\":\"https:\/\/www.sapiosciences.com\/de\/?s={search_term_string}\"},\"query-input\":{\"@type\":\"PropertyValueSpecification\",\"valueRequired\":true,\"valueName\":\"search_term_string\"}}],\"inLanguage\":\"de-DE\"},{\"@type\":\"Organization\",\"@id\":\"https:\/\/www.sapiosciences.com\/de\/#organization\",\"name\":\"Sapio Sciences\",\"url\":\"https:\/\/www.sapiosciences.com\/de\/\",\"logo\":{\"@type\":\"ImageObject\",\"inLanguage\":\"de-DE\",\"@id\":\"https:\/\/www.sapiosciences.com\/de\/#\/schema\/logo\/image\/\",\"url\":\"https:\/\/www.sapiosciences.com\/wp-content\/uploads\/2023\/09\/sapio-sciences-logo-color.png\",\"contentUrl\":\"https:\/\/www.sapiosciences.com\/wp-content\/uploads\/2023\/09\/sapio-sciences-logo-color.png\",\"width\":290,\"height\":88,\"caption\":\"Sapio Sciences\"},\"image\":{\"@id\":\"https:\/\/www.sapiosciences.com\/de\/#\/schema\/logo\/image\/\"}}]}<\/script>\n<!-- \/ Yoast SEO Premium plugin. -->","yoast_head_json":{"title":"Datenschutzhinweis | Sapio Sciences","robots":{"index":"index","follow":"follow","max-snippet":"max-snippet:-1","max-image-preview":"max-image-preview:large","max-video-preview":"max-video-preview:-1"},"canonical":"https:\/\/www.sapiosciences.com\/de\/datenschutzhinweis\/","og_locale":"de_DE","og_type":"article","og_title":"Datenschutzhinweis","og_url":"https:\/\/www.sapiosciences.com\/de\/datenschutzhinweis\/","og_site_name":"Sapio Sciences","article_modified_time":"2023-10-12T17:12:56+00:00","og_image":[{"url":"https:\/\/www.sapiosciences.com\/wp-content\/uploads\/2023\/05\/privacy-notice-pre.webp","type":"","width":"","height":""}],"twitter_card":"summary_large_image","twitter_misc":{"Gesch\u00e4tzte Lesezeit":"7 Minuten"},"schema":{"@context":"https:\/\/schema.org","@graph":[{"@type":"WebPage","@id":"https:\/\/www.sapiosciences.com\/de\/datenschutzhinweis\/","url":"https:\/\/www.sapiosciences.com\/de\/datenschutzhinweis\/","name":"Datenschutzhinweis | Sapio Sciences","isPartOf":{"@id":"https:\/\/www.sapiosciences.com\/de\/#website"},"primaryImageOfPage":{"@id":"https:\/\/www.sapiosciences.com\/de\/datenschutzhinweis\/#primaryimage"},"image":{"@id":"https:\/\/www.sapiosciences.com\/de\/datenschutzhinweis\/#primaryimage"},"thumbnailUrl":"https:\/\/www.sapiosciences.com\/wp-content\/uploads\/2023\/05\/privacy-notice-pre.webp","datePublished":"2023-05-05T18:38:04+00:00","dateModified":"2023-10-12T17:12:56+00:00","breadcrumb":{"@id":"https:\/\/www.sapiosciences.com\/de\/datenschutzhinweis\/#breadcrumb"},"inLanguage":"de-DE","potentialAction":[{"@type":"ReadAction","target":["https:\/\/www.sapiosciences.com\/de\/datenschutzhinweis\/"]}]},{"@type":"ImageObject","inLanguage":"de-DE","@id":"https:\/\/www.sapiosciences.com\/de\/datenschutzhinweis\/#primaryimage","url":"https:\/\/www.sapiosciences.com\/wp-content\/uploads\/2023\/05\/privacy-notice-pre.webp","contentUrl":"https:\/\/www.sapiosciences.com\/wp-content\/uploads\/2023\/05\/privacy-notice-pre.webp"},{"@type":"BreadcrumbList","@id":"https:\/\/www.sapiosciences.com\/de\/datenschutzhinweis\/#breadcrumb","itemListElement":[{"@type":"ListItem","position":1,"name":"Home","item":"https:\/\/www.sapiosciences.com\/de\/"},{"@type":"ListItem","position":2,"name":"Datenschutzhinweis"}]},{"@type":"WebSite","@id":"https:\/\/www.sapiosciences.com\/de\/#website","url":"https:\/\/www.sapiosciences.com\/de\/","name":"Sapio Sciences","description":"Im Herzen der Wissenschaft.","publisher":{"@id":"https:\/\/www.sapiosciences.com\/de\/#organization"},"potentialAction":[{"@type":"SearchAction","target":{"@type":"EntryPoint","urlTemplate":"https:\/\/www.sapiosciences.com\/de\/?s={search_term_string}"},"query-input":{"@type":"PropertyValueSpecification","valueRequired":true,"valueName":"search_term_string"}}],"inLanguage":"de-DE"},{"@type":"Organization","@id":"https:\/\/www.sapiosciences.com\/de\/#organization","name":"Sapio Sciences","url":"https:\/\/www.sapiosciences.com\/de\/","logo":{"@type":"ImageObject","inLanguage":"de-DE","@id":"https:\/\/www.sapiosciences.com\/de\/#\/schema\/logo\/image\/","url":"https:\/\/www.sapiosciences.com\/wp-content\/uploads\/2023\/09\/sapio-sciences-logo-color.png","contentUrl":"https:\/\/www.sapiosciences.com\/wp-content\/uploads\/2023\/09\/sapio-sciences-logo-color.png","width":290,"height":88,"caption":"Sapio Sciences"},"image":{"@id":"https:\/\/www.sapiosciences.com\/de\/#\/schema\/logo\/image\/"}}]}},"_links":{"self":[{"href":"https:\/\/www.sapiosciences.com\/de\/wp-json\/wp\/v2\/pages\/3008","targetHints":{"allow":["GET"]}}],"collection":[{"href":"https:\/\/www.sapiosciences.com\/de\/wp-json\/wp\/v2\/pages"}],"about":[{"href":"https:\/\/www.sapiosciences.com\/de\/wp-json\/wp\/v2\/types\/page"}],"author":[{"embeddable":true,"href":"https:\/\/www.sapiosciences.com\/de\/wp-json\/wp\/v2\/users\/3"}],"replies":[{"embeddable":true,"href":"https:\/\/www.sapiosciences.com\/de\/wp-json\/wp\/v2\/comments?post=3008"}],"version-history":[{"count":0,"href":"https:\/\/www.sapiosciences.com\/de\/wp-json\/wp\/v2\/pages\/3008\/revisions"}],"wp:attachment":[{"href":"https:\/\/www.sapiosciences.com\/de\/wp-json\/wp\/v2\/media?parent=3008"}],"curies":[{"name":"wp","href":"https:\/\/api.w.org\/{rel}","templated":true}]}}